{"id":3894,"date":"2015-05-23T17:08:50","date_gmt":"2015-05-23T17:08:50","guid":{"rendered":"http:\/\/iberice.com\/flex-fun-services-2\/"},"modified":"2015-09-24T17:36:35","modified_gmt":"2015-09-24T17:36:35","slug":"servicos-flex-fun","status":"publish","type":"page","link":"https:\/\/iberice.com\/pt-pt\/servicos-flex-fun\/","title":{"rendered":"Servi\u00e7os Flex Fun"},"content":{"rendered":"<div class=\"wpb-content-wrapper\"><p>[vc_row][vc_column width=&#8221;1\/1&#8243;][\/vc_column][\/vc_row][vc_row][vc_column width=&#8221;1\/2&#8243;][vc_column_text]<\/p>\n<h1 style=\"text-align: left;\">SERVI\u00c7OS FLEX FUN<\/h1>\n<h4>A Pista de Gelo\u00a0Divertida e Ultra-M\u00f3vel.<\/h4>\n<p>&nbsp;<\/p>\n<h2><strong>SUPERVIS\u00c3O<\/strong> DA INSTALA\u00c7\u00c3O<\/h2>\n<p>Providenci\u00e1mos um t\u00e9cnico qualificado para\u00a0monitorizar, acompanhar e ajudar em todo o processo\u00a0de instala\u00e7\u00e3o da sua pista de gelo.<br \/>\nProvidenci\u00e1mos treino espec\u00edfico aos membros da sua\u00a0equipa no que respeita \u00e0 instala\u00e7\u00e3o\/desmontagem bem\u00a0como manuten\u00e7\u00e3o.<\/p>\n<p>&nbsp;<\/p>\n<h2><strong>INCENTIVO \u00c0 INSTALA\u00c7\u00c3O<\/strong> PR\u00d3PRIA<\/h2>\n<p>Providenci\u00e1mos o apoio t\u00e9cnico e toda a informa\u00e7\u00e3o\u00a0necess\u00e1ria de modo a que a sua equipa seja capaz de\u00a0instalar sozinha toda\u00a0a pista de gelo.<\/p>\n<p>&nbsp;<\/p>\n<h2><strong>TREINO<\/strong> DE <strong>OPERA\u00c7\u00c3O<\/strong> E <strong>MANUTEN\u00c7\u00c3O<\/strong><\/h2>\n<p>Providenci\u00e1mos treino espec\u00edfico para a sua equipa de\u00a0modo a que trabalhem na perfei\u00e7\u00e3o com o equipamento\u00a0de gelo e os kits.[\/vc_column_text][\/vc_column][vc_column width=&#8221;1\/2&#8243;][vc_column_text]<\/p>\n<p style=\"text-align: center;\"><img class=\"lazyload size-full wp-image-3539\" data-original=\"http:\/\/iberice.com\/wp-content\/uploads\/2015\/06\/service.jpg\" alt=\"\" width=\"703\" height=\"559\" \/><\/p>\n<p style=\"text-align: center;\"><a class=\"omsc-button omsc-no-custom-hover omsc-size-large omsc-style-flat omsc-text-bright\" href=\"http:\/\/iberice.com\/pt-pt\/peca-um-orcamento\/\" target=\"_parent\" style=\"color:#ffffff\">PE\u00c7A UM OR\u00c7AMENTO<\/a><a class=\"omsc-button omsc-custom-hover omsc-size-large omsc-style-flat omsc-text-bright\" href=\"http:\/\/iberice.com\/pt-pt\/seja-nosso-parceiro\/\" target=\"_parent\" style=\"background-color:#005f8a;border-color:#005f8a;color:#ffffff\" data-hover-bg-color=\"#4d8fad\" data-hover-text-color=\"#ffffff\" data-hover-border-color=\"#4d8fad\">SEJA NOSSO PARCEIRO<\/a><\/p>\n<p>[\/vc_column_text][\/vc_column][\/vc_row][vc_row][vc_column width=&#8221;1\/1&#8243;][\/vc_column][\/vc_row][vc_row css=&#8221;.vc_custom_1432503483069{margin-bottom: 0px !important;padding-top: 55px !important;padding-bottom: 55px !important;background-color: #005f8a !important;}&#8221; full_width=&#8221;stretch_row&#8221;][vc_column width=&#8221;1\/1&#8243;][vc_column_text]<\/p>\n<h1 style=\"text-align: center;\"><span style=\"color: #ffffff;\"><strong>FLEXIBILIDADE<\/strong> E <strong>DIVERS\u00c3O<\/strong> EM GELO<\/span><\/h1>\n<h4 style=\"text-align: center;\">COM EXCELENTES SOLU\u00c7\u00d5ES DE GELO<\/h4>\n<p style=\"text-align: center;\"><div style=\"max-width:600px;margin:0 auto\"><div class=\"omsc-responsive-box omsc-responsive-box-video\"><iframe loading=\"lazy\" src=\"https:\/\/www.youtube.com\/embed\/ToWo9iAnHVw?rel=0&amp;showinfo=0\" width=\"600\" height=\"338\" frameborder=\"0\" allowfullscreen=\"allowfullscreen\"><\/iframe><\/div><\/div>\n<p>[\/vc_column_text][\/vc_column][\/vc_row]<\/p>\n<\/div>","protected":false},"excerpt":{"rendered":"<p>[vc_row][vc_column width=&#8221;1\/1&#8243;][\/vc_column][\/vc_row][vc_row][vc_column width=&#8221;1\/2&#8243;][vc_column_text] SERVI\u00c7OS FLEX FUN A Pista de Gelo\u00a0Divertida e Ultra-M\u00f3vel. &nbsp; SUPERVIS\u00c3O DA INSTALA\u00c7\u00c3O Providenci\u00e1mos um t\u00e9cnico qualificado para\u00a0monitorizar, acompanhar e ajudar em&hellip;<\/p>\n<p><a href=\"https:\/\/iberice.com\/pt-pt\/servicos-flex-fun\/\" class=\"more-link post-excerpt-readmore\">Read more<\/a><\/p>\n","protected":false},"author":1,"featured_media":0,"parent":0,"menu_order":11,"comment_status":"open","ping_status":"open","template":"","meta":{"_exactmetrics_skip_tracking":false,"_exactmetrics_sitenote_active":false,"_exactmetrics_sitenote_note":"","_exactmetrics_sitenote_category":0,"footnotes":""},"class_list":["post-3894","page","type-page","status-publish","hentry"],"yoast_head":"<!-- This site is optimized with the Yoast SEO plugin v27.5 - https:\/\/yoast.com\/product\/yoast-seo-wordpress\/ -->\n<title>Servi\u00e7os Flex Fun - Iberice<\/title>\n<meta name=\"robots\" content=\"index, follow, max-snippet:-1, max-image-preview:large, max-video-preview:-1\" \/>\n<link rel=\"canonical\" href=\"https:\/\/iberice.com\/pt-pt\/servicos-flex-fun\/\" \/>\n<meta property=\"og:locale\" content=\"pt_PT\" \/>\n<meta property=\"og:type\" content=\"article\" \/>\n<meta property=\"og:title\" content=\"We are Flexfun Services\" \/>\n<meta property=\"og:description\" content=\"Installation Supervision - Further Own Installation - Operate and Manage Training\" \/>\n<meta property=\"og:url\" content=\"https:\/\/iberice.com\/pt-pt\/servicos-flex-fun\/\" \/>\n<meta property=\"og:site_name\" content=\"Iberice\" \/>\n<meta property=\"article:publisher\" content=\"https:\/\/www.facebook.com\/IberIce.IceSolutions\" \/>\n<meta property=\"article:modified_time\" content=\"2015-09-24T17:36:35+00:00\" \/>\n<meta property=\"og:image\" content=\"http:\/\/iberice.com\/wp-content\/uploads\/2015\/05\/services.png\" \/>\n<meta name=\"twitter:card\" content=\"summary_large_image\" \/>\n<meta name=\"twitter:label1\" content=\"Tempo estimado de leitura\" \/>\n\t<meta name=\"twitter:data1\" content=\"1 minuto\" \/>\n<script type=\"application\/ld+json\" class=\"yoast-schema-graph\">{\"@context\":\"https:\\\/\\\/schema.org\",\"@graph\":[{\"@type\":\"WebPage\",\"@id\":\"https:\\\/\\\/iberice.com\\\/pt-pt\\\/servicos-flex-fun\\\/\",\"url\":\"https:\\\/\\\/iberice.com\\\/pt-pt\\\/servicos-flex-fun\\\/\",\"name\":\"Servi\u00e7os Flex Fun - Iberice\",\"isPartOf\":{\"@id\":\"https:\\\/\\\/iberice.com\\\/pt-pt\\\/#website\"},\"primaryImageOfPage\":{\"@id\":\"https:\\\/\\\/iberice.com\\\/pt-pt\\\/servicos-flex-fun\\\/#primaryimage\"},\"image\":{\"@id\":\"https:\\\/\\\/iberice.com\\\/pt-pt\\\/servicos-flex-fun\\\/#primaryimage\"},\"thumbnailUrl\":\"http:\\\/\\\/iberice.com\\\/wp-content\\\/uploads\\\/2015\\\/06\\\/service.jpg\",\"datePublished\":\"2015-05-23T17:08:50+00:00\",\"dateModified\":\"2015-09-24T17:36:35+00:00\",\"breadcrumb\":{\"@id\":\"https:\\\/\\\/iberice.com\\\/pt-pt\\\/servicos-flex-fun\\\/#breadcrumb\"},\"inLanguage\":\"pt-PT\",\"potentialAction\":[{\"@type\":\"ReadAction\",\"target\":[\"https:\\\/\\\/iberice.com\\\/pt-pt\\\/servicos-flex-fun\\\/\"]}]},{\"@type\":\"ImageObject\",\"inLanguage\":\"pt-PT\",\"@id\":\"https:\\\/\\\/iberice.com\\\/pt-pt\\\/servicos-flex-fun\\\/#primaryimage\",\"url\":\"http:\\\/\\\/iberice.com\\\/wp-content\\\/uploads\\\/2015\\\/06\\\/service.jpg\",\"contentUrl\":\"http:\\\/\\\/iberice.com\\\/wp-content\\\/uploads\\\/2015\\\/06\\\/service.jpg\"},{\"@type\":\"BreadcrumbList\",\"@id\":\"https:\\\/\\\/iberice.com\\\/pt-pt\\\/servicos-flex-fun\\\/#breadcrumb\",\"itemListElement\":[{\"@type\":\"ListItem\",\"position\":1,\"name\":\"Home\",\"item\":\"https:\\\/\\\/iberice.com\\\/fr\\\/\"},{\"@type\":\"ListItem\",\"position\":2,\"name\":\"Servi\u00e7os Flex Fun\"}]},{\"@type\":\"WebSite\",\"@id\":\"https:\\\/\\\/iberice.com\\\/pt-pt\\\/#website\",\"url\":\"https:\\\/\\\/iberice.com\\\/pt-pt\\\/\",\"name\":\"Iberice\",\"description\":\"Iberice - Flex Fun Ice\",\"potentialAction\":[{\"@type\":\"SearchAction\",\"target\":{\"@type\":\"EntryPoint\",\"urlTemplate\":\"https:\\\/\\\/iberice.com\\\/pt-pt\\\/?s={search_term_string}\"},\"query-input\":{\"@type\":\"PropertyValueSpecification\",\"valueRequired\":true,\"valueName\":\"search_term_string\"}}],\"inLanguage\":\"pt-PT\"}]}<\/script>\n<!-- \/ Yoast SEO plugin. -->","yoast_head_json":{"title":"Servi\u00e7os Flex Fun - Iberice","robots":{"index":"index","follow":"follow","max-snippet":"max-snippet:-1","max-image-preview":"max-image-preview:large","max-video-preview":"max-video-preview:-1"},"canonical":"https:\/\/iberice.com\/pt-pt\/servicos-flex-fun\/","og_locale":"pt_PT","og_type":"article","og_title":"We are Flexfun Services","og_description":"Installation Supervision - Further Own Installation - Operate and Manage Training","og_url":"https:\/\/iberice.com\/pt-pt\/servicos-flex-fun\/","og_site_name":"Iberice","article_publisher":"https:\/\/www.facebook.com\/IberIce.IceSolutions","article_modified_time":"2015-09-24T17:36:35+00:00","og_image":[{"url":"http:\/\/iberice.com\/wp-content\/uploads\/2015\/05\/services.png","type":"","width":"","height":""}],"twitter_card":"summary_large_image","twitter_misc":{"Tempo estimado de leitura":"1 minuto"},"schema":{"@context":"https:\/\/schema.org","@graph":[{"@type":"WebPage","@id":"https:\/\/iberice.com\/pt-pt\/servicos-flex-fun\/","url":"https:\/\/iberice.com\/pt-pt\/servicos-flex-fun\/","name":"Servi\u00e7os Flex Fun - Iberice","isPartOf":{"@id":"https:\/\/iberice.com\/pt-pt\/#website"},"primaryImageOfPage":{"@id":"https:\/\/iberice.com\/pt-pt\/servicos-flex-fun\/#primaryimage"},"image":{"@id":"https:\/\/iberice.com\/pt-pt\/servicos-flex-fun\/#primaryimage"},"thumbnailUrl":"http:\/\/iberice.com\/wp-content\/uploads\/2015\/06\/service.jpg","datePublished":"2015-05-23T17:08:50+00:00","dateModified":"2015-09-24T17:36:35+00:00","breadcrumb":{"@id":"https:\/\/iberice.com\/pt-pt\/servicos-flex-fun\/#breadcrumb"},"inLanguage":"pt-PT","potentialAction":[{"@type":"ReadAction","target":["https:\/\/iberice.com\/pt-pt\/servicos-flex-fun\/"]}]},{"@type":"ImageObject","inLanguage":"pt-PT","@id":"https:\/\/iberice.com\/pt-pt\/servicos-flex-fun\/#primaryimage","url":"http:\/\/iberice.com\/wp-content\/uploads\/2015\/06\/service.jpg","contentUrl":"http:\/\/iberice.com\/wp-content\/uploads\/2015\/06\/service.jpg"},{"@type":"BreadcrumbList","@id":"https:\/\/iberice.com\/pt-pt\/servicos-flex-fun\/#breadcrumb","itemListElement":[{"@type":"ListItem","position":1,"name":"Home","item":"https:\/\/iberice.com\/fr\/"},{"@type":"ListItem","position":2,"name":"Servi\u00e7os Flex Fun"}]},{"@type":"WebSite","@id":"https:\/\/iberice.com\/pt-pt\/#website","url":"https:\/\/iberice.com\/pt-pt\/","name":"Iberice","description":"Iberice - Flex Fun Ice","potentialAction":[{"@type":"SearchAction","target":{"@type":"EntryPoint","urlTemplate":"https:\/\/iberice.com\/pt-pt\/?s={search_term_string}"},"query-input":{"@type":"PropertyValueSpecification","valueRequired":true,"valueName":"search_term_string"}}],"inLanguage":"pt-PT"}]}},"_links":{"self":[{"href":"https:\/\/iberice.com\/pt-pt\/wp-json\/wp\/v2\/pages\/3894","targetHints":{"allow":["GET"]}}],"collection":[{"href":"https:\/\/iberice.com\/pt-pt\/wp-json\/wp\/v2\/pages"}],"about":[{"href":"https:\/\/iberice.com\/pt-pt\/wp-json\/wp\/v2\/types\/page"}],"author":[{"embeddable":true,"href":"https:\/\/iberice.com\/pt-pt\/wp-json\/wp\/v2\/users\/1"}],"replies":[{"embeddable":true,"href":"https:\/\/iberice.com\/pt-pt\/wp-json\/wp\/v2\/comments?post=3894"}],"version-history":[{"count":9,"href":"https:\/\/iberice.com\/pt-pt\/wp-json\/wp\/v2\/pages\/3894\/revisions"}],"predecessor-version":[{"id":4287,"href":"https:\/\/iberice.com\/pt-pt\/wp-json\/wp\/v2\/pages\/3894\/revisions\/4287"}],"wp:attachment":[{"href":"https:\/\/iberice.com\/pt-pt\/wp-json\/wp\/v2\/media?parent=3894"}],"curies":[{"name":"wp","href":"https:\/\/api.w.org\/{rel}","templated":true}]}}