{"id":3878,"date":"2015-05-23T17:19:02","date_gmt":"2015-05-23T17:19:02","guid":{"rendered":"http:\/\/iberice.com\/business-we-serve-2\/"},"modified":"2015-09-24T17:33:14","modified_gmt":"2015-09-24T17:33:14","slug":"que-negocios-servimos","status":"publish","type":"page","link":"https:\/\/iberice.com\/pt-pt\/que-negocios-servimos\/","title":{"rendered":"Que Neg\u00f3cios Servimos?"},"content":{"rendered":"<div class=\"wpb-content-wrapper\"><p>[vc_row][vc_column width=&#8221;1\/1&#8243;][\/vc_column][\/vc_row][vc_row][vc_column width=&#8221;1\/2&#8243;][vc_column_text]<\/p>\n<h1 style=\"text-align: left;\">QUE NEG\u00d3CIOS SERVIMOS?<\/h1>\n<h3>Os nossos produtos s\u00e3o projectados para ajudar:<\/h3>\n<p><i class=\"omsc-icon fa fa-chevron-circle-right fa-lg\" style=\"color:#005f8a\"><\/i>\u00a0 <strong>A Ind\u00fastria de Eventos:<\/strong> Fornecedores de Equipamentos e Servi\u00e7os;<\/p>\n<p><i class=\"omsc-icon fa fa-chevron-circle-right fa-lg\" style=\"color:#005f8a\"><\/i>\u00a0 <strong>Organizadores de Eventos:<\/strong> Ag\u00eancias de Eventos e Marketing;<\/p>\n<p><i class=\"omsc-icon fa fa-chevron-circle-right fa-lg\" style=\"color:#005f8a\"><\/i>\u00a0 <strong>Empresas de Constru\u00e7\u00e3o:<\/strong> Engenharia e Infra-estrutura;<\/p>\n<p>&nbsp;<\/p>\n<h1 style=\"text-align: left;\">SECTORES E APLICA\u00c7\u00d5ES?<\/h1>\n<h3>As nossas pistas de gelo\u00a0s\u00e3o uma\u00a0solu\u00e7\u00e3o rent\u00e1vel para:<\/h3>\n<p><i class=\"omsc-icon fa fa-chevron-circle-right fa-lg\" style=\"color:#005f8a\"><\/i> Centros Comerciais, Ind\u00fastria de Retalho;<\/p>\n<p><i class=\"omsc-icon fa fa-chevron-circle-right fa-lg\" style=\"color:#005f8a\"><\/i> Espa\u00e7os P\u00fablicos, Munic\u00edpios, Espa\u00e7os de Lazer;<\/p>\n<p><i class=\"omsc-icon fa fa-chevron-circle-right fa-lg\" style=\"color:#005f8a\"><\/i> Parques Tem\u00e1ticos, Hot\u00e9is &amp; Resorts, CEF;<\/p>\n<p><i class=\"omsc-icon fa fa-chevron-circle-right fa-lg\" style=\"color:#005f8a\"><\/i> Ind\u00fastria de Publicidade e Cinema;<\/p>\n<p>&nbsp;<\/p>\n<p style=\"text-align: left;\"><a class=\"omsc-button omsc-no-custom-hover omsc-size-large omsc-style-flat omsc-text-bright\" href=\"http:\/\/iberice.com\/pt-pt\/peca-um-orcamento\/\" target=\"_parent\" style=\"color:#ffffff\">PE\u00c7A UM OR\u00c7AMENTO<\/a><a class=\"omsc-button omsc-custom-hover omsc-size-large omsc-style-flat omsc-text-bright\" href=\"http:\/\/iberice.com\/pt-pt\/seja-nosso-parceiro\/\" target=\"_parent\" style=\"background-color:#005f8a;border-color:#005f8a;color:#ffffff\" data-hover-bg-color=\"#4d8fad\" data-hover-text-color=\"#ffffff\" data-hover-border-color=\"#4d8fad\">SEJA NOSSO PARCEIRO<\/a><\/p>\n<p>[\/vc_column_text][\/vc_column][vc_column width=&#8221;1\/2&#8243;][vc_column_text]<img class=\"lazyload size-full wp-image-3545 aligncenter\" data-original=\"http:\/\/iberice.com\/wp-content\/uploads\/2015\/06\/we_serve.jpg\" alt=\"\" width=\"781\" height=\"586\" \/>[\/vc_column_text][\/vc_column][\/vc_row][vc_row css=&#8221;.vc_custom_1432503483069{margin-bottom: 0px !important;padding-top: 55px !important;padding-bottom: 55px !important;background-color: #005f8a !important;}&#8221; full_width=&#8221;stretch_row&#8221;][vc_column width=&#8221;1\/1&#8243;][vc_column_text]<\/p>\n<h1 style=\"text-align: center;\"><span style=\"color: #ffffff;\"><strong>FLEXIBILIDADE<\/strong> E <strong>DIVERS\u00c3O<\/strong> EM GELO<\/span><\/h1>\n<h4 style=\"text-align: center;\">COM EXCELENTES SOLU\u00c7\u00d5ES DE GELO<\/h4>\n<p style=\"text-align: center;\"><div style=\"max-width:600px;margin:0 auto\"><div class=\"omsc-responsive-box omsc-responsive-box-video\"><iframe loading=\"lazy\" src=\"https:\/\/www.youtube.com\/embed\/ToWo9iAnHVw?rel=0&amp;showinfo=0\" width=\"600\" height=\"338\" frameborder=\"0\" allowfullscreen=\"allowfullscreen\"><\/iframe><\/div><\/div>\n<p>[\/vc_column_text][\/vc_column][\/vc_row]<\/p>\n<\/div>","protected":false},"excerpt":{"rendered":"<p>[vc_row][vc_column width=&#8221;1\/1&#8243;][\/vc_column][\/vc_row][vc_row][vc_column width=&#8221;1\/2&#8243;][vc_column_text] QUE NEG\u00d3CIOS SERVIMOS? Os nossos produtos s\u00e3o projectados para ajudar: \u00a0 A Ind\u00fastria de Eventos: Fornecedores de Equipamentos e Servi\u00e7os; \u00a0 Organizadores&hellip;<\/p>\n<p><a href=\"https:\/\/iberice.com\/pt-pt\/que-negocios-servimos\/\" class=\"more-link post-excerpt-readmore\">Read more<\/a><\/p>\n","protected":false},"author":1,"featured_media":0,"parent":0,"menu_order":9,"comment_status":"open","ping_status":"open","template":"","meta":{"_exactmetrics_skip_tracking":false,"_exactmetrics_sitenote_active":false,"_exactmetrics_sitenote_note":"","_exactmetrics_sitenote_category":0,"footnotes":""},"class_list":["post-3878","page","type-page","status-publish","hentry"],"yoast_head":"<!-- This site is optimized with the Yoast SEO plugin v27.3 - https:\/\/yoast.com\/product\/yoast-seo-wordpress\/ -->\n<title>Que Neg\u00f3cios Servimos? - Iberice<\/title>\n<meta name=\"robots\" content=\"index, follow, max-snippet:-1, max-image-preview:large, max-video-preview:-1\" \/>\n<link rel=\"canonical\" href=\"https:\/\/iberice.com\/pt-pt\/que-negocios-servimos\/\" \/>\n<meta property=\"og:locale\" content=\"pt_PT\" \/>\n<meta property=\"og:type\" content=\"article\" \/>\n<meta property=\"og:title\" content=\"Which Businesses We Serve?\" \/>\n<meta property=\"og:description\" content=\"Event Industry: Equipment and Services Suppliers; - Event Organisers: Event and Marketing Agencies; - Construction Companies: Engineering and Infrastructure;\" \/>\n<meta property=\"og:url\" content=\"https:\/\/iberice.com\/pt-pt\/que-negocios-servimos\/\" \/>\n<meta property=\"og:site_name\" content=\"Iberice\" \/>\n<meta property=\"article:publisher\" content=\"https:\/\/www.facebook.com\/IberIce.IceSolutions\" \/>\n<meta property=\"article:modified_time\" content=\"2015-09-24T17:33:14+00:00\" \/>\n<meta property=\"og:image\" content=\"http:\/\/iberice.com\/wp-content\/uploads\/2015\/05\/we_serve.png\" \/>\n<meta name=\"twitter:card\" content=\"summary_large_image\" \/>\n<meta name=\"twitter:label1\" content=\"Tempo estimado de leitura\" \/>\n\t<meta name=\"twitter:data1\" content=\"1 minuto\" \/>\n<script type=\"application\/ld+json\" class=\"yoast-schema-graph\">{\"@context\":\"https:\\\/\\\/schema.org\",\"@graph\":[{\"@type\":\"WebPage\",\"@id\":\"https:\\\/\\\/iberice.com\\\/pt-pt\\\/que-negocios-servimos\\\/\",\"url\":\"https:\\\/\\\/iberice.com\\\/pt-pt\\\/que-negocios-servimos\\\/\",\"name\":\"Que Neg\u00f3cios Servimos? - Iberice\",\"isPartOf\":{\"@id\":\"https:\\\/\\\/iberice.com\\\/pt-pt\\\/#website\"},\"primaryImageOfPage\":{\"@id\":\"https:\\\/\\\/iberice.com\\\/pt-pt\\\/que-negocios-servimos\\\/#primaryimage\"},\"image\":{\"@id\":\"https:\\\/\\\/iberice.com\\\/pt-pt\\\/que-negocios-servimos\\\/#primaryimage\"},\"thumbnailUrl\":\"http:\\\/\\\/iberice.com\\\/wp-content\\\/uploads\\\/2015\\\/06\\\/we_serve.jpg\",\"datePublished\":\"2015-05-23T17:19:02+00:00\",\"dateModified\":\"2015-09-24T17:33:14+00:00\",\"breadcrumb\":{\"@id\":\"https:\\\/\\\/iberice.com\\\/pt-pt\\\/que-negocios-servimos\\\/#breadcrumb\"},\"inLanguage\":\"pt-PT\",\"potentialAction\":[{\"@type\":\"ReadAction\",\"target\":[\"https:\\\/\\\/iberice.com\\\/pt-pt\\\/que-negocios-servimos\\\/\"]}]},{\"@type\":\"ImageObject\",\"inLanguage\":\"pt-PT\",\"@id\":\"https:\\\/\\\/iberice.com\\\/pt-pt\\\/que-negocios-servimos\\\/#primaryimage\",\"url\":\"http:\\\/\\\/iberice.com\\\/wp-content\\\/uploads\\\/2015\\\/06\\\/we_serve.jpg\",\"contentUrl\":\"http:\\\/\\\/iberice.com\\\/wp-content\\\/uploads\\\/2015\\\/06\\\/we_serve.jpg\"},{\"@type\":\"BreadcrumbList\",\"@id\":\"https:\\\/\\\/iberice.com\\\/pt-pt\\\/que-negocios-servimos\\\/#breadcrumb\",\"itemListElement\":[{\"@type\":\"ListItem\",\"position\":1,\"name\":\"Home\",\"item\":\"https:\\\/\\\/iberice.com\\\/fr\\\/\"},{\"@type\":\"ListItem\",\"position\":2,\"name\":\"Que Neg\u00f3cios Servimos?\"}]},{\"@type\":\"WebSite\",\"@id\":\"https:\\\/\\\/iberice.com\\\/pt-pt\\\/#website\",\"url\":\"https:\\\/\\\/iberice.com\\\/pt-pt\\\/\",\"name\":\"Iberice\",\"description\":\"Iberice - Flex Fun Ice\",\"potentialAction\":[{\"@type\":\"SearchAction\",\"target\":{\"@type\":\"EntryPoint\",\"urlTemplate\":\"https:\\\/\\\/iberice.com\\\/pt-pt\\\/?s={search_term_string}\"},\"query-input\":{\"@type\":\"PropertyValueSpecification\",\"valueRequired\":true,\"valueName\":\"search_term_string\"}}],\"inLanguage\":\"pt-PT\"}]}<\/script>\n<!-- \/ Yoast SEO plugin. -->","yoast_head_json":{"title":"Que Neg\u00f3cios Servimos? - Iberice","robots":{"index":"index","follow":"follow","max-snippet":"max-snippet:-1","max-image-preview":"max-image-preview:large","max-video-preview":"max-video-preview:-1"},"canonical":"https:\/\/iberice.com\/pt-pt\/que-negocios-servimos\/","og_locale":"pt_PT","og_type":"article","og_title":"Which Businesses We Serve?","og_description":"Event Industry: Equipment and Services Suppliers; - Event Organisers: Event and Marketing Agencies; - Construction Companies: Engineering and Infrastructure;","og_url":"https:\/\/iberice.com\/pt-pt\/que-negocios-servimos\/","og_site_name":"Iberice","article_publisher":"https:\/\/www.facebook.com\/IberIce.IceSolutions","article_modified_time":"2015-09-24T17:33:14+00:00","og_image":[{"url":"http:\/\/iberice.com\/wp-content\/uploads\/2015\/05\/we_serve.png","type":"","width":"","height":""}],"twitter_card":"summary_large_image","twitter_misc":{"Tempo estimado de leitura":"1 minuto"},"schema":{"@context":"https:\/\/schema.org","@graph":[{"@type":"WebPage","@id":"https:\/\/iberice.com\/pt-pt\/que-negocios-servimos\/","url":"https:\/\/iberice.com\/pt-pt\/que-negocios-servimos\/","name":"Que Neg\u00f3cios Servimos? - Iberice","isPartOf":{"@id":"https:\/\/iberice.com\/pt-pt\/#website"},"primaryImageOfPage":{"@id":"https:\/\/iberice.com\/pt-pt\/que-negocios-servimos\/#primaryimage"},"image":{"@id":"https:\/\/iberice.com\/pt-pt\/que-negocios-servimos\/#primaryimage"},"thumbnailUrl":"http:\/\/iberice.com\/wp-content\/uploads\/2015\/06\/we_serve.jpg","datePublished":"2015-05-23T17:19:02+00:00","dateModified":"2015-09-24T17:33:14+00:00","breadcrumb":{"@id":"https:\/\/iberice.com\/pt-pt\/que-negocios-servimos\/#breadcrumb"},"inLanguage":"pt-PT","potentialAction":[{"@type":"ReadAction","target":["https:\/\/iberice.com\/pt-pt\/que-negocios-servimos\/"]}]},{"@type":"ImageObject","inLanguage":"pt-PT","@id":"https:\/\/iberice.com\/pt-pt\/que-negocios-servimos\/#primaryimage","url":"http:\/\/iberice.com\/wp-content\/uploads\/2015\/06\/we_serve.jpg","contentUrl":"http:\/\/iberice.com\/wp-content\/uploads\/2015\/06\/we_serve.jpg"},{"@type":"BreadcrumbList","@id":"https:\/\/iberice.com\/pt-pt\/que-negocios-servimos\/#breadcrumb","itemListElement":[{"@type":"ListItem","position":1,"name":"Home","item":"https:\/\/iberice.com\/fr\/"},{"@type":"ListItem","position":2,"name":"Que Neg\u00f3cios Servimos?"}]},{"@type":"WebSite","@id":"https:\/\/iberice.com\/pt-pt\/#website","url":"https:\/\/iberice.com\/pt-pt\/","name":"Iberice","description":"Iberice - Flex Fun Ice","potentialAction":[{"@type":"SearchAction","target":{"@type":"EntryPoint","urlTemplate":"https:\/\/iberice.com\/pt-pt\/?s={search_term_string}"},"query-input":{"@type":"PropertyValueSpecification","valueRequired":true,"valueName":"search_term_string"}}],"inLanguage":"pt-PT"}]}},"_links":{"self":[{"href":"https:\/\/iberice.com\/pt-pt\/wp-json\/wp\/v2\/pages\/3878","targetHints":{"allow":["GET"]}}],"collection":[{"href":"https:\/\/iberice.com\/pt-pt\/wp-json\/wp\/v2\/pages"}],"about":[{"href":"https:\/\/iberice.com\/pt-pt\/wp-json\/wp\/v2\/types\/page"}],"author":[{"embeddable":true,"href":"https:\/\/iberice.com\/pt-pt\/wp-json\/wp\/v2\/users\/1"}],"replies":[{"embeddable":true,"href":"https:\/\/iberice.com\/pt-pt\/wp-json\/wp\/v2\/comments?post=3878"}],"version-history":[{"count":5,"href":"https:\/\/iberice.com\/pt-pt\/wp-json\/wp\/v2\/pages\/3878\/revisions"}],"predecessor-version":[{"id":4285,"href":"https:\/\/iberice.com\/pt-pt\/wp-json\/wp\/v2\/pages\/3878\/revisions\/4285"}],"wp:attachment":[{"href":"https:\/\/iberice.com\/pt-pt\/wp-json\/wp\/v2\/media?parent=3878"}],"curies":[{"name":"wp","href":"https:\/\/api.w.org\/{rel}","templated":true}]}}