{"id":3870,"date":"2015-05-23T17:09:24","date_gmt":"2015-05-23T17:09:24","guid":{"rendered":"http:\/\/iberice.com\/accessories-2\/"},"modified":"2015-10-05T20:24:07","modified_gmt":"2015-10-05T20:24:07","slug":"acessorios","status":"publish","type":"page","link":"https:\/\/iberice.com\/pt-pt\/acessorios\/","title":{"rendered":"Acess\u00f3rios"},"content":{"rendered":"<div class=\"wpb-content-wrapper\"><p>[vc_row][vc_column width=&#8221;1\/1&#8243;][\/vc_column][\/vc_row][vc_row][vc_column width=&#8221;1\/1&#8243;][vc_column_text]<\/p>\n<h1>ACESS\u00d3RIOS FLEXFUN<\/h1>\n<p>[\/vc_column_text][\/vc_column][\/vc_row][vc_row][vc_column width=&#8221;1\/4&#8243;][vc_column_text css=&#8221;.vc_custom_1442943829219{margin-bottom: 0px !important;padding-top: 10px !important;padding-bottom: 10px !important;background-color: #00a551 !important;}&#8221;]<\/p>\n<h4 style=\"text-align: center;\"><span style=\"color: #ffffff;\">Kit de Protec\u00e7\u00e3o<\/span><\/h4>\n<p>[\/vc_column_text][vc_single_image image=&#8221;3512&#8243; alignment=&#8221;center&#8221; border_color=&#8221;grey&#8221; img_link_large=&#8221;&#8221; img_link_target=&#8221;_self&#8221; img_size=&#8221;full&#8221; css=&#8221;.vc_custom_1433391264866{margin-top: 0px !important;margin-bottom: 0px !important;border-right-width: 1px !important;border-left-width: 1px !important;border-left-color: #efefef !important;border-left-style: solid !important;border-right-color: #efefef !important;border-right-style: solid !important;}&#8221;][vc_column_text css=&#8221;.vc_custom_1442943845353{margin-top: 0px !important;margin-bottom: 0px !important;background-color: #efefef !important;}&#8221;]<\/p>\n<h5 style=\"text-align: center;\">Capacetes<\/h5>\n<p>[\/vc_column_text][vc_single_image image=&#8221;3517&#8243; alignment=&#8221;center&#8221; border_color=&#8221;grey&#8221; img_link_large=&#8221;&#8221; img_link_target=&#8221;_self&#8221; img_size=&#8221;full&#8221; css=&#8221;.vc_custom_1433391287584{margin-top: 0px !important;margin-bottom: 0px !important;border-right-width: 1px !important;border-left-width: 1px !important;border-left-color: #efefef !important;border-left-style: solid !important;border-right-color: #efefef !important;border-right-style: solid !important;}&#8221;][vc_column_text css=&#8221;.vc_custom_1442943865554{margin-top: 0px !important;margin-bottom: 0px !important;background-color: #efefef !important;}&#8221;]<\/p>\n<h5 style=\"text-align: center;\">Joelheiras<\/h5>\n<p>[\/vc_column_text][vc_single_image image=&#8221;3508&#8243; alignment=&#8221;center&#8221; border_color=&#8221;grey&#8221; img_link_large=&#8221;&#8221; img_link_target=&#8221;_self&#8221; img_size=&#8221;full&#8221; css=&#8221;.vc_custom_1433391303365{margin-top: 0px !important;margin-bottom: 0px !important;border-right-width: 1px !important;border-left-width: 1px !important;border-left-color: #efefef !important;border-left-style: solid !important;border-right-color: #efefef !important;border-right-style: solid !important;}&#8221;][vc_column_text css=&#8221;.vc_custom_1442943878497{margin-top: 0px !important;margin-bottom: 0px !important;background-color: #efefef !important;}&#8221;]<\/p>\n<h5 style=\"text-align: center;\">Cotoveleiras<\/h5>\n<p>[\/vc_column_text][\/vc_column][vc_column width=&#8221;1\/4&#8243;][vc_column_text css=&#8221;.vc_custom_1442943939675{margin-bottom: 0px !important;padding-top: 10px !important;padding-bottom: 10px !important;background-color: #00a551 !important;}&#8221;]<\/p>\n<h4 style=\"text-align: center;\"><span style=\"color: #ffffff;\">Kit de Servi\u00e7o ao Cliente<\/span><\/h4>\n<p>[\/vc_column_text][vc_single_image image=&#8221;3507&#8243; alignment=&#8221;center&#8221; border_color=&#8221;grey&#8221; img_link_large=&#8221;&#8221; img_link_target=&#8221;_self&#8221; img_size=&#8221;full&#8221; css=&#8221;.vc_custom_1433391324067{margin-top: 0px !important;margin-bottom: 0px !important;border-right-width: 1px !important;border-left-width: 1px !important;border-left-color: #efefef !important;border-left-style: solid !important;border-right-color: #efefef !important;border-right-style: solid !important;}&#8221;][vc_column_text css=&#8221;.vc_custom_1442943953873{margin-top: 0px !important;margin-bottom: 0px !important;background-color: #efefef !important;}&#8221;]<\/p>\n<h5 style=\"text-align: center;\">Balc\u00f5es Modulares<\/h5>\n<p>[\/vc_column_text][vc_single_image image=&#8221;3504&#8243; alignment=&#8221;center&#8221; border_color=&#8221;grey&#8221; img_link_large=&#8221;&#8221; img_link_target=&#8221;_self&#8221; img_size=&#8221;full&#8221; css=&#8221;.vc_custom_1433391346771{margin-top: 0px !important;margin-bottom: 0px !important;border-right-width: 1px !important;border-left-width: 1px !important;border-left-color: #efefef !important;border-left-style: solid !important;border-right-color: #efefef !important;border-right-style: solid !important;}&#8221;][vc_column_text css=&#8221;.vc_custom_1442943965737{margin-top: 0px !important;margin-bottom: 0px !important;background-color: #efefef !important;}&#8221;]<\/p>\n<h5 style=\"text-align: center;\">Bancos Modulares<\/h5>\n<p>[\/vc_column_text][\/vc_column][vc_column width=&#8221;1\/4&#8243;][vc_column_text css=&#8221;.vc_custom_1442944000892{margin-bottom: 0px !important;padding-top: 10px !important;padding-bottom: 10px !important;background-color: #00a551 !important;}&#8221;]<\/p>\n<h4 style=\"text-align: center;\"><span style=\"color: #ffffff;\">Kit de Instala\u00e7\u00e3o<\/span><\/h4>\n<p>[\/vc_column_text][vc_single_image image=&#8221;3520&#8243; alignment=&#8221;center&#8221; border_color=&#8221;grey&#8221; img_link_large=&#8221;&#8221; img_link_target=&#8221;_self&#8221; img_size=&#8221;full&#8221; css=&#8221;.vc_custom_1433391382002{margin-top: 0px !important;margin-bottom: 0px !important;border-right-width: 1px !important;border-left-width: 1px !important;border-left-color: #efefef !important;border-left-style: solid !important;border-right-color: #efefef !important;border-right-style: solid !important;}&#8221;][vc_column_text css=&#8221;.vc_custom_1442944012905{margin-top: 0px !important;margin-bottom: 0px !important;background-color: #efefef !important;}&#8221;]<\/p>\n<h5 style=\"text-align: center;\">Bomba Multiusos<\/h5>\n<p>[\/vc_column_text][vc_single_image image=&#8221;3514&#8243; alignment=&#8221;center&#8221; border_color=&#8221;grey&#8221; img_link_large=&#8221;&#8221; img_link_target=&#8221;_self&#8221; img_size=&#8221;full&#8221; css=&#8221;.vc_custom_1433391405461{margin-top: 0px !important;margin-bottom: 0px !important;border-right-width: 1px !important;border-left-width: 1px !important;border-left-color: #efefef !important;border-left-style: solid !important;border-right-color: #efefef !important;border-right-style: solid !important;}&#8221;][vc_column_text css=&#8221;.vc_custom_1442944032049{margin-top: 0px !important;margin-bottom: 0px !important;background-color: #efefef !important;}&#8221;]<\/p>\n<h5 style=\"text-align: center;\">Mangueiras<\/h5>\n<p>[\/vc_column_text][vc_single_image image=&#8221;3515&#8243; alignment=&#8221;center&#8221; border_color=&#8221;grey&#8221; img_link_large=&#8221;&#8221; img_link_target=&#8221;_self&#8221; img_size=&#8221;full&#8221; css=&#8221;.vc_custom_1433391425962{margin-top: 0px !important;margin-bottom: 0px !important;border-right-width: 1px !important;border-left-width: 1px !important;border-left-color: #efefef !important;border-left-style: solid !important;border-right-color: #efefef !important;border-right-style: solid !important;}&#8221;][vc_column_text css=&#8221;.vc_custom_1442944045112{margin-top: 0px !important;margin-bottom: 0px !important;background-color: #efefef !important;}&#8221;]<\/p>\n<h5 style=\"text-align: center;\">Refract\u00f3metro<\/h5>\n<p>[\/vc_column_text][vc_single_image image=&#8221;3521&#8243; alignment=&#8221;center&#8221; border_color=&#8221;grey&#8221; img_link_large=&#8221;&#8221; img_link_target=&#8221;_self&#8221; img_size=&#8221;full&#8221; css=&#8221;.vc_custom_1433391445263{margin-top: 0px !important;margin-bottom: 0px !important;border-right-width: 1px !important;border-left-width: 1px !important;border-left-color: #efefef !important;border-left-style: solid !important;border-right-color: #efefef !important;border-right-style: solid !important;}&#8221;][vc_column_text css=&#8221;.vc_custom_1442944059497{margin-top: 0px !important;margin-bottom: 0px !important;background-color: #efefef !important;}&#8221;]<\/p>\n<h5 style=\"text-align: center;\">Conjunto de Ferramentas<\/h5>\n<p>[\/vc_column_text][\/vc_column][vc_column width=&#8221;1\/4&#8243;][vc_column_text css=&#8221;.vc_custom_1442944100922{margin-bottom: 0px !important;padding-top: 10px !important;padding-bottom: 10px !important;background-color: #00a551 !important;}&#8221;]<\/p>\n<h4 style=\"text-align: center;\"><span style=\"color: #ffffff;\">Kit de Manuten\u00e7\u00e3o de Patins<\/span><\/h4>\n<p>[\/vc_column_text][vc_single_image image=&#8221;3513&#8243; alignment=&#8221;center&#8221; border_color=&#8221;grey&#8221; img_link_large=&#8221;&#8221; img_link_target=&#8221;_self&#8221; img_size=&#8221;full&#8221; css=&#8221;.vc_custom_1433391482651{margin-top: 0px !important;margin-bottom: 0px !important;border-right-width: 1px !important;border-left-width: 1px !important;border-left-color: #efefef !important;border-left-style: solid !important;border-right-color: #efefef !important;border-right-style: solid !important;}&#8221;][vc_column_text css=&#8221;.vc_custom_1442944124161{margin-top: 0px !important;margin-bottom: 0px !important;background-color: #efefef !important;}&#8221;]<\/p>\n<h5 style=\"text-align: center;\">M\u00e1quina de Afiar<\/h5>\n<p>[\/vc_column_text][vc_single_image image=&#8221;3516&#8243; alignment=&#8221;center&#8221; border_color=&#8221;grey&#8221; img_link_large=&#8221;&#8221; img_link_target=&#8221;_self&#8221; img_size=&#8221;full&#8221; css=&#8221;.vc_custom_1433391502135{margin-top: 0px !important;margin-bottom: 0px !important;border-right-width: 1px !important;border-left-width: 1px !important;border-left-color: #efefef !important;border-left-style: solid !important;border-right-color: #efefef !important;border-right-style: solid !important;}&#8221;][vc_column_text css=&#8221;.vc_custom_1442944135256{margin-top: 0px !important;margin-bottom: 0px !important;background-color: #efefef !important;}&#8221;]<\/p>\n<h5 style=\"text-align: center;\">\u00d3leo de L\u00e2mina de Patim<\/h5>\n<p>[\/vc_column_text][vc_single_image image=&#8221;3505&#8243; alignment=&#8221;center&#8221; border_color=&#8221;grey&#8221; img_link_large=&#8221;&#8221; img_link_target=&#8221;_self&#8221; img_size=&#8221;full&#8221; css=&#8221;.vc_custom_1433391525490{margin-top: 0px !important;margin-bottom: 0px !important;border-right-width: 1px !important;border-left-width: 1px !important;border-left-color: #efefef !important;border-left-style: solid !important;border-right-color: #efefef !important;border-right-style: solid !important;}&#8221;][vc_column_text css=&#8221;.vc_custom_1442944145577{margin-top: 0px !important;margin-bottom: 0px !important;background-color: #efefef !important;}&#8221;]<\/p>\n<h5 style=\"text-align: center;\">Escova de Limpeza<\/h5>\n<p>[\/vc_column_text][\/vc_column][\/vc_row][vc_row][vc_column width=&#8221;1\/1&#8243;][vc_column_text css=&#8221;.vc_custom_1442944301833{margin-bottom: 0px !important;padding-top: 10px !important;padding-bottom: 10px !important;background-color: #00a551 !important;}&#8221;]<\/p>\n<h4 style=\"text-align: center;\"><span style=\"color: #ffffff;\">Outros Acess\u00f3rios<\/span><\/h4>\n<p>[\/vc_column_text][vc_row_inner css=&#8221;.vc_custom_1433374219136{margin-bottom: 0px !important;}&#8221;][vc_column_inner width=&#8221;1\/4&#8243;][vc_single_image image=&#8221;3511&#8243; alignment=&#8221;center&#8221; border_color=&#8221;grey&#8221; img_link_large=&#8221;&#8221; img_link_target=&#8221;_self&#8221; img_size=&#8221;full&#8221; css=&#8221;.vc_custom_1433391546471{margin-top: 0px !important;margin-bottom: 0px !important;border-right-width: 1px !important;border-left-width: 1px !important;border-left-color: #efefef !important;border-left-style: solid !important;border-right-color: #efefef !important;border-right-style: solid !important;}&#8221;][vc_column_text css=&#8221;.vc_custom_1442944321448{margin-top: 0px !important;margin-bottom: 0px !important;background-color: #efefef !important;}&#8221;]<\/p>\n<h5 style=\"text-align: center;\">Glicol<\/h5>\n<p>[\/vc_column_text][\/vc_column_inner][vc_column_inner width=&#8221;1\/4&#8243;][vc_single_image image=&#8221;3519&#8243; alignment=&#8221;center&#8221; border_color=&#8221;grey&#8221; img_link_large=&#8221;&#8221; img_link_target=&#8221;_self&#8221; img_size=&#8221;full&#8221; css=&#8221;.vc_custom_1433391569922{margin-top: 0px !important;margin-bottom: 0px !important;border-right-width: 1px !important;border-left-width: 1px !important;border-left-color: #efefef !important;border-left-style: solid !important;border-right-color: #efefef !important;border-right-style: solid !important;}&#8221;][vc_column_text css=&#8221;.vc_custom_1442944339559{margin-top: 0px !important;margin-bottom: 0px !important;background-color: #efefef !important;}&#8221;]<\/p>\n<h5 style=\"text-align: center;\">Piso de Borracha Modular<\/h5>\n<p>[\/vc_column_text][\/vc_column_inner][vc_column_inner width=&#8221;1\/4&#8243;][vc_single_image image=&#8221;3510&#8243; alignment=&#8221;center&#8221; border_color=&#8221;grey&#8221; img_link_large=&#8221;&#8221; img_link_target=&#8221;_self&#8221; img_size=&#8221;full&#8221; css=&#8221;.vc_custom_1433391586551{margin-top: 0px !important;margin-bottom: 0px !important;border-right-width: 1px !important;border-left-width: 1px !important;border-left-color: #efefef !important;border-left-style: solid !important;border-right-color: #efefef !important;border-right-style: solid !important;}&#8221;][vc_column_text css=&#8221;.vc_custom_1442944358783{margin-top: 0px !important;margin-bottom: 0px !important;background-color: #efefef !important;}&#8221;]<\/p>\n<h5 style=\"text-align: center;\">PE &#8211; Forro de Pl\u00e1stico<\/h5>\n<p>[\/vc_column_text][\/vc_column_inner][vc_column_inner width=&#8221;1\/4&#8243;][vc_single_image image=&#8221;3509&#8243; alignment=&#8221;center&#8221; border_color=&#8221;grey&#8221; img_link_large=&#8221;&#8221; img_link_target=&#8221;_self&#8221; img_size=&#8221;full&#8221; css=&#8221;.vc_custom_1433391608253{margin-top: 0px !important;margin-bottom: 0px !important;border-right-width: 1px !important;border-left-width: 1px !important;border-left-color: #efefef !important;border-left-style: solid !important;border-right-color: #efefef !important;border-right-style: solid !important;}&#8221;][vc_column_text css=&#8221;.vc_custom_1442944376183{margin-top: 0px !important;margin-bottom: 0px !important;background-color: #efefef !important;}&#8221;]<\/p>\n<h5 style=\"text-align: center;\">Piso de Alta Resist\u00eancia<\/h5>\n<p>[\/vc_column_text][\/vc_column_inner][\/vc_row_inner][vc_row_inner css=&#8221;.vc_custom_1433374164416{margin-top: 0px !important;}&#8221;][vc_column_inner width=&#8221;1\/4&#8243;][vc_single_image image=&#8221;3518&#8243; alignment=&#8221;center&#8221; border_color=&#8221;grey&#8221; img_link_large=&#8221;&#8221; img_link_target=&#8221;_self&#8221; img_size=&#8221;full&#8221; css=&#8221;.vc_custom_1433391639203{margin-top: 0px !important;margin-bottom: 0px !important;border-right-width: 1px !important;border-left-width: 1px !important;border-left-color: #efefef !important;border-left-style: solid !important;border-right-color: #efefef !important;border-right-style: solid !important;}&#8221;][vc_column_text css=&#8221;.vc_custom_1442944392025{margin-top: 0px !important;margin-bottom: 0px !important;background-color: #efefef !important;}&#8221;]<\/p>\n<h5 style=\"text-align: center;\">Patins de Gelo<\/h5>\n<p>[\/vc_column_text][\/vc_column_inner][vc_column_inner width=&#8221;1\/4&#8243;][vc_single_image image=&#8221;3506&#8243; alignment=&#8221;center&#8221; border_color=&#8221;grey&#8221; img_link_large=&#8221;&#8221; img_link_target=&#8221;_self&#8221; img_size=&#8221;full&#8221; css=&#8221;.vc_custom_1433391663263{margin-top: 0px !important;margin-bottom: 0px !important;border-right-width: 1px !important;border-left-width: 1px !important;border-left-color: #efefef !important;border-left-style: solid !important;border-right-color: #efefef !important;border-right-style: solid !important;}&#8221;][vc_column_text css=&#8221;.vc_custom_1442944406231{margin-top: 0px !important;margin-bottom: 0px !important;background-color: #efefef !important;}&#8221;]<\/p>\n<h5 style=\"text-align: center;\">Prateleira para Patins<\/h5>\n<p>[\/vc_column_text][\/vc_column_inner][\/vc_row_inner][\/vc_column][\/vc_row][vc_row][vc_column width=&#8221;1\/1&#8243;][\/vc_column][\/vc_row][vc_row css=&#8221;.vc_custom_1432503483069{margin-bottom: 0px !important;padding-top: 55px !important;padding-bottom: 55px !important;background-color: #005f8a !important;}&#8221; full_width=&#8221;stretch_row&#8221;][vc_column width=&#8221;1\/1&#8243;][vc_column_text]<\/p>\n<h1 style=\"text-align: center;\"><span style=\"color: #ffffff;\"><strong>FLEXIBILIDADE<\/strong> E <strong>DIVERS\u00c3O<\/strong> EM GELO<\/span><\/h1>\n<h4 style=\"text-align: center;\">COM EXCELENTES SOLU\u00c7\u00d5ES DE GELO<\/h4>\n<p style=\"text-align: center;\"><div style=\"max-width:600px;margin:0 auto\"><div class=\"omsc-responsive-box omsc-responsive-box-video\"><iframe loading=\"lazy\" src=\"https:\/\/www.youtube.com\/embed\/ToWo9iAnHVw?rel=0&amp;showinfo=0\" width=\"600\" height=\"338\" frameborder=\"0\" allowfullscreen=\"allowfullscreen\"><\/iframe><\/div><\/div>\n<p>[\/vc_column_text][\/vc_column][\/vc_row]<\/p>\n<\/div>","protected":false},"excerpt":{"rendered":"<p>[vc_row][vc_column width=&#8221;1\/1&#8243;][\/vc_column][\/vc_row][vc_row][vc_column width=&#8221;1\/1&#8243;][vc_column_text] ACESS\u00d3RIOS FLEXFUN [\/vc_column_text][\/vc_column][\/vc_row][vc_row][vc_column width=&#8221;1\/4&#8243;][vc_column_text css=&#8221;.vc_custom_1442943829219{margin-bottom: 0px !important;padding-top: 10px !important;padding-bottom: 10px !important;background-color: #00a551 !important;}&#8221;] Kit de Protec\u00e7\u00e3o [\/vc_column_text][vc_single_image image=&#8221;3512&#8243; alignment=&#8221;center&#8221; border_color=&#8221;grey&#8221; img_link_large=&#8221;&#8221; img_link_target=&#8221;_self&#8221;&hellip;<\/p>\n<p><a href=\"https:\/\/iberice.com\/pt-pt\/acessorios\/\" class=\"more-link post-excerpt-readmore\">Read more<\/a><\/p>\n","protected":false},"author":1,"featured_media":0,"parent":0,"menu_order":8,"comment_status":"open","ping_status":"open","template":"","meta":{"_exactmetrics_skip_tracking":false,"_exactmetrics_sitenote_active":false,"_exactmetrics_sitenote_note":"","_exactmetrics_sitenote_category":0,"footnotes":""},"class_list":["post-3870","page","type-page","status-publish","hentry"],"yoast_head":"<!-- This site is optimized with the Yoast SEO plugin v27.3 - https:\/\/yoast.com\/product\/yoast-seo-wordpress\/ -->\n<title>Acess\u00f3rios para Pistas de Gelo<\/title>\n<meta name=\"description\" content=\"Capacetes, Joelheiras, Cotoveleiras, Refract\u00f3metro, Escova de Limpeza, Balc\u00f5es Modulares...\" \/>\n<meta name=\"robots\" content=\"index, follow, max-snippet:-1, max-image-preview:large, max-video-preview:-1\" \/>\n<link rel=\"canonical\" href=\"https:\/\/iberice.com\/accessories\/\" \/>\n<meta property=\"og:locale\" content=\"pt_PT\" \/>\n<meta property=\"og:type\" content=\"article\" \/>\n<meta property=\"og:title\" content=\"Flexfun Accessories\" \/>\n<meta property=\"og:description\" content=\"FlexFun Safety Kit - FlexFun Client Service Kit - FlexFun Installation Kit - FlexFun Skates Maintenance Kit\" \/>\n<meta property=\"og:url\" content=\"https:\/\/iberice.com\/accessories\/\" \/>\n<meta property=\"og:site_name\" content=\"Iberice\" \/>\n<meta property=\"article:publisher\" content=\"https:\/\/www.facebook.com\/IberIce.IceSolutions\" \/>\n<meta property=\"article:modified_time\" content=\"2015-10-05T20:24:07+00:00\" \/>\n<meta property=\"og:image\" content=\"http:\/\/iberice.com\/wp-content\/uploads\/2015\/05\/acessories.png\" \/>\n<meta name=\"twitter:card\" content=\"summary_large_image\" \/>\n<meta name=\"twitter:label1\" content=\"Tempo estimado de leitura\" \/>\n\t<meta name=\"twitter:data1\" content=\"8 minutos\" \/>\n<script type=\"application\/ld+json\" class=\"yoast-schema-graph\">{\"@context\":\"https:\\\/\\\/schema.org\",\"@graph\":[{\"@type\":\"WebPage\",\"@id\":\"https:\\\/\\\/iberice.com\\\/accessories\\\/\",\"url\":\"https:\\\/\\\/iberice.com\\\/accessories\\\/\",\"name\":\"Acess\u00f3rios para Pistas de Gelo\",\"isPartOf\":{\"@id\":\"https:\\\/\\\/iberice.com\\\/pt-pt\\\/#website\"},\"datePublished\":\"2015-05-23T17:09:24+00:00\",\"dateModified\":\"2015-10-05T20:24:07+00:00\",\"description\":\"Capacetes, Joelheiras, Cotoveleiras, Refract\u00f3metro, Escova de Limpeza, Balc\u00f5es Modulares...\",\"breadcrumb\":{\"@id\":\"https:\\\/\\\/iberice.com\\\/accessories\\\/#breadcrumb\"},\"inLanguage\":\"pt-PT\",\"potentialAction\":[{\"@type\":\"ReadAction\",\"target\":[\"https:\\\/\\\/iberice.com\\\/accessories\\\/\"]}]},{\"@type\":\"BreadcrumbList\",\"@id\":\"https:\\\/\\\/iberice.com\\\/accessories\\\/#breadcrumb\",\"itemListElement\":[{\"@type\":\"ListItem\",\"position\":1,\"name\":\"Home\",\"item\":\"https:\\\/\\\/iberice.com\\\/fr\\\/\"},{\"@type\":\"ListItem\",\"position\":2,\"name\":\"Acess\u00f3rios\"}]},{\"@type\":\"WebSite\",\"@id\":\"https:\\\/\\\/iberice.com\\\/pt-pt\\\/#website\",\"url\":\"https:\\\/\\\/iberice.com\\\/pt-pt\\\/\",\"name\":\"Iberice\",\"description\":\"Iberice - Flex Fun Ice\",\"potentialAction\":[{\"@type\":\"SearchAction\",\"target\":{\"@type\":\"EntryPoint\",\"urlTemplate\":\"https:\\\/\\\/iberice.com\\\/pt-pt\\\/?s={search_term_string}\"},\"query-input\":{\"@type\":\"PropertyValueSpecification\",\"valueRequired\":true,\"valueName\":\"search_term_string\"}}],\"inLanguage\":\"pt-PT\"}]}<\/script>\n<!-- \/ Yoast SEO plugin. -->","yoast_head_json":{"title":"Acess\u00f3rios para Pistas de Gelo","description":"Capacetes, Joelheiras, Cotoveleiras, Refract\u00f3metro, Escova de Limpeza, Balc\u00f5es Modulares...","robots":{"index":"index","follow":"follow","max-snippet":"max-snippet:-1","max-image-preview":"max-image-preview:large","max-video-preview":"max-video-preview:-1"},"canonical":"https:\/\/iberice.com\/accessories\/","og_locale":"pt_PT","og_type":"article","og_title":"Flexfun Accessories","og_description":"FlexFun Safety Kit - FlexFun Client Service Kit - FlexFun Installation Kit - FlexFun Skates Maintenance Kit","og_url":"https:\/\/iberice.com\/accessories\/","og_site_name":"Iberice","article_publisher":"https:\/\/www.facebook.com\/IberIce.IceSolutions","article_modified_time":"2015-10-05T20:24:07+00:00","og_image":[{"url":"http:\/\/iberice.com\/wp-content\/uploads\/2015\/05\/acessories.png","type":"","width":"","height":""}],"twitter_card":"summary_large_image","twitter_misc":{"Tempo estimado de leitura":"8 minutos"},"schema":{"@context":"https:\/\/schema.org","@graph":[{"@type":"WebPage","@id":"https:\/\/iberice.com\/accessories\/","url":"https:\/\/iberice.com\/accessories\/","name":"Acess\u00f3rios para Pistas de Gelo","isPartOf":{"@id":"https:\/\/iberice.com\/pt-pt\/#website"},"datePublished":"2015-05-23T17:09:24+00:00","dateModified":"2015-10-05T20:24:07+00:00","description":"Capacetes, Joelheiras, Cotoveleiras, Refract\u00f3metro, Escova de Limpeza, Balc\u00f5es Modulares...","breadcrumb":{"@id":"https:\/\/iberice.com\/accessories\/#breadcrumb"},"inLanguage":"pt-PT","potentialAction":[{"@type":"ReadAction","target":["https:\/\/iberice.com\/accessories\/"]}]},{"@type":"BreadcrumbList","@id":"https:\/\/iberice.com\/accessories\/#breadcrumb","itemListElement":[{"@type":"ListItem","position":1,"name":"Home","item":"https:\/\/iberice.com\/fr\/"},{"@type":"ListItem","position":2,"name":"Acess\u00f3rios"}]},{"@type":"WebSite","@id":"https:\/\/iberice.com\/pt-pt\/#website","url":"https:\/\/iberice.com\/pt-pt\/","name":"Iberice","description":"Iberice - Flex Fun Ice","potentialAction":[{"@type":"SearchAction","target":{"@type":"EntryPoint","urlTemplate":"https:\/\/iberice.com\/pt-pt\/?s={search_term_string}"},"query-input":{"@type":"PropertyValueSpecification","valueRequired":true,"valueName":"search_term_string"}}],"inLanguage":"pt-PT"}]}},"_links":{"self":[{"href":"https:\/\/iberice.com\/pt-pt\/wp-json\/wp\/v2\/pages\/3870","targetHints":{"allow":["GET"]}}],"collection":[{"href":"https:\/\/iberice.com\/pt-pt\/wp-json\/wp\/v2\/pages"}],"about":[{"href":"https:\/\/iberice.com\/pt-pt\/wp-json\/wp\/v2\/types\/page"}],"author":[{"embeddable":true,"href":"https:\/\/iberice.com\/pt-pt\/wp-json\/wp\/v2\/users\/1"}],"replies":[{"embeddable":true,"href":"https:\/\/iberice.com\/pt-pt\/wp-json\/wp\/v2\/comments?post=3870"}],"version-history":[{"count":8,"href":"https:\/\/iberice.com\/pt-pt\/wp-json\/wp\/v2\/pages\/3870\/revisions"}],"predecessor-version":[{"id":4284,"href":"https:\/\/iberice.com\/pt-pt\/wp-json\/wp\/v2\/pages\/3870\/revisions\/4284"}],"wp:attachment":[{"href":"https:\/\/iberice.com\/pt-pt\/wp-json\/wp\/v2\/media?parent=3870"}],"curies":[{"name":"wp","href":"https:\/\/api.w.org\/{rel}","templated":true}]}}