{"id":3822,"date":"2015-05-29T21:37:01","date_gmt":"2015-05-29T21:37:01","guid":{"rendered":"http:\/\/iberice.com\/why-us-2\/"},"modified":"2015-10-05T20:13:04","modified_gmt":"2015-10-05T20:13:04","slug":"porque-nos","status":"publish","type":"page","link":"https:\/\/iberice.com\/pt-pt\/porque-nos\/","title":{"rendered":"Porqu\u00ea N\u00f3s?"},"content":{"rendered":"<div class=\"wpb-content-wrapper\"><p>[vc_row][vc_column width=&#8221;1\/1&#8243;][\/vc_column][\/vc_row][vc_row][vc_column width=&#8221;1\/2&#8243;][vc_column_text]<\/p>\n<h1 style=\"text-align: left;\">NA IBERICE<\/h1>\n<p>Cri\u00e1mos eventos desde 1998. Temos vindo a criar\u00a0experi\u00eancias no gelo para centros comerciais, munic\u00edpios\u00a0e outras \u00e1reas pedonais h\u00e1 mais de 15 anos.<\/p>\n<p>As pistas de gelo\u00a0s\u00e3o locais \u00f3ptimos de divers\u00e3o\u00a0com amigos e fam\u00edlia. S\u00e3o a atrac\u00e7\u00e3o que melhor anima\u00a0e aumenta a aflu\u00eancia nas zonas pedonais. \u00c9 o lugar de\u00a0encontro social ideal!<\/p>\n<p>Hoje em dia na Iberice desafi\u00e1mos o pensamento\u00a0convencional e esfor\u00e7\u00e1mo-nos continuamente por\u00a0produzir produtos elegantes e com estilo que v\u00e3o ao\u00a0encontro das necessidades dos nosso clientes.<\/p>\n<p>&nbsp;<\/p>\n<p style=\"text-align: left;\"><a class=\"omsc-button omsc-no-custom-hover omsc-size-large omsc-style-flat omsc-text-bright\" href=\"http:\/\/iberice.com\/pt-pt\/peca-um-orcamento\/\" target=\"_parent\" style=\"color:#ffffff\">PE\u00c7A UM OR\u00c7AMENTO<\/a><a class=\"omsc-button omsc-custom-hover omsc-size-large omsc-style-flat omsc-text-bright\" href=\"http:\/\/iberice.com\/pt-pt\/seja-nosso-parceiro\/\" target=\"_parent\" style=\"background-color:#005f8a;border-color:#005f8a;color:#ffffff\" data-hover-bg-color=\"#4d8fad\" data-hover-text-color=\"#ffffff\" data-hover-border-color=\"#4d8fad\">SEJA NOSSO PARCEIRO<\/a><\/p>\n<p>[\/vc_column_text][\/vc_column][vc_column width=&#8221;1\/2&#8243;][vc_column_text]<img class=\"lazyload size-full wp-image-3558 aligncenter\" data-original=\"http:\/\/iberice.com\/wp-content\/uploads\/2015\/05\/tecnologia_c.jpg\" alt=\"\" width=\"703\" height=\"683\" \/>[\/vc_column_text][\/vc_column][\/vc_row][vc_row][vc_column width=&#8221;1\/2&#8243;][vc_column_text]<img class=\"lazyload size-full wp-image-3527 aligncenter\" data-original=\"http:\/\/iberice.com\/wp-content\/uploads\/2015\/06\/grupo.jpg\" alt=\"\" width=\"750\" height=\"866\" \/>[\/vc_column_text][\/vc_column][vc_column width=&#8221;1\/2&#8243;][vc_column_text]<\/p>\n<h1>PORQU\u00ca N\u00d3S?<\/h1>\n<h3>A Iberice Ajuda-o a Triunfar!<\/h3>\n<p>Pode confiar na nossa longa experi\u00eancia para assegurar o sucesso\u00a0de toda a projec\u00e7\u00e3o e implementa\u00e7\u00e3o da sua pista de gelo\u00a0e\u00a0demais atrac\u00e7\u00f5es no gelo que estimulam a sua rentabilidade.<\/p>\n<h3>A Iberice \u00e9 Inova\u00e7\u00e3o Divertida!<\/h3>\n<p>Inov\u00e1mos em solu\u00e7\u00f5es para pistas\u00a0de gelo apresentando um\u00a0sistema de estilo lego ultra vers\u00e1til.<br \/>\nDe instala\u00e7\u00e3o simples e r\u00e1pida, apropriada para locais improv\u00e1veis\u00a0como o calor de \u00c1frica.<br \/>\nTrata-se tamb\u00e9m de uma novidade em termos de sustentabilidade\u00a0atrav\u00e9s da redu\u00e7\u00e3o activa do consumo de energia e \u00e1gua.<\/p>\n<h3>A Iberice \u00e9 Flexibilidade Inteligente!<\/h3>\n<p>Project\u00e1mos solu\u00e7\u00f5es de modelos de neg\u00f3cios e produtos\u00a0inteligentes e vers\u00e1teis para usos futuros, assegurando\u00a0elementos-chave tais como a oferta de aumentos progressivos,\u00a0seguran\u00e7a e protec\u00e7\u00e3o, mantendo o seu crescimento empresarial.[\/vc_column_text][\/vc_column][\/vc_row][vc_row css=&#8221;.vc_custom_1432503483069{margin-bottom: 0px !important;padding-top: 55px !important;padding-bottom: 55px !important;background-color: #005f8a !important;}&#8221; full_width=&#8221;stretch_row&#8221;][vc_column width=&#8221;1\/1&#8243;][vc_column_text]<\/p>\n<h1 style=\"text-align: center;\"><span style=\"color: #ffffff;\"><strong>FLEXIBILIDADE<\/strong> E <strong>DIVERS\u00c3O<\/strong> EM GELO<\/span><\/h1>\n<h4 style=\"text-align: center;\">COM EXCELENTES SOLU\u00c7\u00d5ES DE GELO<\/h4>\n<p style=\"text-align: center;\"><div style=\"max-width:600px;margin:0 auto\"><div class=\"omsc-responsive-box omsc-responsive-box-video\"><iframe loading=\"lazy\" src=\"https:\/\/www.youtube.com\/embed\/ToWo9iAnHVw?rel=0&amp;showinfo=0\" width=\"600\" height=\"338\" frameborder=\"0\" allowfullscreen=\"allowfullscreen\"><\/iframe><\/div><\/div>\n<p>[\/vc_column_text][\/vc_column][\/vc_row]<\/p>\n<\/div>","protected":false},"excerpt":{"rendered":"<p>[vc_row][vc_column width=&#8221;1\/1&#8243;][\/vc_column][\/vc_row][vc_row][vc_column width=&#8221;1\/2&#8243;][vc_column_text] NA IBERICE Cri\u00e1mos eventos desde 1998. Temos vindo a criar\u00a0experi\u00eancias no gelo para centros comerciais, munic\u00edpios\u00a0e outras \u00e1reas pedonais h\u00e1 mais de&hellip;<\/p>\n<p><a href=\"https:\/\/iberice.com\/pt-pt\/porque-nos\/\" class=\"more-link post-excerpt-readmore\">Read more<\/a><\/p>\n","protected":false},"author":1,"featured_media":0,"parent":0,"menu_order":2,"comment_status":"open","ping_status":"open","template":"","meta":{"_exactmetrics_skip_tracking":false,"_exactmetrics_sitenote_active":false,"_exactmetrics_sitenote_note":"","_exactmetrics_sitenote_category":0,"footnotes":""},"class_list":["post-3822","page","type-page","status-publish","hentry"],"yoast_head":"<!-- This site is optimized with the Yoast SEO plugin v27.5 - https:\/\/yoast.com\/product\/yoast-seo-wordpress\/ -->\n<title>Porqu\u00ea as Pistas de Gelo Iberice?<\/title>\n<meta name=\"description\" content=\"NA IBERICE cri\u00e1mos pistas de gelo desde 1998.\" \/>\n<meta name=\"robots\" content=\"index, follow, max-snippet:-1, max-image-preview:large, max-video-preview:-1\" \/>\n<link rel=\"canonical\" href=\"http:\/\/iberice.com\/pt-pt\/porque-nos\/\" \/>\n<meta property=\"og:locale\" content=\"pt_PT\" \/>\n<meta property=\"og:type\" content=\"article\" \/>\n<meta property=\"og:title\" content=\"Why Us?\" \/>\n<meta property=\"og:description\" content=\"Iberice Helps You Succeed! Iberice is Fun Innovation! Iberice is Intelligent Flexibility!\" \/>\n<meta property=\"og:url\" content=\"http:\/\/iberice.com\/pt-pt\/porque-nos\/\" \/>\n<meta property=\"og:site_name\" content=\"Iberice\" \/>\n<meta property=\"article:publisher\" content=\"https:\/\/www.facebook.com\/IberIce.IceSolutions\" \/>\n<meta property=\"article:modified_time\" content=\"2015-10-05T20:13:04+00:00\" \/>\n<meta property=\"og:image\" content=\"http:\/\/iberice.com\/wp-content\/uploads\/2015\/05\/why_us.png\" \/>\n<meta name=\"twitter:card\" content=\"summary_large_image\" \/>\n<meta name=\"twitter:label1\" content=\"Tempo estimado de leitura\" \/>\n\t<meta name=\"twitter:data1\" content=\"2 minutos\" \/>\n<script type=\"application\/ld+json\" class=\"yoast-schema-graph\">{\"@context\":\"https:\\\/\\\/schema.org\",\"@graph\":[{\"@type\":\"WebPage\",\"@id\":\"http:\\\/\\\/iberice.com\\\/pt-pt\\\/porque-nos\\\/\",\"url\":\"http:\\\/\\\/iberice.com\\\/pt-pt\\\/porque-nos\\\/\",\"name\":\"Porqu\u00ea as Pistas de Gelo Iberice?\",\"isPartOf\":{\"@id\":\"https:\\\/\\\/iberice.com\\\/pt-pt\\\/#website\"},\"primaryImageOfPage\":{\"@id\":\"http:\\\/\\\/iberice.com\\\/pt-pt\\\/porque-nos\\\/#primaryimage\"},\"image\":{\"@id\":\"http:\\\/\\\/iberice.com\\\/pt-pt\\\/porque-nos\\\/#primaryimage\"},\"thumbnailUrl\":\"http:\\\/\\\/iberice.com\\\/wp-content\\\/uploads\\\/2015\\\/05\\\/tecnologia_c.jpg\",\"datePublished\":\"2015-05-29T21:37:01+00:00\",\"dateModified\":\"2015-10-05T20:13:04+00:00\",\"description\":\"NA IBERICE cri\u00e1mos pistas de gelo desde 1998.\",\"breadcrumb\":{\"@id\":\"http:\\\/\\\/iberice.com\\\/pt-pt\\\/porque-nos\\\/#breadcrumb\"},\"inLanguage\":\"pt-PT\",\"potentialAction\":[{\"@type\":\"ReadAction\",\"target\":[\"http:\\\/\\\/iberice.com\\\/pt-pt\\\/porque-nos\\\/\"]}]},{\"@type\":\"ImageObject\",\"inLanguage\":\"pt-PT\",\"@id\":\"http:\\\/\\\/iberice.com\\\/pt-pt\\\/porque-nos\\\/#primaryimage\",\"url\":\"http:\\\/\\\/iberice.com\\\/wp-content\\\/uploads\\\/2015\\\/05\\\/tecnologia_c.jpg\",\"contentUrl\":\"http:\\\/\\\/iberice.com\\\/wp-content\\\/uploads\\\/2015\\\/05\\\/tecnologia_c.jpg\"},{\"@type\":\"BreadcrumbList\",\"@id\":\"http:\\\/\\\/iberice.com\\\/pt-pt\\\/porque-nos\\\/#breadcrumb\",\"itemListElement\":[{\"@type\":\"ListItem\",\"position\":1,\"name\":\"Home\",\"item\":\"https:\\\/\\\/iberice.com\\\/fr\\\/\"},{\"@type\":\"ListItem\",\"position\":2,\"name\":\"Porqu\u00ea N\u00f3s?\"}]},{\"@type\":\"WebSite\",\"@id\":\"https:\\\/\\\/iberice.com\\\/pt-pt\\\/#website\",\"url\":\"https:\\\/\\\/iberice.com\\\/pt-pt\\\/\",\"name\":\"Iberice\",\"description\":\"Iberice - Flex Fun Ice\",\"potentialAction\":[{\"@type\":\"SearchAction\",\"target\":{\"@type\":\"EntryPoint\",\"urlTemplate\":\"https:\\\/\\\/iberice.com\\\/pt-pt\\\/?s={search_term_string}\"},\"query-input\":{\"@type\":\"PropertyValueSpecification\",\"valueRequired\":true,\"valueName\":\"search_term_string\"}}],\"inLanguage\":\"pt-PT\"}]}<\/script>\n<!-- \/ Yoast SEO plugin. -->","yoast_head_json":{"title":"Porqu\u00ea as Pistas de Gelo Iberice?","description":"NA IBERICE cri\u00e1mos pistas de gelo desde 1998.","robots":{"index":"index","follow":"follow","max-snippet":"max-snippet:-1","max-image-preview":"max-image-preview:large","max-video-preview":"max-video-preview:-1"},"canonical":"http:\/\/iberice.com\/pt-pt\/porque-nos\/","og_locale":"pt_PT","og_type":"article","og_title":"Why Us?","og_description":"Iberice Helps You Succeed! Iberice is Fun Innovation! Iberice is Intelligent Flexibility!","og_url":"http:\/\/iberice.com\/pt-pt\/porque-nos\/","og_site_name":"Iberice","article_publisher":"https:\/\/www.facebook.com\/IberIce.IceSolutions","article_modified_time":"2015-10-05T20:13:04+00:00","og_image":[{"url":"http:\/\/iberice.com\/wp-content\/uploads\/2015\/05\/why_us.png","type":"","width":"","height":""}],"twitter_card":"summary_large_image","twitter_misc":{"Tempo estimado de leitura":"2 minutos"},"schema":{"@context":"https:\/\/schema.org","@graph":[{"@type":"WebPage","@id":"http:\/\/iberice.com\/pt-pt\/porque-nos\/","url":"http:\/\/iberice.com\/pt-pt\/porque-nos\/","name":"Porqu\u00ea as Pistas de Gelo Iberice?","isPartOf":{"@id":"https:\/\/iberice.com\/pt-pt\/#website"},"primaryImageOfPage":{"@id":"http:\/\/iberice.com\/pt-pt\/porque-nos\/#primaryimage"},"image":{"@id":"http:\/\/iberice.com\/pt-pt\/porque-nos\/#primaryimage"},"thumbnailUrl":"http:\/\/iberice.com\/wp-content\/uploads\/2015\/05\/tecnologia_c.jpg","datePublished":"2015-05-29T21:37:01+00:00","dateModified":"2015-10-05T20:13:04+00:00","description":"NA IBERICE cri\u00e1mos pistas de gelo desde 1998.","breadcrumb":{"@id":"http:\/\/iberice.com\/pt-pt\/porque-nos\/#breadcrumb"},"inLanguage":"pt-PT","potentialAction":[{"@type":"ReadAction","target":["http:\/\/iberice.com\/pt-pt\/porque-nos\/"]}]},{"@type":"ImageObject","inLanguage":"pt-PT","@id":"http:\/\/iberice.com\/pt-pt\/porque-nos\/#primaryimage","url":"http:\/\/iberice.com\/wp-content\/uploads\/2015\/05\/tecnologia_c.jpg","contentUrl":"http:\/\/iberice.com\/wp-content\/uploads\/2015\/05\/tecnologia_c.jpg"},{"@type":"BreadcrumbList","@id":"http:\/\/iberice.com\/pt-pt\/porque-nos\/#breadcrumb","itemListElement":[{"@type":"ListItem","position":1,"name":"Home","item":"https:\/\/iberice.com\/fr\/"},{"@type":"ListItem","position":2,"name":"Porqu\u00ea N\u00f3s?"}]},{"@type":"WebSite","@id":"https:\/\/iberice.com\/pt-pt\/#website","url":"https:\/\/iberice.com\/pt-pt\/","name":"Iberice","description":"Iberice - Flex Fun Ice","potentialAction":[{"@type":"SearchAction","target":{"@type":"EntryPoint","urlTemplate":"https:\/\/iberice.com\/pt-pt\/?s={search_term_string}"},"query-input":{"@type":"PropertyValueSpecification","valueRequired":true,"valueName":"search_term_string"}}],"inLanguage":"pt-PT"}]}},"_links":{"self":[{"href":"https:\/\/iberice.com\/pt-pt\/wp-json\/wp\/v2\/pages\/3822","targetHints":{"allow":["GET"]}}],"collection":[{"href":"https:\/\/iberice.com\/pt-pt\/wp-json\/wp\/v2\/pages"}],"about":[{"href":"https:\/\/iberice.com\/pt-pt\/wp-json\/wp\/v2\/types\/page"}],"author":[{"embeddable":true,"href":"https:\/\/iberice.com\/pt-pt\/wp-json\/wp\/v2\/users\/1"}],"replies":[{"embeddable":true,"href":"https:\/\/iberice.com\/pt-pt\/wp-json\/wp\/v2\/comments?post=3822"}],"version-history":[{"count":8,"href":"https:\/\/iberice.com\/pt-pt\/wp-json\/wp\/v2\/pages\/3822\/revisions"}],"predecessor-version":[{"id":4277,"href":"https:\/\/iberice.com\/pt-pt\/wp-json\/wp\/v2\/pages\/3822\/revisions\/4277"}],"wp:attachment":[{"href":"https:\/\/iberice.com\/pt-pt\/wp-json\/wp\/v2\/media?parent=3822"}],"curies":[{"name":"wp","href":"https:\/\/api.w.org\/{rel}","templated":true}]}}