{"id":3784,"date":"2015-09-21T13:23:07","date_gmt":"2015-09-21T13:23:07","guid":{"rendered":"http:\/\/iberice.com\/?page_id=3784"},"modified":"2024-07-21T18:13:53","modified_gmt":"2024-07-21T18:13:53","slug":"3784-2","status":"publish","type":"page","link":"https:\/\/iberice.com\/pt-pt\/","title":{"rendered":"Pista de Gelo"},"content":{"rendered":"<div class=\"wpb-content-wrapper\"><p>[vc_row css=&#8221;.vc_custom_1432499421040{padding-top: 25px !important;padding-bottom: 25px !important;}&#8221;][vc_column][vc_column_text]<\/p>\n<h2 style=\"text-align: center;\">NA IBERICE<\/h2>\n<p style=\"text-align: center;\">Cri\u00e1mos eventos no gelo desde 1998.<\/p>\n<p style=\"text-align: center;\"><a class=\"omsc-button omsc-custom-hover omsc-size-small omsc-style-flat omsc-text-bright\" href=\"http:\/\/iberice.com\/pt-pt\/porque-nos\/\" target=\"_parent\" style=\"background-color:#005f8a;border-color:#005f8a;color:#ffffff\" data-hover-bg-color=\"#4d8fad\" data-hover-border-color=\"#4d8fad\">Mais Informa\u00e7\u00e3o<\/a><\/p>\n<p>[\/vc_column_text][\/vc_column][\/vc_row][vc_row full_width=&#8221;stretch_row&#8221; css=&#8221;.vc_custom_1721585358923{margin-top: 0px !important;margin-bottom: 0px !important;padding-top: 0px !important;padding-bottom: 0px !important;background-color: #ededed !important;}&#8221;][vc_column css=&#8221;.vc_custom_1721585374827{margin-top: 0px !important;margin-bottom: 0px !important;padding-top: 20px !important;padding-bottom: 0px !important;}&#8221;][vc_column_text css=&#8221;.vc_custom_1721585458849{margin-bottom: 0px !important;}&#8221;]<\/p>\n<h3 style=\"text-align: center;\">SOLU\u00c7\u00d5ES FLEXFUN-ICE<\/h3>\n<p>[\/vc_column_text][\/vc_column][\/vc_row][vc_row full_width=&#8221;stretch_row&#8221; css=&#8221;.vc_custom_1432510788186{margin-bottom: 0px !important;padding-bottom: 30px !important;background-color: #ededed !important;}&#8221;][vc_column width=&#8221;1\/3&#8243;][vc_single_image image=&#8221;3523&#8243; img_size=&#8221;full&#8221; alignment=&#8221;center&#8221; onclick=&#8221;custom_link&#8221; css=&#8221;.vc_custom_1442930414655{margin-bottom: 0px !important;padding-bottom: 0px !important;}&#8221; link=&#8221;http:\/\/iberice.com\/pt-pt\/pista-de-gelo\/&#8221;][vc_column_text css=&#8221;.vc_custom_1721585398067{margin-top: 15px !important;padding-bottom: 55px !important;}&#8221;]<\/p>\n<h1 style=\"text-align: center;\">ICE RINK<br \/>\nALU FLEX FUN ICE<\/h1>\n<h4 style=\"text-align: center;\">A Pista de Gelo\u00a0Divertida e\u00a0Ultra-M\u00f3vel.<\/h4>\n<p>[\/vc_column_text][\/vc_column][vc_column width=&#8221;1\/3&#8243;][vc_single_image image=&#8221;3543&#8243; img_size=&#8221;full&#8221; alignment=&#8221;center&#8221; onclick=&#8221;custom_link&#8221; css=&#8221;.vc_custom_1442930430056{margin-bottom: 0px !important;padding-bottom: 0px !important;}&#8221; link=&#8221;http:\/\/iberice.com\/pt-pt\/pista-e-escorrega\/&#8221;][vc_column_text css=&#8221;.vc_custom_1721585410183{margin-top: 15px !important;border-top-width: 0px !important;padding-bottom: 55px !important;}&#8221;]<\/p>\n<h1 style=\"text-align: center;\">FLEXFUN-ICE<br \/>\nTRACK&amp;SLIDE<\/h1>\n<h4 style=\"text-align: center;\">A Pista e Escorrega Extra-Divertidos.<\/h4>\n<p>[\/vc_column_text][\/vc_column][vc_column width=&#8221;1\/3&#8243;][vc_single_image image=&#8221;3254&#8243; img_size=&#8221;full&#8221; alignment=&#8221;center&#8221; onclick=&#8221;custom_link&#8221; css=&#8221;.vc_custom_1442930450087{margin-bottom: 0px !important;padding-bottom: 0px !important;}&#8221; link=&#8221;http:\/\/iberice.com\/pt-pt\/multi-flexfun-ice\/&#8221;][vc_column_text css=&#8221;.vc_custom_1721585417579{margin-top: 15px !important;padding-top: 0px !important;padding-bottom: 55px !important;}&#8221;]<\/p>\n<h1 style=\"text-align: center;\">MULTI FLEXFUN-ICE<\/h1>\n<h4 style=\"text-align: center;\">A\u00a0Divertida Pista de Gelo\u00a0Multiusos.<\/h4>\n<p>[\/vc_column_text][\/vc_column][\/vc_row][vc_row full_width=&#8221;stretch_row&#8221;][vc_column css=&#8221;.vc_custom_1432510051774{padding-top: 45px !important;padding-bottom: 15px !important;}&#8221;][vc_column_text]<\/p>\n<p style=\"text-align: center;\"><a class=\"omsc-button omsc-no-custom-hover omsc-size-large omsc-style-flat omsc-text-bright\" href=\"http:\/\/iberice.com\/pt-pt\/peca-um-orcamento\/\" target=\"_parent\" style=\"color:#ffffff\">PE\u00c7A UM OR\u00c7AMENTO<\/a><a class=\"omsc-button omsc-custom-hover omsc-size-large omsc-style-flat omsc-text-bright\" href=\"http:\/\/iberice.com\/pt-pt\/seja-nosso-parceiro\/\" target=\"_parent\" style=\"background-color:#005f8a;border-color:#005f8a;color:#ffffff\" data-hover-bg-color=\"#4d8fad\" data-hover-text-color=\"#ffffff\" data-hover-border-color=\"#4d8fad\">SEJA NOSSO PARCEIRO<\/a><\/p>\n<p>[\/vc_column_text][\/vc_column][\/vc_row][vc_row full_width=&#8221;stretch_row&#8221; css=&#8221;.vc_custom_1432503483069{margin-bottom: 0px !important;padding-top: 55px !important;padding-bottom: 55px !important;background-color: #005f8a !important;}&#8221;][vc_column][vc_column_text]<\/p>\n<h1 style=\"text-align: center;\"><span style=\"color: #ffffff;\"><strong>FLEXIBILIDADE<\/strong> E <strong>DIVERS\u00c3O<\/strong> EM GELO<\/span><\/h1>\n<h4 style=\"text-align: center;\">COM EXCELENTES SOLU\u00c7\u00d5ES DE GELO<\/h4>\n<p style=\"text-align: center;\"><div style=\"max-width:600px;margin:0 auto\"><div class=\"omsc-responsive-box omsc-responsive-box-video\"><iframe loading=\"lazy\" src=\"https:\/\/www.youtube.com\/embed\/ToWo9iAnHVw?rel=0&amp;showinfo=0\" width=\"600\" height=\"338\" frameborder=\"0\" allowfullscreen=\"allowfullscreen\"><\/iframe><\/div><\/div>\n<p>[\/vc_column_text][\/vc_column][\/vc_row]<\/p>\n<\/div>","protected":false},"excerpt":{"rendered":"<p>[vc_row css=&#8221;.vc_custom_1432499421040{padding-top: 25px !important;padding-bottom: 25px !important;}&#8221;][vc_column][vc_column_text] NA IBERICE Cri\u00e1mos eventos no gelo desde 1998. [\/vc_column_text][\/vc_column][\/vc_row][vc_row full_width=&#8221;stretch_row&#8221; css=&#8221;.vc_custom_1721585358923{margin-top: 0px !important;margin-bottom: 0px !important;padding-top: 0px !important;padding-bottom: 0px !important;background-color:&hellip;<\/p>\n<p><a href=\"https:\/\/iberice.com\/pt-pt\/\" class=\"more-link post-excerpt-readmore\">Read more<\/a><\/p>\n","protected":false},"author":1,"featured_media":0,"parent":0,"menu_order":1,"comment_status":"closed","ping_status":"closed","template":"","meta":{"_exactmetrics_skip_tracking":false,"_exactmetrics_sitenote_active":false,"_exactmetrics_sitenote_note":"","_exactmetrics_sitenote_category":0,"footnotes":""},"class_list":["post-3784","page","type-page","status-publish","hentry"],"yoast_head":"<!-- This site is optimized with the Yoast SEO plugin v27.5 - https:\/\/yoast.com\/product\/yoast-seo-wordpress\/ -->\n<title>Pista de Gelo | Iberice The Flexible Fun Ice<\/title>\n<meta name=\"description\" content=\"As pistas de gelo s\u00e3o locais \u00f3ptimos de divers\u00e3o com amigos e fam\u00edlia. As pistas de gelo s\u00e3o a atrac\u00e7\u00e3o que melhor aumenta a aflu\u00eancia nas zonas pedonais.\" \/>\n<meta name=\"robots\" content=\"index, follow, max-snippet:-1, max-image-preview:large, max-video-preview:-1\" \/>\n<link rel=\"canonical\" href=\"https:\/\/iberice.com\/fr\/\" \/>\n<meta property=\"og:locale\" content=\"pt_PT\" \/>\n<meta property=\"og:type\" content=\"article\" \/>\n<meta property=\"og:title\" content=\"Pista de Gelo | Iberice The Flexible Fun Ice\" \/>\n<meta property=\"og:description\" content=\"As pistas de gelo s\u00e3o locais \u00f3ptimos de divers\u00e3o com amigos e fam\u00edlia. As pistas de gelo s\u00e3o a atrac\u00e7\u00e3o que melhor aumenta a aflu\u00eancia nas zonas pedonais.\" \/>\n<meta property=\"og:url\" content=\"https:\/\/iberice.com\/fr\/\" \/>\n<meta property=\"og:site_name\" content=\"Iberice\" \/>\n<meta property=\"article:publisher\" content=\"https:\/\/www.facebook.com\/IberIce.IceSolutions\" \/>\n<meta property=\"article:modified_time\" content=\"2024-07-21T18:13:53+00:00\" \/>\n<meta property=\"og:image\" content=\"http:\/\/demo.iberice.com\/wp-content\/uploads\/2015\/05\/thumb.jpg\" \/>\n<meta name=\"twitter:card\" content=\"summary_large_image\" \/>\n<meta name=\"twitter:label1\" content=\"Tempo estimado de leitura\" \/>\n\t<meta name=\"twitter:data1\" content=\"2 minutos\" \/>\n<script type=\"application\/ld+json\" class=\"yoast-schema-graph\">{\"@context\":\"https:\\\/\\\/schema.org\",\"@graph\":[{\"@type\":\"WebPage\",\"@id\":\"https:\\\/\\\/iberice.com\\\/fr\\\/\",\"url\":\"https:\\\/\\\/iberice.com\\\/fr\\\/\",\"name\":\"Pista de Gelo | Iberice The Flexible Fun Ice\",\"isPartOf\":{\"@id\":\"https:\\\/\\\/iberice.com\\\/pt-pt\\\/#website\"},\"datePublished\":\"2015-09-21T13:23:07+00:00\",\"dateModified\":\"2024-07-21T18:13:53+00:00\",\"description\":\"As pistas de gelo s\u00e3o locais \u00f3ptimos de divers\u00e3o com amigos e fam\u00edlia. As pistas de gelo s\u00e3o a atrac\u00e7\u00e3o que melhor aumenta a aflu\u00eancia nas zonas pedonais.\",\"breadcrumb\":{\"@id\":\"https:\\\/\\\/iberice.com\\\/fr\\\/#breadcrumb\"},\"inLanguage\":\"pt-PT\",\"potentialAction\":[{\"@type\":\"ReadAction\",\"target\":[\"https:\\\/\\\/iberice.com\\\/fr\\\/\"]}]},{\"@type\":\"BreadcrumbList\",\"@id\":\"https:\\\/\\\/iberice.com\\\/fr\\\/#breadcrumb\",\"itemListElement\":[{\"@type\":\"ListItem\",\"position\":1,\"name\":\"Home\",\"item\":\"https:\\\/\\\/iberice.com\\\/fr\\\/\"},{\"@type\":\"ListItem\",\"position\":2,\"name\":\"Pista de Gelo\"}]},{\"@type\":\"WebSite\",\"@id\":\"https:\\\/\\\/iberice.com\\\/pt-pt\\\/#website\",\"url\":\"https:\\\/\\\/iberice.com\\\/pt-pt\\\/\",\"name\":\"Iberice\",\"description\":\"Iberice - Flex Fun Ice\",\"potentialAction\":[{\"@type\":\"SearchAction\",\"target\":{\"@type\":\"EntryPoint\",\"urlTemplate\":\"https:\\\/\\\/iberice.com\\\/pt-pt\\\/?s={search_term_string}\"},\"query-input\":{\"@type\":\"PropertyValueSpecification\",\"valueRequired\":true,\"valueName\":\"search_term_string\"}}],\"inLanguage\":\"pt-PT\"}]}<\/script>\n<!-- \/ Yoast SEO plugin. -->","yoast_head_json":{"title":"Pista de Gelo | Iberice The Flexible Fun Ice","description":"As pistas de gelo s\u00e3o locais \u00f3ptimos de divers\u00e3o com amigos e fam\u00edlia. As pistas de gelo s\u00e3o a atrac\u00e7\u00e3o que melhor aumenta a aflu\u00eancia nas zonas pedonais.","robots":{"index":"index","follow":"follow","max-snippet":"max-snippet:-1","max-image-preview":"max-image-preview:large","max-video-preview":"max-video-preview:-1"},"canonical":"https:\/\/iberice.com\/fr\/","og_locale":"pt_PT","og_type":"article","og_title":"Pista de Gelo | Iberice The Flexible Fun Ice","og_description":"As pistas de gelo s\u00e3o locais \u00f3ptimos de divers\u00e3o com amigos e fam\u00edlia. As pistas de gelo s\u00e3o a atrac\u00e7\u00e3o que melhor aumenta a aflu\u00eancia nas zonas pedonais.","og_url":"https:\/\/iberice.com\/fr\/","og_site_name":"Iberice","article_publisher":"https:\/\/www.facebook.com\/IberIce.IceSolutions","article_modified_time":"2024-07-21T18:13:53+00:00","og_image":[{"url":"http:\/\/demo.iberice.com\/wp-content\/uploads\/2015\/05\/thumb.jpg","type":"","width":"","height":""}],"twitter_card":"summary_large_image","twitter_misc":{"Tempo estimado de leitura":"2 minutos"},"schema":{"@context":"https:\/\/schema.org","@graph":[{"@type":"WebPage","@id":"https:\/\/iberice.com\/fr\/","url":"https:\/\/iberice.com\/fr\/","name":"Pista de Gelo | Iberice The Flexible Fun Ice","isPartOf":{"@id":"https:\/\/iberice.com\/pt-pt\/#website"},"datePublished":"2015-09-21T13:23:07+00:00","dateModified":"2024-07-21T18:13:53+00:00","description":"As pistas de gelo s\u00e3o locais \u00f3ptimos de divers\u00e3o com amigos e fam\u00edlia. As pistas de gelo s\u00e3o a atrac\u00e7\u00e3o que melhor aumenta a aflu\u00eancia nas zonas pedonais.","breadcrumb":{"@id":"https:\/\/iberice.com\/fr\/#breadcrumb"},"inLanguage":"pt-PT","potentialAction":[{"@type":"ReadAction","target":["https:\/\/iberice.com\/fr\/"]}]},{"@type":"BreadcrumbList","@id":"https:\/\/iberice.com\/fr\/#breadcrumb","itemListElement":[{"@type":"ListItem","position":1,"name":"Home","item":"https:\/\/iberice.com\/fr\/"},{"@type":"ListItem","position":2,"name":"Pista de Gelo"}]},{"@type":"WebSite","@id":"https:\/\/iberice.com\/pt-pt\/#website","url":"https:\/\/iberice.com\/pt-pt\/","name":"Iberice","description":"Iberice - Flex Fun Ice","potentialAction":[{"@type":"SearchAction","target":{"@type":"EntryPoint","urlTemplate":"https:\/\/iberice.com\/pt-pt\/?s={search_term_string}"},"query-input":{"@type":"PropertyValueSpecification","valueRequired":true,"valueName":"search_term_string"}}],"inLanguage":"pt-PT"}]}},"_links":{"self":[{"href":"https:\/\/iberice.com\/pt-pt\/wp-json\/wp\/v2\/pages\/3784","targetHints":{"allow":["GET"]}}],"collection":[{"href":"https:\/\/iberice.com\/pt-pt\/wp-json\/wp\/v2\/pages"}],"about":[{"href":"https:\/\/iberice.com\/pt-pt\/wp-json\/wp\/v2\/types\/page"}],"author":[{"embeddable":true,"href":"https:\/\/iberice.com\/pt-pt\/wp-json\/wp\/v2\/users\/1"}],"replies":[{"embeddable":true,"href":"https:\/\/iberice.com\/pt-pt\/wp-json\/wp\/v2\/comments?post=3784"}],"version-history":[{"count":24,"href":"https:\/\/iberice.com\/pt-pt\/wp-json\/wp\/v2\/pages\/3784\/revisions"}],"predecessor-version":[{"id":5630,"href":"https:\/\/iberice.com\/pt-pt\/wp-json\/wp\/v2\/pages\/3784\/revisions\/5630"}],"wp:attachment":[{"href":"https:\/\/iberice.com\/pt-pt\/wp-json\/wp\/v2\/media?parent=3784"}],"curies":[{"name":"wp","href":"https:\/\/api.w.org\/{rel}","templated":true}]}}