{"id":3883,"date":"2015-05-29T19:39:58","date_gmt":"2015-05-29T19:39:58","guid":{"rendered":"http:\/\/iberice.com\/our-business-models-2\/"},"modified":"2015-09-26T16:55:16","modified_gmt":"2015-09-26T16:55:16","slug":"modeles-economiques","status":"publish","type":"page","link":"https:\/\/iberice.com\/fr\/modeles-economiques\/","title":{"rendered":"Mod\u00e8les \u00c9conomiques"},"content":{"rendered":"<div class=\"wpb-content-wrapper\"><p>[vc_row][vc_column width=\u00a0\u00bb1\/1&Prime;][\/vc_column][\/vc_row][vc_row][vc_column width=\u00a0\u00bb1\/1&Prime;][vc_column_text]<\/p>\n<h1 style=\"text-align: center;\">FLEXFUN-ICE<br \/>\nMOD\u00c8LES \u00c9CONOMIQUES<\/h1>\n<h3 style=\"text-align: center;\">Nos mod\u00e8les \u00e9conomiques \u00e9prouv\u00e9s\u00a0les mieux adapt\u00e9s \u00e0 vos besoins.<\/h3>\n<p>[\/vc_column_text][\/vc_column][\/vc_row][vc_row full_width=\u00a0\u00bbstretch_row\u00a0\u00bb css=\u00a0\u00bb.vc_custom_1433264637236{margin-bottom: 0px !important;padding-top: 30px !important;padding-bottom: 30px !important;background-color: #00a551 !important;}\u00a0\u00bb][vc_column width=\u00a0\u00bb1\/3&Prime;][vc_column_text]<img class=\"lazyload aligncenter wp-image-4342 size-full\" data-original=\"http:\/\/iberice.com\/wp-content\/uploads\/2015\/05\/own_ice_b_fr.png\" alt=\"\" width=\"750\" height=\"666\" \/>[\/vc_column_text][\/vc_column][vc_column width=\u00a0\u00bb1\/3&Prime;][vc_column_text]<img class=\"lazyload aligncenter wp-image-4343 size-full\" data-original=\"http:\/\/iberice.com\/wp-content\/uploads\/2015\/05\/lease_ice_b_fr.png\" alt=\"\" width=\"750\" height=\"666\" \/>[\/vc_column_text][\/vc_column][vc_column width=\u00a0\u00bb1\/3&Prime;][vc_column_text]<img class=\"lazyload aligncenter wp-image-4344 size-full\" data-original=\"http:\/\/iberice.com\/wp-content\/uploads\/2015\/05\/rent_ice_b_fr.png\" alt=\"\" width=\"750\" height=\"666\" \/>[\/vc_column_text][\/vc_column][\/vc_row][vc_row full_width=\u00a0\u00bbstretch_row_content\u00a0\u00bb][vc_column width=\u00a0\u00bb1\/1&Prime; css=\u00a0\u00bb.vc_custom_1433265139564{padding-top: 45px !important;padding-bottom: 15px !important;}\u00a0\u00bb][vc_column_text]<\/p>\n<p style=\"text-align: center;\"><a class=\"omsc-button omsc-no-custom-hover omsc-size-large omsc-style-flat omsc-text-bright\" href=\"http:\/\/iberice.com\/fr\/demander-un-devis\/\" target=\"_parent\" style=\"color:#ffffff\">DEMANDER UN DEVIS<\/a><a class=\"omsc-button omsc-custom-hover omsc-size-large omsc-style-flat omsc-text-bright\" href=\"http:\/\/iberice.com\/fr\/devenir-partenaire\/\" target=\"_parent\" style=\"background-color:#005f8a;border-color:#005f8a;color:#ffffff\" data-hover-bg-color=\"#4d8fad\" data-hover-text-color=\"#ffffff\" data-hover-border-color=\"#4d8fad\">DEVENIR PARTENAIRE<\/a><\/p>\n<p>[\/vc_column_text][\/vc_column][\/vc_row][vc_row css=\u00a0\u00bb.vc_custom_1432503483069{margin-bottom: 0px !important;padding-top: 55px !important;padding-bottom: 55px !important;background-color: #005f8a !important;}\u00a0\u00bb full_width=\u00a0\u00bbstretch_row\u00a0\u00bb][vc_column width=\u00a0\u00bb1\/1&Prime;][vc_column_text]<\/p>\n<h1 style=\"text-align: center;\"><span style=\"color: #ffffff;\">GLACE A <strong>AMUSEMENT<\/strong> <strong>FLEXIBLE<\/strong><\/span><\/h1>\n<h4 style=\"text-align: center;\">SOLUTIONS DE GLACE DE HAUTE QUALITE<\/h4>\n<p style=\"text-align: center;\"><div style=\"max-width:600px;margin:0 auto\"><div class=\"omsc-responsive-box omsc-responsive-box-video\"><iframe loading=\"lazy\" src=\"https:\/\/www.youtube.com\/embed\/ToWo9iAnHVw?rel=0&amp;showinfo=0\" width=\"600\" height=\"338\" frameborder=\"0\" allowfullscreen=\"allowfullscreen\"><\/iframe><\/div><\/div>\n<p>[\/vc_column_text][\/vc_column][\/vc_row]<\/p>\n<\/div>","protected":false},"excerpt":{"rendered":"<p>[vc_row][vc_column width=\u00a0\u00bb1\/1&Prime;][\/vc_column][\/vc_row][vc_row][vc_column width=\u00a0\u00bb1\/1&Prime;][vc_column_text] FLEXFUN-ICE MOD\u00c8LES \u00c9CONOMIQUES Nos mod\u00e8les \u00e9conomiques \u00e9prouv\u00e9s\u00a0les mieux adapt\u00e9s \u00e0 vos besoins. [\/vc_column_text][\/vc_column][\/vc_row][vc_row full_width=\u00a0\u00bbstretch_row\u00a0\u00bb css=\u00a0\u00bb.vc_custom_1433264637236{margin-bottom: 0px !important;padding-top: 30px !important;padding-bottom: 30px !important;background-color: #00a551&hellip;<\/p>\n<p><a href=\"https:\/\/iberice.com\/fr\/modeles-economiques\/\" class=\"more-link post-excerpt-readmore\">Read more<\/a><\/p>\n","protected":false},"author":1,"featured_media":0,"parent":0,"menu_order":10,"comment_status":"open","ping_status":"open","template":"","meta":{"_exactmetrics_skip_tracking":false,"_exactmetrics_sitenote_active":false,"_exactmetrics_sitenote_note":"","_exactmetrics_sitenote_category":0,"footnotes":""},"class_list":["post-3883","page","type-page","status-publish","hentry"],"yoast_head":"<!-- This site is optimized with the Yoast SEO plugin v27.3 - https:\/\/yoast.com\/product\/yoast-seo-wordpress\/ -->\n<title>Mod\u00e8les \u00c9conomiques - Iberice<\/title>\n<meta name=\"robots\" content=\"index, follow, max-snippet:-1, max-image-preview:large, max-video-preview:-1\" \/>\n<link rel=\"canonical\" href=\"https:\/\/iberice.com\/our-business-models\/\" \/>\n<meta property=\"og:locale\" content=\"fr_FR\" \/>\n<meta property=\"og:type\" content=\"article\" \/>\n<meta property=\"og:title\" content=\"Flexfun-Ice Business Models\" \/>\n<meta property=\"og:description\" content=\"Own Ice - Lease Ice - Rent Ice\" \/>\n<meta property=\"og:url\" content=\"https:\/\/iberice.com\/our-business-models\/\" \/>\n<meta property=\"og:site_name\" content=\"Iberice\" \/>\n<meta property=\"article:publisher\" content=\"https:\/\/www.facebook.com\/IberIce.IceSolutions\" \/>\n<meta property=\"article:modified_time\" content=\"2015-09-26T16:55:16+00:00\" \/>\n<meta property=\"og:image\" content=\"http:\/\/iberice.com\/wp-content\/uploads\/2015\/05\/models.png\" \/>\n<meta name=\"twitter:card\" content=\"summary_large_image\" \/>\n<meta name=\"twitter:label1\" content=\"Dur\u00e9e de lecture estim\u00e9e\" \/>\n\t<meta name=\"twitter:data1\" content=\"1 minute\" \/>\n<script type=\"application\/ld+json\" class=\"yoast-schema-graph\">{\"@context\":\"https:\\\/\\\/schema.org\",\"@graph\":[{\"@type\":\"WebPage\",\"@id\":\"https:\\\/\\\/iberice.com\\\/our-business-models\\\/\",\"url\":\"https:\\\/\\\/iberice.com\\\/our-business-models\\\/\",\"name\":\"Mod\u00e8les \u00c9conomiques - Iberice\",\"isPartOf\":{\"@id\":\"https:\\\/\\\/iberice.com\\\/pt-pt\\\/#website\"},\"primaryImageOfPage\":{\"@id\":\"https:\\\/\\\/iberice.com\\\/our-business-models\\\/#primaryimage\"},\"image\":{\"@id\":\"https:\\\/\\\/iberice.com\\\/our-business-models\\\/#primaryimage\"},\"thumbnailUrl\":\"http:\\\/\\\/iberice.com\\\/wp-content\\\/uploads\\\/2015\\\/05\\\/own_ice_b_fr.png\",\"datePublished\":\"2015-05-29T19:39:58+00:00\",\"dateModified\":\"2015-09-26T16:55:16+00:00\",\"breadcrumb\":{\"@id\":\"https:\\\/\\\/iberice.com\\\/our-business-models\\\/#breadcrumb\"},\"inLanguage\":\"fr-FR\",\"potentialAction\":[{\"@type\":\"ReadAction\",\"target\":[\"https:\\\/\\\/iberice.com\\\/our-business-models\\\/\"]}]},{\"@type\":\"ImageObject\",\"inLanguage\":\"fr-FR\",\"@id\":\"https:\\\/\\\/iberice.com\\\/our-business-models\\\/#primaryimage\",\"url\":\"http:\\\/\\\/iberice.com\\\/wp-content\\\/uploads\\\/2015\\\/05\\\/own_ice_b_fr.png\",\"contentUrl\":\"http:\\\/\\\/iberice.com\\\/wp-content\\\/uploads\\\/2015\\\/05\\\/own_ice_b_fr.png\"},{\"@type\":\"BreadcrumbList\",\"@id\":\"https:\\\/\\\/iberice.com\\\/our-business-models\\\/#breadcrumb\",\"itemListElement\":[{\"@type\":\"ListItem\",\"position\":1,\"name\":\"Home\",\"item\":\"https:\\\/\\\/iberice.com\\\/fr\\\/\"},{\"@type\":\"ListItem\",\"position\":2,\"name\":\"Mod\u00e8les \u00c9conomiques\"}]},{\"@type\":\"WebSite\",\"@id\":\"https:\\\/\\\/iberice.com\\\/pt-pt\\\/#website\",\"url\":\"https:\\\/\\\/iberice.com\\\/pt-pt\\\/\",\"name\":\"Iberice\",\"description\":\"Iberice - Flex Fun Ice\",\"potentialAction\":[{\"@type\":\"SearchAction\",\"target\":{\"@type\":\"EntryPoint\",\"urlTemplate\":\"https:\\\/\\\/iberice.com\\\/pt-pt\\\/?s={search_term_string}\"},\"query-input\":{\"@type\":\"PropertyValueSpecification\",\"valueRequired\":true,\"valueName\":\"search_term_string\"}}],\"inLanguage\":\"fr-FR\"}]}<\/script>\n<!-- \/ Yoast SEO plugin. -->","yoast_head_json":{"title":"Mod\u00e8les \u00c9conomiques - Iberice","robots":{"index":"index","follow":"follow","max-snippet":"max-snippet:-1","max-image-preview":"max-image-preview:large","max-video-preview":"max-video-preview:-1"},"canonical":"https:\/\/iberice.com\/our-business-models\/","og_locale":"fr_FR","og_type":"article","og_title":"Flexfun-Ice Business Models","og_description":"Own Ice - Lease Ice - Rent Ice","og_url":"https:\/\/iberice.com\/our-business-models\/","og_site_name":"Iberice","article_publisher":"https:\/\/www.facebook.com\/IberIce.IceSolutions","article_modified_time":"2015-09-26T16:55:16+00:00","og_image":[{"url":"http:\/\/iberice.com\/wp-content\/uploads\/2015\/05\/models.png","type":"","width":"","height":""}],"twitter_card":"summary_large_image","twitter_misc":{"Dur\u00e9e de lecture estim\u00e9e":"1 minute"},"schema":{"@context":"https:\/\/schema.org","@graph":[{"@type":"WebPage","@id":"https:\/\/iberice.com\/our-business-models\/","url":"https:\/\/iberice.com\/our-business-models\/","name":"Mod\u00e8les \u00c9conomiques - Iberice","isPartOf":{"@id":"https:\/\/iberice.com\/pt-pt\/#website"},"primaryImageOfPage":{"@id":"https:\/\/iberice.com\/our-business-models\/#primaryimage"},"image":{"@id":"https:\/\/iberice.com\/our-business-models\/#primaryimage"},"thumbnailUrl":"http:\/\/iberice.com\/wp-content\/uploads\/2015\/05\/own_ice_b_fr.png","datePublished":"2015-05-29T19:39:58+00:00","dateModified":"2015-09-26T16:55:16+00:00","breadcrumb":{"@id":"https:\/\/iberice.com\/our-business-models\/#breadcrumb"},"inLanguage":"fr-FR","potentialAction":[{"@type":"ReadAction","target":["https:\/\/iberice.com\/our-business-models\/"]}]},{"@type":"ImageObject","inLanguage":"fr-FR","@id":"https:\/\/iberice.com\/our-business-models\/#primaryimage","url":"http:\/\/iberice.com\/wp-content\/uploads\/2015\/05\/own_ice_b_fr.png","contentUrl":"http:\/\/iberice.com\/wp-content\/uploads\/2015\/05\/own_ice_b_fr.png"},{"@type":"BreadcrumbList","@id":"https:\/\/iberice.com\/our-business-models\/#breadcrumb","itemListElement":[{"@type":"ListItem","position":1,"name":"Home","item":"https:\/\/iberice.com\/fr\/"},{"@type":"ListItem","position":2,"name":"Mod\u00e8les \u00c9conomiques"}]},{"@type":"WebSite","@id":"https:\/\/iberice.com\/pt-pt\/#website","url":"https:\/\/iberice.com\/pt-pt\/","name":"Iberice","description":"Iberice - Flex Fun Ice","potentialAction":[{"@type":"SearchAction","target":{"@type":"EntryPoint","urlTemplate":"https:\/\/iberice.com\/pt-pt\/?s={search_term_string}"},"query-input":{"@type":"PropertyValueSpecification","valueRequired":true,"valueName":"search_term_string"}}],"inLanguage":"fr-FR"}]}},"_links":{"self":[{"href":"https:\/\/iberice.com\/fr\/wp-json\/wp\/v2\/pages\/3883","targetHints":{"allow":["GET"]}}],"collection":[{"href":"https:\/\/iberice.com\/fr\/wp-json\/wp\/v2\/pages"}],"about":[{"href":"https:\/\/iberice.com\/fr\/wp-json\/wp\/v2\/types\/page"}],"author":[{"embeddable":true,"href":"https:\/\/iberice.com\/fr\/wp-json\/wp\/v2\/users\/1"}],"replies":[{"embeddable":true,"href":"https:\/\/iberice.com\/fr\/wp-json\/wp\/v2\/comments?post=3883"}],"version-history":[{"count":6,"href":"https:\/\/iberice.com\/fr\/wp-json\/wp\/v2\/pages\/3883\/revisions"}],"predecessor-version":[{"id":4345,"href":"https:\/\/iberice.com\/fr\/wp-json\/wp\/v2\/pages\/3883\/revisions\/4345"}],"wp:attachment":[{"href":"https:\/\/iberice.com\/fr\/wp-json\/wp\/v2\/media?parent=3883"}],"curies":[{"name":"wp","href":"https:\/\/api.w.org\/{rel}","templated":true}]}}