{"id":3875,"date":"2015-05-23T17:19:02","date_gmt":"2015-05-23T17:19:02","guid":{"rendered":"http:\/\/iberice.com\/business-we-serve-2\/"},"modified":"2015-09-23T13:30:04","modified_gmt":"2015-09-23T13:30:04","slug":"quels-secteurs-couvrons-nous","status":"publish","type":"page","link":"https:\/\/iberice.com\/fr\/quels-secteurs-couvrons-nous\/","title":{"rendered":"Quels Secteurs Couvrons-nous?"},"content":{"rendered":"<div class=\"wpb-content-wrapper\"><p>[vc_row][vc_column width=\u00a0\u00bb1\/1&Prime;][\/vc_column][\/vc_row][vc_row][vc_column width=\u00a0\u00bb1\/2&Prime;][vc_column_text]<\/p>\n<h1 style=\"text-align: left;\">QUELS SECTEURS\u00a0COUVRONS-NOUS?<\/h1>\n<h3>Nos produits sont pens\u00e9s pour aider:<\/h3>\n<p><i class=\"omsc-icon fa fa-chevron-circle-right fa-lg\" style=\"color:#005f8a\"><\/i>\u00a0 <strong>L&rsquo;industrie \u00e9v\u00e9nementielle:<\/strong> Fournisseurs d&rsquo;\u00e9quipements et de produits;<\/p>\n<p><i class=\"omsc-icon fa fa-chevron-circle-right fa-lg\" style=\"color:#005f8a\"><\/i>\u00a0 <strong>Les organisateurs d&rsquo;\u00e9v\u00e9nements:<\/strong> Agences d&rsquo;\u00e9v\u00e9nements et de marketing;<\/p>\n<p><i class=\"omsc-icon fa fa-chevron-circle-right fa-lg\" style=\"color:#005f8a\"><\/i>\u00a0 <strong>Les entreprises de construction:<\/strong> Soci\u00e9t\u00e9s d&rsquo;ing\u00e9nierie et d&rsquo;infrastructures;<\/p>\n<p>&nbsp;<\/p>\n<h1 style=\"text-align: left;\">DOMAINES ET APPLICATIONS?<\/h1>\n<h3>Nos patinoires sont une solution rentable pour:<\/h3>\n<p><i class=\"omsc-icon fa fa-chevron-circle-right fa-lg\" style=\"color:#005f8a\"><\/i> Les centres commerciaux, l&rsquo;industrie du d\u00e9tail;<\/p>\n<p><i class=\"omsc-icon fa fa-chevron-circle-right fa-lg\" style=\"color:#005f8a\"><\/i> Les espaces publics, les municipalit\u00e9s, les espaces de loisirs;<\/p>\n<p><i class=\"omsc-icon fa fa-chevron-circle-right fa-lg\" style=\"color:#005f8a\"><\/i> Les parcs th\u00e9matiques, les h\u00f4tels et complexes touristiques,\u00a0les centres de divertissement familial;<\/p>\n<p><i class=\"omsc-icon fa fa-chevron-circle-right fa-lg\" style=\"color:#005f8a\"><\/i> L&rsquo;industrie de la publicit\u00e9 et des films;<\/p>\n<p>&nbsp;<\/p>\n<p style=\"text-align: left;\"><a class=\"omsc-button omsc-no-custom-hover omsc-size-large omsc-style-flat omsc-text-bright\" href=\"http:\/\/iberice.com\/fr\/demander-un-devis\/\" target=\"_parent\" style=\"color:#ffffff\">DEMANDER UN DEVIS<\/a><a class=\"omsc-button omsc-custom-hover omsc-size-large omsc-style-flat omsc-text-bright\" href=\"http:\/\/iberice.com\/fr\/devenir-partenaire\/\" target=\"_parent\" style=\"background-color:#005f8a;border-color:#005f8a;color:#ffffff\" data-hover-bg-color=\"#4d8fad\" data-hover-text-color=\"#ffffff\" data-hover-border-color=\"#4d8fad\">DEVENIR PARTENAIRE<\/a><\/p>\n<p>[\/vc_column_text][\/vc_column][vc_column width=\u00a0\u00bb1\/2&Prime;][vc_column_text]<img class=\"lazyload size-full wp-image-3545 aligncenter\" data-original=\"http:\/\/iberice.com\/wp-content\/uploads\/2015\/06\/we_serve.jpg\" alt=\"\" width=\"781\" height=\"586\" \/>[\/vc_column_text][\/vc_column][\/vc_row][vc_row css=\u00a0\u00bb.vc_custom_1432503483069{margin-bottom: 0px !important;padding-top: 55px !important;padding-bottom: 55px !important;background-color: #005f8a !important;}\u00a0\u00bb full_width=\u00a0\u00bbstretch_row\u00a0\u00bb][vc_column width=\u00a0\u00bb1\/1&Prime;][vc_column_text]<\/p>\n<h1 style=\"text-align: center;\"><span style=\"color: #ffffff;\">GLACE A <strong>AMUSEMENT<\/strong> <strong>FLEXIBLE<\/strong><\/span><\/h1>\n<h4 style=\"text-align: center;\">SOLUTIONS DE GLACE DE HAUTE QUALITE<\/h4>\n<p style=\"text-align: center;\"><div style=\"max-width:600px;margin:0 auto\"><div class=\"omsc-responsive-box omsc-responsive-box-video\"><iframe loading=\"lazy\" src=\"https:\/\/www.youtube.com\/embed\/ToWo9iAnHVw?rel=0&amp;showinfo=0\" width=\"600\" height=\"338\" frameborder=\"0\" allowfullscreen=\"allowfullscreen\"><\/iframe><\/div><\/div>\n<p>[\/vc_column_text][\/vc_column][\/vc_row]<\/p>\n<\/div>","protected":false},"excerpt":{"rendered":"<p>[vc_row][vc_column width=\u00a0\u00bb1\/1&Prime;][\/vc_column][\/vc_row][vc_row][vc_column width=\u00a0\u00bb1\/2&Prime;][vc_column_text] QUELS SECTEURS\u00a0COUVRONS-NOUS? Nos produits sont pens\u00e9s pour aider: \u00a0 L&rsquo;industrie \u00e9v\u00e9nementielle: Fournisseurs d&rsquo;\u00e9quipements et de produits; \u00a0 Les organisateurs d&rsquo;\u00e9v\u00e9nements: Agences d&rsquo;\u00e9v\u00e9nements&hellip;<\/p>\n<p><a href=\"https:\/\/iberice.com\/fr\/quels-secteurs-couvrons-nous\/\" class=\"more-link post-excerpt-readmore\">Read more<\/a><\/p>\n","protected":false},"author":1,"featured_media":0,"parent":0,"menu_order":9,"comment_status":"open","ping_status":"open","template":"","meta":{"_exactmetrics_skip_tracking":false,"_exactmetrics_sitenote_active":false,"_exactmetrics_sitenote_note":"","_exactmetrics_sitenote_category":0,"footnotes":""},"class_list":["post-3875","page","type-page","status-publish","hentry"],"yoast_head":"<!-- This site is optimized with the Yoast SEO plugin v27.4 - https:\/\/yoast.com\/product\/yoast-seo-wordpress\/ -->\n<title>Quels Secteurs Couvrons-nous? - Iberice<\/title>\n<meta name=\"robots\" content=\"index, follow, max-snippet:-1, max-image-preview:large, max-video-preview:-1\" \/>\n<link rel=\"canonical\" href=\"https:\/\/iberice.com\/business-we-serve\/\" \/>\n<meta property=\"og:locale\" content=\"fr_FR\" \/>\n<meta property=\"og:type\" content=\"article\" \/>\n<meta property=\"og:title\" content=\"Which Businesses We Serve?\" \/>\n<meta property=\"og:description\" content=\"Event Industry: Equipment and Services Suppliers; - Event Organisers: Event and Marketing Agencies; - Construction Companies: Engineering and Infrastructure;\" \/>\n<meta property=\"og:url\" content=\"https:\/\/iberice.com\/business-we-serve\/\" \/>\n<meta property=\"og:site_name\" content=\"Iberice\" \/>\n<meta property=\"article:publisher\" content=\"https:\/\/www.facebook.com\/IberIce.IceSolutions\" \/>\n<meta property=\"article:modified_time\" content=\"2015-09-23T13:30:04+00:00\" \/>\n<meta property=\"og:image\" content=\"http:\/\/iberice.com\/wp-content\/uploads\/2015\/05\/we_serve.png\" \/>\n<meta name=\"twitter:card\" content=\"summary_large_image\" \/>\n<meta name=\"twitter:label1\" content=\"Dur\u00e9e de lecture estim\u00e9e\" \/>\n\t<meta name=\"twitter:data1\" content=\"1 minute\" \/>\n<script type=\"application\/ld+json\" class=\"yoast-schema-graph\">{\"@context\":\"https:\\\/\\\/schema.org\",\"@graph\":[{\"@type\":\"WebPage\",\"@id\":\"https:\\\/\\\/iberice.com\\\/business-we-serve\\\/\",\"url\":\"https:\\\/\\\/iberice.com\\\/business-we-serve\\\/\",\"name\":\"Quels Secteurs Couvrons-nous? - Iberice\",\"isPartOf\":{\"@id\":\"https:\\\/\\\/iberice.com\\\/pt-pt\\\/#website\"},\"primaryImageOfPage\":{\"@id\":\"https:\\\/\\\/iberice.com\\\/business-we-serve\\\/#primaryimage\"},\"image\":{\"@id\":\"https:\\\/\\\/iberice.com\\\/business-we-serve\\\/#primaryimage\"},\"thumbnailUrl\":\"http:\\\/\\\/iberice.com\\\/wp-content\\\/uploads\\\/2015\\\/06\\\/we_serve.jpg\",\"datePublished\":\"2015-05-23T17:19:02+00:00\",\"dateModified\":\"2015-09-23T13:30:04+00:00\",\"breadcrumb\":{\"@id\":\"https:\\\/\\\/iberice.com\\\/business-we-serve\\\/#breadcrumb\"},\"inLanguage\":\"fr-FR\",\"potentialAction\":[{\"@type\":\"ReadAction\",\"target\":[\"https:\\\/\\\/iberice.com\\\/business-we-serve\\\/\"]}]},{\"@type\":\"ImageObject\",\"inLanguage\":\"fr-FR\",\"@id\":\"https:\\\/\\\/iberice.com\\\/business-we-serve\\\/#primaryimage\",\"url\":\"http:\\\/\\\/iberice.com\\\/wp-content\\\/uploads\\\/2015\\\/06\\\/we_serve.jpg\",\"contentUrl\":\"http:\\\/\\\/iberice.com\\\/wp-content\\\/uploads\\\/2015\\\/06\\\/we_serve.jpg\"},{\"@type\":\"BreadcrumbList\",\"@id\":\"https:\\\/\\\/iberice.com\\\/business-we-serve\\\/#breadcrumb\",\"itemListElement\":[{\"@type\":\"ListItem\",\"position\":1,\"name\":\"Home\",\"item\":\"https:\\\/\\\/iberice.com\\\/fr\\\/\"},{\"@type\":\"ListItem\",\"position\":2,\"name\":\"Quels Secteurs Couvrons-nous?\"}]},{\"@type\":\"WebSite\",\"@id\":\"https:\\\/\\\/iberice.com\\\/pt-pt\\\/#website\",\"url\":\"https:\\\/\\\/iberice.com\\\/pt-pt\\\/\",\"name\":\"Iberice\",\"description\":\"Iberice - Flex Fun Ice\",\"potentialAction\":[{\"@type\":\"SearchAction\",\"target\":{\"@type\":\"EntryPoint\",\"urlTemplate\":\"https:\\\/\\\/iberice.com\\\/pt-pt\\\/?s={search_term_string}\"},\"query-input\":{\"@type\":\"PropertyValueSpecification\",\"valueRequired\":true,\"valueName\":\"search_term_string\"}}],\"inLanguage\":\"fr-FR\"}]}<\/script>\n<!-- \/ Yoast SEO plugin. -->","yoast_head_json":{"title":"Quels Secteurs Couvrons-nous? - Iberice","robots":{"index":"index","follow":"follow","max-snippet":"max-snippet:-1","max-image-preview":"max-image-preview:large","max-video-preview":"max-video-preview:-1"},"canonical":"https:\/\/iberice.com\/business-we-serve\/","og_locale":"fr_FR","og_type":"article","og_title":"Which Businesses We Serve?","og_description":"Event Industry: Equipment and Services Suppliers; - Event Organisers: Event and Marketing Agencies; - Construction Companies: Engineering and Infrastructure;","og_url":"https:\/\/iberice.com\/business-we-serve\/","og_site_name":"Iberice","article_publisher":"https:\/\/www.facebook.com\/IberIce.IceSolutions","article_modified_time":"2015-09-23T13:30:04+00:00","og_image":[{"url":"http:\/\/iberice.com\/wp-content\/uploads\/2015\/05\/we_serve.png","type":"","width":"","height":""}],"twitter_card":"summary_large_image","twitter_misc":{"Dur\u00e9e de lecture estim\u00e9e":"1 minute"},"schema":{"@context":"https:\/\/schema.org","@graph":[{"@type":"WebPage","@id":"https:\/\/iberice.com\/business-we-serve\/","url":"https:\/\/iberice.com\/business-we-serve\/","name":"Quels Secteurs Couvrons-nous? - Iberice","isPartOf":{"@id":"https:\/\/iberice.com\/pt-pt\/#website"},"primaryImageOfPage":{"@id":"https:\/\/iberice.com\/business-we-serve\/#primaryimage"},"image":{"@id":"https:\/\/iberice.com\/business-we-serve\/#primaryimage"},"thumbnailUrl":"http:\/\/iberice.com\/wp-content\/uploads\/2015\/06\/we_serve.jpg","datePublished":"2015-05-23T17:19:02+00:00","dateModified":"2015-09-23T13:30:04+00:00","breadcrumb":{"@id":"https:\/\/iberice.com\/business-we-serve\/#breadcrumb"},"inLanguage":"fr-FR","potentialAction":[{"@type":"ReadAction","target":["https:\/\/iberice.com\/business-we-serve\/"]}]},{"@type":"ImageObject","inLanguage":"fr-FR","@id":"https:\/\/iberice.com\/business-we-serve\/#primaryimage","url":"http:\/\/iberice.com\/wp-content\/uploads\/2015\/06\/we_serve.jpg","contentUrl":"http:\/\/iberice.com\/wp-content\/uploads\/2015\/06\/we_serve.jpg"},{"@type":"BreadcrumbList","@id":"https:\/\/iberice.com\/business-we-serve\/#breadcrumb","itemListElement":[{"@type":"ListItem","position":1,"name":"Home","item":"https:\/\/iberice.com\/fr\/"},{"@type":"ListItem","position":2,"name":"Quels Secteurs Couvrons-nous?"}]},{"@type":"WebSite","@id":"https:\/\/iberice.com\/pt-pt\/#website","url":"https:\/\/iberice.com\/pt-pt\/","name":"Iberice","description":"Iberice - Flex Fun Ice","potentialAction":[{"@type":"SearchAction","target":{"@type":"EntryPoint","urlTemplate":"https:\/\/iberice.com\/pt-pt\/?s={search_term_string}"},"query-input":{"@type":"PropertyValueSpecification","valueRequired":true,"valueName":"search_term_string"}}],"inLanguage":"fr-FR"}]}},"_links":{"self":[{"href":"https:\/\/iberice.com\/fr\/wp-json\/wp\/v2\/pages\/3875","targetHints":{"allow":["GET"]}}],"collection":[{"href":"https:\/\/iberice.com\/fr\/wp-json\/wp\/v2\/pages"}],"about":[{"href":"https:\/\/iberice.com\/fr\/wp-json\/wp\/v2\/types\/page"}],"author":[{"embeddable":true,"href":"https:\/\/iberice.com\/fr\/wp-json\/wp\/v2\/users\/1"}],"replies":[{"embeddable":true,"href":"https:\/\/iberice.com\/fr\/wp-json\/wp\/v2\/comments?post=3875"}],"version-history":[{"count":3,"href":"https:\/\/iberice.com\/fr\/wp-json\/wp\/v2\/pages\/3875\/revisions"}],"predecessor-version":[{"id":4175,"href":"https:\/\/iberice.com\/fr\/wp-json\/wp\/v2\/pages\/3875\/revisions\/4175"}],"wp:attachment":[{"href":"https:\/\/iberice.com\/fr\/wp-json\/wp\/v2\/media?parent=3875"}],"curies":[{"name":"wp","href":"https:\/\/api.w.org\/{rel}","templated":true}]}}