{"id":3859,"date":"2015-05-29T19:38:21","date_gmt":"2015-05-29T19:38:21","guid":{"rendered":"http:\/\/iberice.com\/skating-aid-2\/"},"modified":"2015-09-26T16:49:20","modified_gmt":"2015-09-26T16:49:20","slug":"siege-glissant","status":"publish","type":"page","link":"https:\/\/iberice.com\/fr\/siege-glissant\/","title":{"rendered":"Si\u00e8ge Glissant"},"content":{"rendered":"<div class=\"wpb-content-wrapper\"><p>[vc_row][vc_column width=\u00a0\u00bb1\/1&Prime;][\/vc_column][\/vc_row][vc_row][vc_column width=\u00a0\u00bb1\/2&Prime;][vc_column_text]<\/p>\n<h1 style=\"text-align: left;\">SI\u00c8GE GLISSANT<\/h1>\n<h4>La patinoire amusante et ultra-mobile.<\/h4>\n<p>&nbsp;<\/p>\n<h2><strong>BELUGGA<\/strong><\/h2>\n<p><strong>Salut, je suis le Belugga\u2026<\/strong><br \/>\nN\u00e9 en 2011, le \u00ab\u00a0Belugga\u00a0\u00bb est le si\u00e8ge glissant d&rsquo;Iberice.<\/p>\n<p>Notre si\u00e8ge glissant peut vous faire penser \u00e0 une jolie\u00a0baleine beluga qui est tr\u00e8s attractive pour les enfants et\u00a0les adultes.<br \/>\nLe Belugga offre la stabilit\u00e9 n\u00e9cessaire sur la patinoire,\u00a0ainsi que d&rsquo;agr\u00e9ables promenades pour parents et\u00a0enfants.<\/p>\n<p>Le Belugga a \u00e9t\u00e9 con\u00e7u et d\u00e9velopp\u00e9 en conformit\u00e9 avec\u00a0les normes les plus \u00e9lev\u00e9es en mati\u00e8re de mat\u00e9riaux. Le\u00a0Belugga est fait de plastique de haute qualit\u00e9, ce qui le\u00a0rend particuli\u00e8rement r\u00e9sistants et durables.<\/p>\n<p><strong>Avec le Belugga, l&rsquo;exp\u00e9rience du patinage devient unique!<\/strong><\/p>\n<p>&nbsp;<\/p>\n<p style=\"text-align: left;\"><a class=\"omsc-button omsc-no-custom-hover omsc-size-large omsc-style-flat omsc-text-bright\" href=\"http:\/\/iberice.com\/fr\/demander-un-devis\/\" target=\"_parent\" style=\"color:#ffffff\">DEMANDER UN DEVIS<\/a><a class=\"omsc-button omsc-custom-hover omsc-size-large omsc-style-flat omsc-text-bright\" href=\"http:\/\/iberice.com\/fr\/devenir-partenaire\/\" target=\"_parent\" style=\"background-color:#005f8a;border-color:#005f8a;color:#ffffff\" data-hover-bg-color=\"#4d8fad\" data-hover-text-color=\"#ffffff\" data-hover-border-color=\"#4d8fad\">DEVENIR PARTENAIRE<\/a><\/p>\n<p>[\/vc_column_text][\/vc_column][vc_column width=\u00a0\u00bb1\/2&Prime;][vc_column_text]<img class=\"lazyload aligncenter wp-image-4334 size-full\" data-original=\"http:\/\/iberice.com\/wp-content\/uploads\/2015\/05\/belugga_fr.jpg\" alt=\"\" width=\"703\" height=\"683\" \/>[\/vc_column_text][\/vc_column][\/vc_row][vc_row css=\u00a0\u00bb.vc_custom_1432503483069{margin-bottom: 0px !important;padding-top: 55px !important;padding-bottom: 55px !important;background-color: #005f8a !important;}\u00a0\u00bb full_width=\u00a0\u00bbstretch_row\u00a0\u00bb][vc_column width=\u00a0\u00bb1\/1&Prime;][vc_column_text]<\/p>\n<h1 style=\"text-align: center;\"><span style=\"color: #ffffff;\">GLACE A <strong>AMUSEMENT<\/strong> <strong>FLEXIBLE<\/strong><\/span><\/h1>\n<h4 style=\"text-align: center;\">SOLUTIONS DE GLACE DE HAUTE QUALITE<\/h4>\n<p style=\"text-align: center;\"><div style=\"max-width:600px;margin:0 auto\"><div class=\"omsc-responsive-box omsc-responsive-box-video\"><iframe loading=\"lazy\" src=\"https:\/\/www.youtube.com\/embed\/ToWo9iAnHVw?rel=0&amp;showinfo=0\" width=\"600\" height=\"338\" frameborder=\"0\" allowfullscreen=\"allowfullscreen\"><\/iframe><\/div><\/div>\n<p>[\/vc_column_text][\/vc_column][\/vc_row]<\/p>\n<\/div>","protected":false},"excerpt":{"rendered":"<p>[vc_row][vc_column width=\u00a0\u00bb1\/1&Prime;][\/vc_column][\/vc_row][vc_row][vc_column width=\u00a0\u00bb1\/2&Prime;][vc_column_text] SI\u00c8GE GLISSANT La patinoire amusante et ultra-mobile. &nbsp; BELUGGA Salut, je suis le Belugga\u2026 N\u00e9 en 2011, le \u00ab\u00a0Belugga\u00a0\u00bb est le si\u00e8ge&hellip;<\/p>\n<p><a href=\"https:\/\/iberice.com\/fr\/siege-glissant\/\" class=\"more-link post-excerpt-readmore\">Read more<\/a><\/p>\n","protected":false},"author":1,"featured_media":0,"parent":0,"menu_order":7,"comment_status":"open","ping_status":"open","template":"","meta":{"_exactmetrics_skip_tracking":false,"_exactmetrics_sitenote_active":false,"_exactmetrics_sitenote_note":"","_exactmetrics_sitenote_category":0,"footnotes":""},"class_list":["post-3859","page","type-page","status-publish","hentry"],"yoast_head":"<!-- This site is optimized with the Yoast SEO plugin v27.3 - https:\/\/yoast.com\/product\/yoast-seo-wordpress\/ -->\n<title>Skating Aid Belugga - Iberice - The Flexible Fun Ice<\/title>\n<meta name=\"description\" content=\"Skating Aid - The Fun Ultra-Mobile Skating Rink BELUGGAHello, I\u00b4m Belugga\u2026 Born in 2011, the \u201cBelugga\u201d is Iberice\u00b4s skating aid\" \/>\n<meta name=\"robots\" content=\"index, follow, max-snippet:-1, max-image-preview:large, max-video-preview:-1\" \/>\n<link rel=\"canonical\" href=\"https:\/\/iberice.com\/skating-aid\/\" \/>\n<meta property=\"og:locale\" content=\"fr_FR\" \/>\n<meta property=\"og:type\" content=\"article\" \/>\n<meta property=\"og:title\" content=\"Belugga Skating Aid\" \/>\n<meta property=\"og:description\" content=\"Hello, I\u00b4m Belugga\u2026 Born in 2011, the \u201cBelugga\u201d is Iberice\u00b4s skating aid.\" \/>\n<meta property=\"og:url\" content=\"https:\/\/iberice.com\/skating-aid\/\" \/>\n<meta property=\"og:site_name\" content=\"Iberice\" \/>\n<meta property=\"article:publisher\" content=\"https:\/\/www.facebook.com\/IberIce.IceSolutions\" \/>\n<meta property=\"article:modified_time\" content=\"2015-09-26T16:49:20+00:00\" \/>\n<meta property=\"og:image\" content=\"http:\/\/iberice.com\/wp-content\/uploads\/2015\/05\/belugga.png\" \/>\n<meta name=\"twitter:card\" content=\"summary_large_image\" \/>\n<meta name=\"twitter:label1\" content=\"Dur\u00e9e de lecture estim\u00e9e\" \/>\n\t<meta name=\"twitter:data1\" content=\"1 minute\" \/>\n<script type=\"application\/ld+json\" class=\"yoast-schema-graph\">{\"@context\":\"https:\\\/\\\/schema.org\",\"@graph\":[{\"@type\":\"WebPage\",\"@id\":\"https:\\\/\\\/iberice.com\\\/skating-aid\\\/\",\"url\":\"https:\\\/\\\/iberice.com\\\/skating-aid\\\/\",\"name\":\"Skating Aid Belugga - Iberice - The Flexible Fun Ice\",\"isPartOf\":{\"@id\":\"https:\\\/\\\/iberice.com\\\/pt-pt\\\/#website\"},\"primaryImageOfPage\":{\"@id\":\"https:\\\/\\\/iberice.com\\\/skating-aid\\\/#primaryimage\"},\"image\":{\"@id\":\"https:\\\/\\\/iberice.com\\\/skating-aid\\\/#primaryimage\"},\"thumbnailUrl\":\"http:\\\/\\\/iberice.com\\\/wp-content\\\/uploads\\\/2015\\\/05\\\/belugga_fr.jpg\",\"datePublished\":\"2015-05-29T19:38:21+00:00\",\"dateModified\":\"2015-09-26T16:49:20+00:00\",\"description\":\"Skating Aid - The Fun Ultra-Mobile Skating Rink BELUGGAHello, I\u00b4m Belugga\u2026 Born in 2011, the \u201cBelugga\u201d is Iberice\u00b4s skating aid\",\"breadcrumb\":{\"@id\":\"https:\\\/\\\/iberice.com\\\/skating-aid\\\/#breadcrumb\"},\"inLanguage\":\"fr-FR\",\"potentialAction\":[{\"@type\":\"ReadAction\",\"target\":[\"https:\\\/\\\/iberice.com\\\/skating-aid\\\/\"]}]},{\"@type\":\"ImageObject\",\"inLanguage\":\"fr-FR\",\"@id\":\"https:\\\/\\\/iberice.com\\\/skating-aid\\\/#primaryimage\",\"url\":\"http:\\\/\\\/iberice.com\\\/wp-content\\\/uploads\\\/2015\\\/05\\\/belugga_fr.jpg\",\"contentUrl\":\"http:\\\/\\\/iberice.com\\\/wp-content\\\/uploads\\\/2015\\\/05\\\/belugga_fr.jpg\"},{\"@type\":\"BreadcrumbList\",\"@id\":\"https:\\\/\\\/iberice.com\\\/skating-aid\\\/#breadcrumb\",\"itemListElement\":[{\"@type\":\"ListItem\",\"position\":1,\"name\":\"Home\",\"item\":\"https:\\\/\\\/iberice.com\\\/fr\\\/\"},{\"@type\":\"ListItem\",\"position\":2,\"name\":\"Si\u00e8ge Glissant\"}]},{\"@type\":\"WebSite\",\"@id\":\"https:\\\/\\\/iberice.com\\\/pt-pt\\\/#website\",\"url\":\"https:\\\/\\\/iberice.com\\\/pt-pt\\\/\",\"name\":\"Iberice\",\"description\":\"Iberice - Flex Fun Ice\",\"potentialAction\":[{\"@type\":\"SearchAction\",\"target\":{\"@type\":\"EntryPoint\",\"urlTemplate\":\"https:\\\/\\\/iberice.com\\\/pt-pt\\\/?s={search_term_string}\"},\"query-input\":{\"@type\":\"PropertyValueSpecification\",\"valueRequired\":true,\"valueName\":\"search_term_string\"}}],\"inLanguage\":\"fr-FR\"}]}<\/script>\n<!-- \/ Yoast SEO plugin. -->","yoast_head_json":{"title":"Skating Aid Belugga - Iberice - The Flexible Fun Ice","description":"Skating Aid - The Fun Ultra-Mobile Skating Rink BELUGGAHello, I\u00b4m Belugga\u2026 Born in 2011, the \u201cBelugga\u201d is Iberice\u00b4s skating aid","robots":{"index":"index","follow":"follow","max-snippet":"max-snippet:-1","max-image-preview":"max-image-preview:large","max-video-preview":"max-video-preview:-1"},"canonical":"https:\/\/iberice.com\/skating-aid\/","og_locale":"fr_FR","og_type":"article","og_title":"Belugga Skating Aid","og_description":"Hello, I\u00b4m Belugga\u2026 Born in 2011, the \u201cBelugga\u201d is Iberice\u00b4s skating aid.","og_url":"https:\/\/iberice.com\/skating-aid\/","og_site_name":"Iberice","article_publisher":"https:\/\/www.facebook.com\/IberIce.IceSolutions","article_modified_time":"2015-09-26T16:49:20+00:00","og_image":[{"url":"http:\/\/iberice.com\/wp-content\/uploads\/2015\/05\/belugga.png","type":"","width":"","height":""}],"twitter_card":"summary_large_image","twitter_misc":{"Dur\u00e9e de lecture estim\u00e9e":"1 minute"},"schema":{"@context":"https:\/\/schema.org","@graph":[{"@type":"WebPage","@id":"https:\/\/iberice.com\/skating-aid\/","url":"https:\/\/iberice.com\/skating-aid\/","name":"Skating Aid Belugga - Iberice - The Flexible Fun Ice","isPartOf":{"@id":"https:\/\/iberice.com\/pt-pt\/#website"},"primaryImageOfPage":{"@id":"https:\/\/iberice.com\/skating-aid\/#primaryimage"},"image":{"@id":"https:\/\/iberice.com\/skating-aid\/#primaryimage"},"thumbnailUrl":"http:\/\/iberice.com\/wp-content\/uploads\/2015\/05\/belugga_fr.jpg","datePublished":"2015-05-29T19:38:21+00:00","dateModified":"2015-09-26T16:49:20+00:00","description":"Skating Aid - The Fun Ultra-Mobile Skating Rink BELUGGAHello, I\u00b4m Belugga\u2026 Born in 2011, the \u201cBelugga\u201d is Iberice\u00b4s skating aid","breadcrumb":{"@id":"https:\/\/iberice.com\/skating-aid\/#breadcrumb"},"inLanguage":"fr-FR","potentialAction":[{"@type":"ReadAction","target":["https:\/\/iberice.com\/skating-aid\/"]}]},{"@type":"ImageObject","inLanguage":"fr-FR","@id":"https:\/\/iberice.com\/skating-aid\/#primaryimage","url":"http:\/\/iberice.com\/wp-content\/uploads\/2015\/05\/belugga_fr.jpg","contentUrl":"http:\/\/iberice.com\/wp-content\/uploads\/2015\/05\/belugga_fr.jpg"},{"@type":"BreadcrumbList","@id":"https:\/\/iberice.com\/skating-aid\/#breadcrumb","itemListElement":[{"@type":"ListItem","position":1,"name":"Home","item":"https:\/\/iberice.com\/fr\/"},{"@type":"ListItem","position":2,"name":"Si\u00e8ge Glissant"}]},{"@type":"WebSite","@id":"https:\/\/iberice.com\/pt-pt\/#website","url":"https:\/\/iberice.com\/pt-pt\/","name":"Iberice","description":"Iberice - Flex Fun Ice","potentialAction":[{"@type":"SearchAction","target":{"@type":"EntryPoint","urlTemplate":"https:\/\/iberice.com\/pt-pt\/?s={search_term_string}"},"query-input":{"@type":"PropertyValueSpecification","valueRequired":true,"valueName":"search_term_string"}}],"inLanguage":"fr-FR"}]}},"_links":{"self":[{"href":"https:\/\/iberice.com\/fr\/wp-json\/wp\/v2\/pages\/3859","targetHints":{"allow":["GET"]}}],"collection":[{"href":"https:\/\/iberice.com\/fr\/wp-json\/wp\/v2\/pages"}],"about":[{"href":"https:\/\/iberice.com\/fr\/wp-json\/wp\/v2\/types\/page"}],"author":[{"embeddable":true,"href":"https:\/\/iberice.com\/fr\/wp-json\/wp\/v2\/users\/1"}],"replies":[{"embeddable":true,"href":"https:\/\/iberice.com\/fr\/wp-json\/wp\/v2\/comments?post=3859"}],"version-history":[{"count":5,"href":"https:\/\/iberice.com\/fr\/wp-json\/wp\/v2\/pages\/3859\/revisions"}],"predecessor-version":[{"id":4335,"href":"https:\/\/iberice.com\/fr\/wp-json\/wp\/v2\/pages\/3859\/revisions\/4335"}],"wp:attachment":[{"href":"https:\/\/iberice.com\/fr\/wp-json\/wp\/v2\/media?parent=3859"}],"curies":[{"name":"wp","href":"https:\/\/api.w.org\/{rel}","templated":true}]}}