{"id":3843,"date":"2015-05-29T19:37:06","date_gmt":"2015-05-29T19:37:06","guid":{"rendered":"http:\/\/iberice.com\/flexfun-ice-track-slide-2\/"},"modified":"2015-09-26T16:41:04","modified_gmt":"2015-09-26T16:41:04","slug":"pistes-et-les-pentes","status":"publish","type":"page","link":"https:\/\/iberice.com\/fr\/pistes-et-les-pentes\/","title":{"rendered":"Flexfun-Ice Track &#038; Slide"},"content":{"rendered":"<div class=\"wpb-content-wrapper\"><p>[vc_row][vc_column width=\u00a0\u00bb1\/1&Prime;][\/vc_column][\/vc_row][vc_row][vc_column width=\u00a0\u00bb1\/2&Prime;][vc_column_text]<\/p>\n<h1 align=\"LEFT\">FLEXFUN-ICE TRACK&amp;SLIDE<\/h1>\n<h4 align=\"LEFT\">La piste et la pente extra amusantes pour votre patinoire.<\/h4>\n<p>Les pistes et les pentes sont les nouvelles attractions\u00a0de votre patinoire. Elles ajoutent des revenus suppl\u00e9mentaires\u00a0\u00e0 votre \u00e9v\u00e9nement sur glace.<\/p>\n<p align=\"LEFT\"><i class=\"omsc-icon fa fa-check-circle fa-lg\" style=\"color:#00a551\"><\/i> Des pentes extensibles avec plusieurs longueurs et\u00a0pistes;<\/p>\n<p align=\"LEFT\"><i class=\"omsc-icon fa fa-check-circle fa-lg\" style=\"color:#00a551\"><\/i> Des pistes amusantes et modulaires avec\u00a0diff\u00e9rents designs et dimensions;<\/p>\n<p align=\"LEFT\"><i class=\"omsc-icon fa fa-check-circle fa-lg\" style=\"color:#00a551\"><\/i> Autonomes ou combin\u00e9es avec la patinoire;<\/p>\n<p align=\"LEFT\"><i class=\"omsc-icon fa fa-check-circle fa-lg\" style=\"color:#00a551\"><\/i> Installation simple et rapide;<\/p>\n<p align=\"LEFT\"><i class=\"omsc-icon fa fa-check-circle fa-lg\" style=\"color:#00a551\"><\/i> Elles utilisent le m\u00eame syst\u00e8me de r\u00e9frig\u00e9ration\u00a0que la patinoire;<\/p>\n<p align=\"LEFT\"><strong>Tout cela en garantissant \u00e0 vos clients qu&rsquo;ils\u00a0s&rsquo;amusent encore plus!<\/strong><\/p>\n<p>&nbsp;<\/p>\n<p style=\"text-align: left;\"><a class=\"omsc-button omsc-no-custom-hover omsc-size-large omsc-style-flat omsc-text-bright\" href=\"http:\/\/iberice.com\/fr\/demander-un-devis\/\" target=\"_parent\" style=\"color:#ffffff\">DEMANDER UN DEVIS<\/a><a class=\"omsc-button omsc-custom-hover omsc-size-large omsc-style-flat omsc-text-bright\" href=\"http:\/\/iberice.com\/fr\/devenir-partenaire\/\" target=\"_parent\" style=\"background-color:#005f8a;border-color:#005f8a;color:#ffffff\" data-hover-bg-color=\"#4d8fad\" data-hover-text-color=\"#ffffff\" data-hover-border-color=\"#4d8fad\">DEVENIR PARTENAIRE<\/a><\/p>\n<p>[\/vc_column_text][\/vc_column][vc_column width=\u00a0\u00bb1\/2&Prime;][vc_column_text]<img class=\"lazyload size-full wp-image-3541 aligncenter\" data-original=\"http:\/\/iberice.com\/wp-content\/uploads\/2015\/06\/slide_track_ap.jpg\" alt=\"slide_track_ap\" width=\"781\" height=\"586\" \/>[\/vc_column_text][\/vc_column][\/vc_row][vc_row][vc_column width=\u00a0\u00bb1\/1&Prime;][vc_separator color=\u00a0\u00bbgrey\u00a0\u00bb align=\u00a0\u00bbalign_center\u00a0\u00bb][\/vc_column][\/vc_row][vc_row][vc_column width=\u00a0\u00bb1\/1&Prime;][vc_column_text]<\/p>\n<h2 align=\"LEFT\">MOD\u00c8LE SCH\u00c9MATIQUE<\/h2>\n<h4>La piste et la pente extra amusantes pour votre patinoire.<\/h4>\n<p><img class=\"lazyload aligncenter wp-image-4319 size-full\" data-original=\"http:\/\/iberice.com\/wp-content\/uploads\/2015\/05\/slide_ice_rink_fr.jpg\" alt=\"\" width=\"1065\" height=\"646\" \/>[\/vc_column_text][\/vc_column][\/vc_row][vc_row][vc_column width=\u00a0\u00bb1\/1&Prime;][vc_separator color=\u00a0\u00bbgrey\u00a0\u00bb align=\u00a0\u00bbalign_center\u00a0\u00bb][\/vc_column][\/vc_row][vc_row][vc_column width=\u00a0\u00bb1\/1&Prime;][vc_column_text]<\/p>\n<h2 align=\"LEFT\">MOD\u00c8LE SCH\u00c9MATIQUE<\/h2>\n<h4>La piste et la pente extra amusantes pour votre patinoire.<\/h4>\n<p><img class=\"lazyload aligncenter wp-image-4320 size-full\" data-original=\"http:\/\/iberice.com\/wp-content\/uploads\/2015\/05\/track_ice_rink_fr.jpg\" alt=\"\" width=\"1065\" height=\"594\" \/>[\/vc_column_text][\/vc_column][\/vc_row][vc_row][vc_column width=\u00a0\u00bb1\/1&Prime;][\/vc_column][\/vc_row][vc_row css=\u00a0\u00bb.vc_custom_1432503483069{margin-bottom: 0px !important;padding-top: 55px !important;padding-bottom: 55px !important;background-color: #005f8a !important;}\u00a0\u00bb full_width=\u00a0\u00bbstretch_row\u00a0\u00bb][vc_column width=\u00a0\u00bb1\/1&Prime;][vc_column_text]<\/p>\n<h1 style=\"text-align: center;\"><span style=\"color: #ffffff;\">GLACE A <strong>AMUSEMENT<\/strong> <strong>FLEXIBLE<\/strong><\/span><\/h1>\n<h4 style=\"text-align: center;\">SOLUTIONS DE GLACE DE HAUTE QUALITE<\/h4>\n<p style=\"text-align: center;\"><div style=\"max-width:600px;margin:0 auto\"><div class=\"omsc-responsive-box omsc-responsive-box-video\"><iframe loading=\"lazy\" src=\"https:\/\/www.youtube.com\/embed\/ToWo9iAnHVw?rel=0&amp;showinfo=0\" width=\"600\" height=\"338\" frameborder=\"0\" allowfullscreen=\"allowfullscreen\"><\/iframe><\/div><\/div>\n<p>[\/vc_column_text][\/vc_column][\/vc_row]<\/p>\n<\/div>","protected":false},"excerpt":{"rendered":"<p>[vc_row][vc_column width=\u00a0\u00bb1\/1&Prime;][\/vc_column][\/vc_row][vc_row][vc_column width=\u00a0\u00bb1\/2&Prime;][vc_column_text] FLEXFUN-ICE TRACK&amp;SLIDE La piste et la pente extra amusantes pour votre patinoire. Les pistes et les pentes sont les nouvelles attractions\u00a0de votre&hellip;<\/p>\n<p><a href=\"https:\/\/iberice.com\/fr\/pistes-et-les-pentes\/\" class=\"more-link post-excerpt-readmore\">Read more<\/a><\/p>\n","protected":false},"author":1,"featured_media":0,"parent":0,"menu_order":5,"comment_status":"open","ping_status":"open","template":"","meta":{"_exactmetrics_skip_tracking":false,"_exactmetrics_sitenote_active":false,"_exactmetrics_sitenote_note":"","_exactmetrics_sitenote_category":0,"footnotes":""},"class_list":["post-3843","page","type-page","status-publish","hentry"],"yoast_head":"<!-- This site is optimized with the Yoast SEO plugin v27.3 - https:\/\/yoast.com\/product\/yoast-seo-wordpress\/ -->\n<title>Flexfun-Ice Track &amp; Slide - Iberice<\/title>\n<meta name=\"robots\" content=\"index, follow, max-snippet:-1, max-image-preview:large, max-video-preview:-1\" \/>\n<link rel=\"canonical\" href=\"https:\/\/iberice.com\/flexfun-ice-track-slide\/\" \/>\n<meta property=\"og:locale\" content=\"fr_FR\" \/>\n<meta property=\"og:type\" content=\"article\" \/>\n<meta property=\"og:title\" content=\"Flexfun-Ice Track &amp; Slide\" \/>\n<meta property=\"og:description\" content=\"Just set and ice skate, because this product issynonymous of speed, quality and reliability.\" \/>\n<meta property=\"og:url\" content=\"https:\/\/iberice.com\/flexfun-ice-track-slide\/\" \/>\n<meta property=\"og:site_name\" content=\"Iberice\" \/>\n<meta property=\"article:publisher\" content=\"https:\/\/www.facebook.com\/IberIce.IceSolutions\" \/>\n<meta property=\"article:modified_time\" content=\"2015-09-26T16:41:04+00:00\" \/>\n<meta property=\"og:image\" content=\"http:\/\/iberice.com\/wp-content\/uploads\/2015\/05\/slide_track.png\" \/>\n<meta name=\"twitter:card\" content=\"summary_large_image\" \/>\n<meta name=\"twitter:label1\" content=\"Dur\u00e9e de lecture estim\u00e9e\" \/>\n\t<meta name=\"twitter:data1\" content=\"2 minutes\" \/>\n<script type=\"application\/ld+json\" class=\"yoast-schema-graph\">{\"@context\":\"https:\\\/\\\/schema.org\",\"@graph\":[{\"@type\":\"WebPage\",\"@id\":\"https:\\\/\\\/iberice.com\\\/flexfun-ice-track-slide\\\/\",\"url\":\"https:\\\/\\\/iberice.com\\\/flexfun-ice-track-slide\\\/\",\"name\":\"Flexfun-Ice Track & Slide - Iberice\",\"isPartOf\":{\"@id\":\"https:\\\/\\\/iberice.com\\\/pt-pt\\\/#website\"},\"primaryImageOfPage\":{\"@id\":\"https:\\\/\\\/iberice.com\\\/flexfun-ice-track-slide\\\/#primaryimage\"},\"image\":{\"@id\":\"https:\\\/\\\/iberice.com\\\/flexfun-ice-track-slide\\\/#primaryimage\"},\"thumbnailUrl\":\"http:\\\/\\\/iberice.com\\\/wp-content\\\/uploads\\\/2015\\\/06\\\/slide_track_ap.jpg\",\"datePublished\":\"2015-05-29T19:37:06+00:00\",\"dateModified\":\"2015-09-26T16:41:04+00:00\",\"breadcrumb\":{\"@id\":\"https:\\\/\\\/iberice.com\\\/flexfun-ice-track-slide\\\/#breadcrumb\"},\"inLanguage\":\"fr-FR\",\"potentialAction\":[{\"@type\":\"ReadAction\",\"target\":[\"https:\\\/\\\/iberice.com\\\/flexfun-ice-track-slide\\\/\"]}]},{\"@type\":\"ImageObject\",\"inLanguage\":\"fr-FR\",\"@id\":\"https:\\\/\\\/iberice.com\\\/flexfun-ice-track-slide\\\/#primaryimage\",\"url\":\"http:\\\/\\\/iberice.com\\\/wp-content\\\/uploads\\\/2015\\\/06\\\/slide_track_ap.jpg\",\"contentUrl\":\"http:\\\/\\\/iberice.com\\\/wp-content\\\/uploads\\\/2015\\\/06\\\/slide_track_ap.jpg\"},{\"@type\":\"BreadcrumbList\",\"@id\":\"https:\\\/\\\/iberice.com\\\/flexfun-ice-track-slide\\\/#breadcrumb\",\"itemListElement\":[{\"@type\":\"ListItem\",\"position\":1,\"name\":\"Home\",\"item\":\"https:\\\/\\\/iberice.com\\\/fr\\\/\"},{\"@type\":\"ListItem\",\"position\":2,\"name\":\"Flexfun-Ice Track &#038; Slide\"}]},{\"@type\":\"WebSite\",\"@id\":\"https:\\\/\\\/iberice.com\\\/pt-pt\\\/#website\",\"url\":\"https:\\\/\\\/iberice.com\\\/pt-pt\\\/\",\"name\":\"Iberice\",\"description\":\"Iberice - Flex Fun Ice\",\"potentialAction\":[{\"@type\":\"SearchAction\",\"target\":{\"@type\":\"EntryPoint\",\"urlTemplate\":\"https:\\\/\\\/iberice.com\\\/pt-pt\\\/?s={search_term_string}\"},\"query-input\":{\"@type\":\"PropertyValueSpecification\",\"valueRequired\":true,\"valueName\":\"search_term_string\"}}],\"inLanguage\":\"fr-FR\"}]}<\/script>\n<!-- \/ Yoast SEO plugin. -->","yoast_head_json":{"title":"Flexfun-Ice Track & Slide - Iberice","robots":{"index":"index","follow":"follow","max-snippet":"max-snippet:-1","max-image-preview":"max-image-preview:large","max-video-preview":"max-video-preview:-1"},"canonical":"https:\/\/iberice.com\/flexfun-ice-track-slide\/","og_locale":"fr_FR","og_type":"article","og_title":"Flexfun-Ice Track & Slide","og_description":"Just set and ice skate, because this product issynonymous of speed, quality and reliability.","og_url":"https:\/\/iberice.com\/flexfun-ice-track-slide\/","og_site_name":"Iberice","article_publisher":"https:\/\/www.facebook.com\/IberIce.IceSolutions","article_modified_time":"2015-09-26T16:41:04+00:00","og_image":[{"url":"http:\/\/iberice.com\/wp-content\/uploads\/2015\/05\/slide_track.png","type":"","width":"","height":""}],"twitter_card":"summary_large_image","twitter_misc":{"Dur\u00e9e de lecture estim\u00e9e":"2 minutes"},"schema":{"@context":"https:\/\/schema.org","@graph":[{"@type":"WebPage","@id":"https:\/\/iberice.com\/flexfun-ice-track-slide\/","url":"https:\/\/iberice.com\/flexfun-ice-track-slide\/","name":"Flexfun-Ice Track & Slide - Iberice","isPartOf":{"@id":"https:\/\/iberice.com\/pt-pt\/#website"},"primaryImageOfPage":{"@id":"https:\/\/iberice.com\/flexfun-ice-track-slide\/#primaryimage"},"image":{"@id":"https:\/\/iberice.com\/flexfun-ice-track-slide\/#primaryimage"},"thumbnailUrl":"http:\/\/iberice.com\/wp-content\/uploads\/2015\/06\/slide_track_ap.jpg","datePublished":"2015-05-29T19:37:06+00:00","dateModified":"2015-09-26T16:41:04+00:00","breadcrumb":{"@id":"https:\/\/iberice.com\/flexfun-ice-track-slide\/#breadcrumb"},"inLanguage":"fr-FR","potentialAction":[{"@type":"ReadAction","target":["https:\/\/iberice.com\/flexfun-ice-track-slide\/"]}]},{"@type":"ImageObject","inLanguage":"fr-FR","@id":"https:\/\/iberice.com\/flexfun-ice-track-slide\/#primaryimage","url":"http:\/\/iberice.com\/wp-content\/uploads\/2015\/06\/slide_track_ap.jpg","contentUrl":"http:\/\/iberice.com\/wp-content\/uploads\/2015\/06\/slide_track_ap.jpg"},{"@type":"BreadcrumbList","@id":"https:\/\/iberice.com\/flexfun-ice-track-slide\/#breadcrumb","itemListElement":[{"@type":"ListItem","position":1,"name":"Home","item":"https:\/\/iberice.com\/fr\/"},{"@type":"ListItem","position":2,"name":"Flexfun-Ice Track &#038; Slide"}]},{"@type":"WebSite","@id":"https:\/\/iberice.com\/pt-pt\/#website","url":"https:\/\/iberice.com\/pt-pt\/","name":"Iberice","description":"Iberice - Flex Fun Ice","potentialAction":[{"@type":"SearchAction","target":{"@type":"EntryPoint","urlTemplate":"https:\/\/iberice.com\/pt-pt\/?s={search_term_string}"},"query-input":{"@type":"PropertyValueSpecification","valueRequired":true,"valueName":"search_term_string"}}],"inLanguage":"fr-FR"}]}},"_links":{"self":[{"href":"https:\/\/iberice.com\/fr\/wp-json\/wp\/v2\/pages\/3843","targetHints":{"allow":["GET"]}}],"collection":[{"href":"https:\/\/iberice.com\/fr\/wp-json\/wp\/v2\/pages"}],"about":[{"href":"https:\/\/iberice.com\/fr\/wp-json\/wp\/v2\/types\/page"}],"author":[{"embeddable":true,"href":"https:\/\/iberice.com\/fr\/wp-json\/wp\/v2\/users\/1"}],"replies":[{"embeddable":true,"href":"https:\/\/iberice.com\/fr\/wp-json\/wp\/v2\/comments?post=3843"}],"version-history":[{"count":4,"href":"https:\/\/iberice.com\/fr\/wp-json\/wp\/v2\/pages\/3843\/revisions"}],"predecessor-version":[{"id":4321,"href":"https:\/\/iberice.com\/fr\/wp-json\/wp\/v2\/pages\/3843\/revisions\/4321"}],"wp:attachment":[{"href":"https:\/\/iberice.com\/fr\/wp-json\/wp\/v2\/media?parent=3843"}],"curies":[{"name":"wp","href":"https:\/\/api.w.org\/{rel}","templated":true}]}}