{"id":3827,"date":"2015-05-29T19:43:37","date_gmt":"2015-05-29T19:43:37","guid":{"rendered":"http:\/\/iberice.com\/technology-2\/"},"modified":"2015-09-22T21:05:23","modified_gmt":"2015-09-22T21:05:23","slug":"technologie","status":"publish","type":"page","link":"https:\/\/iberice.com\/fr\/technologie\/","title":{"rendered":"Technologie"},"content":{"rendered":"<div class=\"wpb-content-wrapper\"><p>[vc_row][vc_column width=\u00a0\u00bb1\/1&Prime;][\/vc_column][\/vc_row][vc_row][vc_column width=\u00a0\u00bb1\/2&Prime;][vc_column_text]<\/p>\n<h1 style=\"text-align: left;\">NOUS SOMMES LA<br \/>\nTECHNOLOGIE DE LA GLACE<\/h1>\n<p>La technologie IBERICE\u00ae a \u00e9t\u00e9 d\u00e9velopp\u00e9e et test\u00e9e selon les\u00a0plus r\u00e9centes proc\u00e9dures de R&amp;D en partenariat avec l&rsquo;INEGI &#8211;\u00a0Institut portugais pour la science et l&rsquo;innovation en ing\u00e9nierie\u00a0m\u00e9canique et industrielle.<\/p>\n<h3>Nous garantissons les b\u00e9n\u00e9fices suivants:<\/h3>\n<p><i class=\"omsc-icon fa fa-check-circle fa-lg\" style=\"color:#00a551\"><\/i> L&rsquo;aluminium est meilleur que les EPDM pour transf\u00e9rer de\u00a0l&rsquo;\u00e9nergie;<\/p>\n<p><i class=\"omsc-icon fa fa-check-circle fa-lg\" style=\"color:#00a551\"><\/i> Processus de formation rapide de la glace;<\/p>\n<p><i class=\"omsc-icon fa fa-check-circle fa-lg\" style=\"color:#00a551\"><\/i> Bonne glace dans toutes les conditions m\u00e9t\u00e9orologiques,\u00a0m\u00eame au-dessus de 32 \u00b0C;<\/p>\n<p><i class=\"omsc-icon fa fa-check-circle fa-lg\" style=\"color:#00a551\"><\/i> Consommation \u00e9nerg\u00e9tique particuli\u00e8rement faible;<\/p>\n<p><i class=\"omsc-icon fa fa-check-circle fa-lg\" style=\"color:#00a551\"><\/i> Respect de l&rsquo;environnement;<\/p>\n<p><strong>Tout cela en assurant une glace de qualit\u00e9 homog\u00e8ne \u00e0 vos\u00a0<\/strong><strong>clients!<\/strong><\/p>\n<p>&nbsp;<\/p>\n<p style=\"text-align: left;\"><a class=\"omsc-button omsc-no-custom-hover omsc-size-large omsc-style-flat omsc-text-bright\" href=\"http:\/\/iberice.com\/fr\/demander-un-devis\/\" target=\"_parent\" style=\"color:#ffffff\">DEMANDER UN DEVIS<\/a><a class=\"omsc-button omsc-custom-hover omsc-size-large omsc-style-flat omsc-text-bright\" href=\"http:\/\/iberice.com\/fr\/devenir-partenaire\/\" target=\"_parent\" style=\"background-color:#005f8a;border-color:#005f8a;color:#ffffff\" data-hover-bg-color=\"#4d8fad\" data-hover-text-color=\"#ffffff\" data-hover-border-color=\"#4d8fad\">DEVENIR PARTENAIRE<\/a><\/p>\n<p>[\/vc_column_text][\/vc_column][vc_column width=\u00a0\u00bb1\/2&Prime;][vc_column_text]<img class=\"lazyload size-full wp-image-3532 aligncenter\" data-original=\"http:\/\/iberice.com\/wp-content\/uploads\/2015\/06\/ice_rink_technology.jpg\" alt=\"\" width=\"527\" height=\"566\" \/>[\/vc_column_text][\/vc_column][\/vc_row][vc_row css=\u00a0\u00bb.vc_custom_1432503483069{margin-bottom: 0px !important;padding-top: 55px !important;padding-bottom: 55px !important;background-color: #005f8a !important;}\u00a0\u00bb full_width=\u00a0\u00bbstretch_row\u00a0\u00bb][vc_column width=\u00a0\u00bb1\/1&Prime;][vc_column_text]<\/p>\n<h1 style=\"text-align: center;\"><span style=\"color: #ffffff;\">GLACE A <strong>AMUSEMENT<\/strong> <strong>FLEXIBLE<\/strong><\/span><\/h1>\n<h4 style=\"text-align: center;\">SOLUTIONS DE GLACE DE HAUTE QUALITE<\/h4>\n<p style=\"text-align: center;\"><div style=\"max-width:600px;margin:0 auto\"><div class=\"omsc-responsive-box omsc-responsive-box-video\"><iframe loading=\"lazy\" src=\"https:\/\/www.youtube.com\/embed\/ToWo9iAnHVw?rel=0&amp;showinfo=0\" width=\"600\" height=\"338\" frameborder=\"0\" allowfullscreen=\"allowfullscreen\"><\/iframe><\/div><\/div>\n<p>[\/vc_column_text][\/vc_column][\/vc_row]<\/p>\n<\/div>","protected":false},"excerpt":{"rendered":"<p>[vc_row][vc_column width=\u00a0\u00bb1\/1&Prime;][\/vc_column][\/vc_row][vc_row][vc_column width=\u00a0\u00bb1\/2&Prime;][vc_column_text] NOUS SOMMES LA TECHNOLOGIE DE LA GLACE La technologie IBERICE\u00ae a \u00e9t\u00e9 d\u00e9velopp\u00e9e et test\u00e9e selon les\u00a0plus r\u00e9centes proc\u00e9dures de R&amp;D en&hellip;<\/p>\n<p><a href=\"https:\/\/iberice.com\/fr\/technologie\/\" class=\"more-link post-excerpt-readmore\">Read more<\/a><\/p>\n","protected":false},"author":1,"featured_media":0,"parent":0,"menu_order":3,"comment_status":"open","ping_status":"open","template":"","meta":{"_exactmetrics_skip_tracking":false,"_exactmetrics_sitenote_active":false,"_exactmetrics_sitenote_note":"","_exactmetrics_sitenote_category":0,"footnotes":""},"class_list":["post-3827","page","type-page","status-publish","hentry"],"yoast_head":"<!-- This site is optimized with the Yoast SEO plugin v27.3 - https:\/\/yoast.com\/product\/yoast-seo-wordpress\/ -->\n<title>Technologie - Iberice<\/title>\n<meta name=\"robots\" content=\"index, follow, max-snippet:-1, max-image-preview:large, max-video-preview:-1\" \/>\n<link rel=\"canonical\" href=\"https:\/\/iberice.com\/technology\/\" \/>\n<meta property=\"og:locale\" content=\"fr_FR\" \/>\n<meta property=\"og:type\" content=\"article\" \/>\n<meta property=\"og:title\" content=\"We are Ice Technology\" \/>\n<meta property=\"og:description\" content=\"The IBERICE\u00ae Tecnology has been developed and tested using the latest R&amp;D process in partnership with INEGI \u2013 Institute of Science and Innovation in Mechanical and Industrial Engineering.\" \/>\n<meta property=\"og:url\" content=\"https:\/\/iberice.com\/technology\/\" \/>\n<meta property=\"og:site_name\" content=\"Iberice\" \/>\n<meta property=\"article:publisher\" content=\"https:\/\/www.facebook.com\/IberIce.IceSolutions\" \/>\n<meta property=\"article:modified_time\" content=\"2015-09-22T21:05:23+00:00\" \/>\n<meta property=\"og:image\" content=\"http:\/\/iberice.com\/wp-content\/uploads\/2015\/05\/we_are_ice_technology.png\" \/>\n<meta name=\"twitter:card\" content=\"summary_large_image\" \/>\n<meta name=\"twitter:label1\" content=\"Dur\u00e9e de lecture estim\u00e9e\" \/>\n\t<meta name=\"twitter:data1\" content=\"1 minute\" \/>\n<script type=\"application\/ld+json\" class=\"yoast-schema-graph\">{\"@context\":\"https:\\\/\\\/schema.org\",\"@graph\":[{\"@type\":\"WebPage\",\"@id\":\"https:\\\/\\\/iberice.com\\\/technology\\\/\",\"url\":\"https:\\\/\\\/iberice.com\\\/technology\\\/\",\"name\":\"Technologie - Iberice\",\"isPartOf\":{\"@id\":\"https:\\\/\\\/iberice.com\\\/pt-pt\\\/#website\"},\"primaryImageOfPage\":{\"@id\":\"https:\\\/\\\/iberice.com\\\/technology\\\/#primaryimage\"},\"image\":{\"@id\":\"https:\\\/\\\/iberice.com\\\/technology\\\/#primaryimage\"},\"thumbnailUrl\":\"http:\\\/\\\/iberice.com\\\/wp-content\\\/uploads\\\/2015\\\/06\\\/ice_rink_technology.jpg\",\"datePublished\":\"2015-05-29T19:43:37+00:00\",\"dateModified\":\"2015-09-22T21:05:23+00:00\",\"breadcrumb\":{\"@id\":\"https:\\\/\\\/iberice.com\\\/technology\\\/#breadcrumb\"},\"inLanguage\":\"fr-FR\",\"potentialAction\":[{\"@type\":\"ReadAction\",\"target\":[\"https:\\\/\\\/iberice.com\\\/technology\\\/\"]}]},{\"@type\":\"ImageObject\",\"inLanguage\":\"fr-FR\",\"@id\":\"https:\\\/\\\/iberice.com\\\/technology\\\/#primaryimage\",\"url\":\"http:\\\/\\\/iberice.com\\\/wp-content\\\/uploads\\\/2015\\\/06\\\/ice_rink_technology.jpg\",\"contentUrl\":\"http:\\\/\\\/iberice.com\\\/wp-content\\\/uploads\\\/2015\\\/06\\\/ice_rink_technology.jpg\"},{\"@type\":\"BreadcrumbList\",\"@id\":\"https:\\\/\\\/iberice.com\\\/technology\\\/#breadcrumb\",\"itemListElement\":[{\"@type\":\"ListItem\",\"position\":1,\"name\":\"Home\",\"item\":\"https:\\\/\\\/iberice.com\\\/fr\\\/\"},{\"@type\":\"ListItem\",\"position\":2,\"name\":\"Technologie\"}]},{\"@type\":\"WebSite\",\"@id\":\"https:\\\/\\\/iberice.com\\\/pt-pt\\\/#website\",\"url\":\"https:\\\/\\\/iberice.com\\\/pt-pt\\\/\",\"name\":\"Iberice\",\"description\":\"Iberice - Flex Fun Ice\",\"potentialAction\":[{\"@type\":\"SearchAction\",\"target\":{\"@type\":\"EntryPoint\",\"urlTemplate\":\"https:\\\/\\\/iberice.com\\\/pt-pt\\\/?s={search_term_string}\"},\"query-input\":{\"@type\":\"PropertyValueSpecification\",\"valueRequired\":true,\"valueName\":\"search_term_string\"}}],\"inLanguage\":\"fr-FR\"}]}<\/script>\n<!-- \/ Yoast SEO plugin. -->","yoast_head_json":{"title":"Technologie - Iberice","robots":{"index":"index","follow":"follow","max-snippet":"max-snippet:-1","max-image-preview":"max-image-preview:large","max-video-preview":"max-video-preview:-1"},"canonical":"https:\/\/iberice.com\/technology\/","og_locale":"fr_FR","og_type":"article","og_title":"We are Ice Technology","og_description":"The IBERICE\u00ae Tecnology has been developed and tested using the latest R&D process in partnership with INEGI \u2013 Institute of Science and Innovation in Mechanical and Industrial Engineering.","og_url":"https:\/\/iberice.com\/technology\/","og_site_name":"Iberice","article_publisher":"https:\/\/www.facebook.com\/IberIce.IceSolutions","article_modified_time":"2015-09-22T21:05:23+00:00","og_image":[{"url":"http:\/\/iberice.com\/wp-content\/uploads\/2015\/05\/we_are_ice_technology.png","type":"","width":"","height":""}],"twitter_card":"summary_large_image","twitter_misc":{"Dur\u00e9e de lecture estim\u00e9e":"1 minute"},"schema":{"@context":"https:\/\/schema.org","@graph":[{"@type":"WebPage","@id":"https:\/\/iberice.com\/technology\/","url":"https:\/\/iberice.com\/technology\/","name":"Technologie - Iberice","isPartOf":{"@id":"https:\/\/iberice.com\/pt-pt\/#website"},"primaryImageOfPage":{"@id":"https:\/\/iberice.com\/technology\/#primaryimage"},"image":{"@id":"https:\/\/iberice.com\/technology\/#primaryimage"},"thumbnailUrl":"http:\/\/iberice.com\/wp-content\/uploads\/2015\/06\/ice_rink_technology.jpg","datePublished":"2015-05-29T19:43:37+00:00","dateModified":"2015-09-22T21:05:23+00:00","breadcrumb":{"@id":"https:\/\/iberice.com\/technology\/#breadcrumb"},"inLanguage":"fr-FR","potentialAction":[{"@type":"ReadAction","target":["https:\/\/iberice.com\/technology\/"]}]},{"@type":"ImageObject","inLanguage":"fr-FR","@id":"https:\/\/iberice.com\/technology\/#primaryimage","url":"http:\/\/iberice.com\/wp-content\/uploads\/2015\/06\/ice_rink_technology.jpg","contentUrl":"http:\/\/iberice.com\/wp-content\/uploads\/2015\/06\/ice_rink_technology.jpg"},{"@type":"BreadcrumbList","@id":"https:\/\/iberice.com\/technology\/#breadcrumb","itemListElement":[{"@type":"ListItem","position":1,"name":"Home","item":"https:\/\/iberice.com\/fr\/"},{"@type":"ListItem","position":2,"name":"Technologie"}]},{"@type":"WebSite","@id":"https:\/\/iberice.com\/pt-pt\/#website","url":"https:\/\/iberice.com\/pt-pt\/","name":"Iberice","description":"Iberice - Flex Fun Ice","potentialAction":[{"@type":"SearchAction","target":{"@type":"EntryPoint","urlTemplate":"https:\/\/iberice.com\/pt-pt\/?s={search_term_string}"},"query-input":{"@type":"PropertyValueSpecification","valueRequired":true,"valueName":"search_term_string"}}],"inLanguage":"fr-FR"}]}},"_links":{"self":[{"href":"https:\/\/iberice.com\/fr\/wp-json\/wp\/v2\/pages\/3827","targetHints":{"allow":["GET"]}}],"collection":[{"href":"https:\/\/iberice.com\/fr\/wp-json\/wp\/v2\/pages"}],"about":[{"href":"https:\/\/iberice.com\/fr\/wp-json\/wp\/v2\/types\/page"}],"author":[{"embeddable":true,"href":"https:\/\/iberice.com\/fr\/wp-json\/wp\/v2\/users\/1"}],"replies":[{"embeddable":true,"href":"https:\/\/iberice.com\/fr\/wp-json\/wp\/v2\/comments?post=3827"}],"version-history":[{"count":5,"href":"https:\/\/iberice.com\/fr\/wp-json\/wp\/v2\/pages\/3827\/revisions"}],"predecessor-version":[{"id":4163,"href":"https:\/\/iberice.com\/fr\/wp-json\/wp\/v2\/pages\/3827\/revisions\/4163"}],"wp:attachment":[{"href":"https:\/\/iberice.com\/fr\/wp-json\/wp\/v2\/media?parent=3827"}],"curies":[{"name":"wp","href":"https:\/\/api.w.org\/{rel}","templated":true}]}}