{"id":3819,"date":"2015-05-29T21:37:01","date_gmt":"2015-05-29T21:37:01","guid":{"rendered":"http:\/\/iberice.com\/why-us-2\/"},"modified":"2015-09-22T21:00:21","modified_gmt":"2015-09-22T21:00:21","slug":"pourquoi-nous","status":"publish","type":"page","link":"https:\/\/iberice.com\/fr\/pourquoi-nous\/","title":{"rendered":"Pourquoi Nous?"},"content":{"rendered":"<div class=\"wpb-content-wrapper\"><p>[vc_row][vc_column width=\u00a0\u00bb1\/1&Prime;][\/vc_column][\/vc_row][vc_row][vc_column width=\u00a0\u00bb1\/2&Prime;][vc_column_text]<\/p>\n<h1 style=\"text-align: left;\">\u00c0 IBERICE, NOUS,<\/h1>\n<p>Cr\u00e9ons des \u00e9v\u00e9nements depuis 1998. Depuis plus de 15\u00a0ans, nous produisons des exp\u00e9riences sur la glace pour\u00a0des centres commerciaux, des municipalit\u00e9s ou autres\u00a0endroits \u00e0 haute fr\u00e9quentation.<\/p>\n<p>Les patinoires sont d&rsquo;excellents endroits de divertissement\u00a0en famille ou entre amis. C&rsquo;est l&rsquo;attraction qui\u00a0stimule et augmente le mieux la r\u00e9p\u00e9tition de la fr\u00e9quentation.<br \/>\nC&rsquo;est le lieu id\u00e9al de rencontre sociale!<\/p>\n<p>Aujourd&rsquo;hui \u00e0 Iberice, nous d\u00e9fions la pens\u00e9e\u00a0traditionnelle et nous nous effor\u00e7ons continuellement\u00a0afin de pr\u00e9senter des produits intelligents, raffin\u00e9s et\u00a0\u00e9l\u00e9gants qui r\u00e9pondent aux besoins de nos clients.<\/p>\n<p>&nbsp;<\/p>\n<p style=\"text-align: left;\"><a class=\"omsc-button omsc-no-custom-hover omsc-size-large omsc-style-flat omsc-text-bright\" href=\"http:\/\/iberice.com\/fr\/demander-un-devis\/\" target=\"_parent\" style=\"color:#ffffff\">DEMANDER UN DEVIS<\/a><a class=\"omsc-button omsc-custom-hover omsc-size-large omsc-style-flat omsc-text-bright\" href=\"http:\/\/iberice.com\/fr\/devenir-partenaire\/\" target=\"_parent\" style=\"background-color:#005f8a;border-color:#005f8a;color:#ffffff\" data-hover-bg-color=\"#4d8fad\" data-hover-text-color=\"#ffffff\" data-hover-border-color=\"#4d8fad\">DEVENIR PARTENAIRE<\/a><\/p>\n<p>[\/vc_column_text][\/vc_column][vc_column width=\u00a0\u00bb1\/2&Prime;][vc_column_text]<img class=\"lazyload size-full wp-image-3558 aligncenter\" data-original=\"http:\/\/iberice.com\/wp-content\/uploads\/2015\/05\/tecnologia_c.jpg\" alt=\"\" width=\"703\" height=\"683\" \/>[\/vc_column_text][\/vc_column][\/vc_row][vc_row][vc_column width=\u00a0\u00bb1\/2&Prime;][vc_column_text]<img class=\"lazyload size-full wp-image-3527 aligncenter\" data-original=\"http:\/\/iberice.com\/wp-content\/uploads\/2015\/06\/grupo.jpg\" alt=\"\" width=\"750\" height=\"866\" \/>[\/vc_column_text][\/vc_column][vc_column width=\u00a0\u00bb1\/2&Prime;][vc_column_text]<\/p>\n<h1>POURQUOI NOUS?<\/h1>\n<h3>Iberice vous aide \u00e0 r\u00e9ussir!<\/h3>\n<p>Vous pouvez compter sur notre exp\u00e9rience d&rsquo;ann\u00e9es pour assurer\u00a0le succ\u00e8s de la conception et de la mise en place de vos patinoires et\u00a0autres attractions qui donneront un \u00e9lan \u00e0 votre rentabilit\u00e9.<\/p>\n<h3>Iberice, c&rsquo;est une innovation amusante!<\/h3>\n<p>Nous fournissons des solutions innovantes pour patinoires en\u00a0pr\u00e9sentant un syst\u00e8me tr\u00e8s flexible du type Lego.<br \/>\nDot\u00e9 d&rsquo;une installation simple et rapide, ce syst\u00e8me est appropri\u00e9, y\u00a0compris dans des environnements particuli\u00e8rement chauds,\u00a0comme ceux d&rsquo;Afrique.<br \/>\nIl offre \u00e9galement une nouveaut\u00e9 en termes de durabilit\u00e9, en\u00a0r\u00e9duisant activement sa consommation d&rsquo;\u00e9nergie et d&rsquo;eau.<\/p>\n<h3>Iberice, c&rsquo;est la flexibilit\u00e9 intelligente!<\/h3>\n<p>Nous concevons des solutions pour des mod\u00e8les \u00e9conomiques,\u00a0ainsi que des produits intelligents, polyvalents et appropri\u00e9s pour\u00a0des utilisations futures, tout en assurant des revenus progressifs,\u00a0de la s\u00e9curit\u00e9 et de la s\u00fbret\u00e9, et en suivant la croissance de votre\u00a0affaire.[\/vc_column_text][\/vc_column][\/vc_row][vc_row css=\u00a0\u00bb.vc_custom_1432503483069{margin-bottom: 0px !important;padding-top: 55px !important;padding-bottom: 55px !important;background-color: #005f8a !important;}\u00a0\u00bb full_width=\u00a0\u00bbstretch_row\u00a0\u00bb][vc_column width=\u00a0\u00bb1\/1&Prime;][vc_column_text]<\/p>\n<h1 style=\"text-align: center;\"><span style=\"color: #ffffff;\">GLACE A <strong>AMUSEMENT<\/strong> <strong>FLEXIBLE<\/strong><\/span><\/h1>\n<h4 style=\"text-align: center;\">SOLUTIONS DE GLACE DE HAUTE QUALITE<\/h4>\n<p style=\"text-align: center;\"><div style=\"max-width:600px;margin:0 auto\"><div class=\"omsc-responsive-box omsc-responsive-box-video\"><iframe loading=\"lazy\" src=\"https:\/\/www.youtube.com\/embed\/ToWo9iAnHVw?rel=0&amp;showinfo=0\" width=\"600\" height=\"338\" frameborder=\"0\" allowfullscreen=\"allowfullscreen\"><\/iframe><\/div><\/div>\n<p>[\/vc_column_text][\/vc_column][\/vc_row]<\/p>\n<\/div>","protected":false},"excerpt":{"rendered":"<p>[vc_row][vc_column width=\u00a0\u00bb1\/1&Prime;][\/vc_column][\/vc_row][vc_row][vc_column width=\u00a0\u00bb1\/2&Prime;][vc_column_text] \u00c0 IBERICE, NOUS, Cr\u00e9ons des \u00e9v\u00e9nements depuis 1998. Depuis plus de 15\u00a0ans, nous produisons des exp\u00e9riences sur la glace pour\u00a0des centres commerciaux,&hellip;<\/p>\n<p><a href=\"https:\/\/iberice.com\/fr\/pourquoi-nous\/\" class=\"more-link post-excerpt-readmore\">Read more<\/a><\/p>\n","protected":false},"author":1,"featured_media":0,"parent":0,"menu_order":2,"comment_status":"open","ping_status":"open","template":"","meta":{"_exactmetrics_skip_tracking":false,"_exactmetrics_sitenote_active":false,"_exactmetrics_sitenote_note":"","_exactmetrics_sitenote_category":0,"footnotes":""},"class_list":["post-3819","page","type-page","status-publish","hentry"],"yoast_head":"<!-- This site is optimized with the Yoast SEO plugin v27.5 - https:\/\/yoast.com\/product\/yoast-seo-wordpress\/ -->\n<title>Pourquoi Nous? - Iberice<\/title>\n<meta name=\"robots\" content=\"index, follow, max-snippet:-1, max-image-preview:large, max-video-preview:-1\" \/>\n<link rel=\"canonical\" href=\"http:\/\/iberice.com\/fr\/pourquoi-nous\/\" \/>\n<meta property=\"og:locale\" content=\"fr_FR\" \/>\n<meta property=\"og:type\" content=\"article\" \/>\n<meta property=\"og:title\" content=\"Why Us?\" \/>\n<meta property=\"og:description\" content=\"Iberice Helps You Succeed! Iberice is Fun Innovation! Iberice is Intelligent Flexibility!\" \/>\n<meta property=\"og:url\" content=\"http:\/\/iberice.com\/fr\/pourquoi-nous\/\" \/>\n<meta property=\"og:site_name\" content=\"Iberice\" \/>\n<meta property=\"article:publisher\" content=\"https:\/\/www.facebook.com\/IberIce.IceSolutions\" \/>\n<meta property=\"article:modified_time\" content=\"2015-09-22T21:00:21+00:00\" \/>\n<meta property=\"og:image\" content=\"http:\/\/iberice.com\/wp-content\/uploads\/2015\/05\/why_us.png\" \/>\n<meta name=\"twitter:card\" content=\"summary_large_image\" \/>\n<meta name=\"twitter:label1\" content=\"Dur\u00e9e de lecture estim\u00e9e\" \/>\n\t<meta name=\"twitter:data1\" content=\"2 minutes\" \/>\n<script type=\"application\/ld+json\" class=\"yoast-schema-graph\">{\"@context\":\"https:\\\/\\\/schema.org\",\"@graph\":[{\"@type\":\"WebPage\",\"@id\":\"http:\\\/\\\/iberice.com\\\/fr\\\/pourquoi-nous\\\/\",\"url\":\"http:\\\/\\\/iberice.com\\\/fr\\\/pourquoi-nous\\\/\",\"name\":\"Pourquoi Nous? - Iberice\",\"isPartOf\":{\"@id\":\"https:\\\/\\\/iberice.com\\\/pt-pt\\\/#website\"},\"primaryImageOfPage\":{\"@id\":\"http:\\\/\\\/iberice.com\\\/fr\\\/pourquoi-nous\\\/#primaryimage\"},\"image\":{\"@id\":\"http:\\\/\\\/iberice.com\\\/fr\\\/pourquoi-nous\\\/#primaryimage\"},\"thumbnailUrl\":\"http:\\\/\\\/iberice.com\\\/wp-content\\\/uploads\\\/2015\\\/05\\\/tecnologia_c.jpg\",\"datePublished\":\"2015-05-29T21:37:01+00:00\",\"dateModified\":\"2015-09-22T21:00:21+00:00\",\"breadcrumb\":{\"@id\":\"http:\\\/\\\/iberice.com\\\/fr\\\/pourquoi-nous\\\/#breadcrumb\"},\"inLanguage\":\"fr-FR\",\"potentialAction\":[{\"@type\":\"ReadAction\",\"target\":[\"http:\\\/\\\/iberice.com\\\/fr\\\/pourquoi-nous\\\/\"]}]},{\"@type\":\"ImageObject\",\"inLanguage\":\"fr-FR\",\"@id\":\"http:\\\/\\\/iberice.com\\\/fr\\\/pourquoi-nous\\\/#primaryimage\",\"url\":\"http:\\\/\\\/iberice.com\\\/wp-content\\\/uploads\\\/2015\\\/05\\\/tecnologia_c.jpg\",\"contentUrl\":\"http:\\\/\\\/iberice.com\\\/wp-content\\\/uploads\\\/2015\\\/05\\\/tecnologia_c.jpg\"},{\"@type\":\"BreadcrumbList\",\"@id\":\"http:\\\/\\\/iberice.com\\\/fr\\\/pourquoi-nous\\\/#breadcrumb\",\"itemListElement\":[{\"@type\":\"ListItem\",\"position\":1,\"name\":\"Home\",\"item\":\"https:\\\/\\\/iberice.com\\\/fr\\\/\"},{\"@type\":\"ListItem\",\"position\":2,\"name\":\"Pourquoi Nous?\"}]},{\"@type\":\"WebSite\",\"@id\":\"https:\\\/\\\/iberice.com\\\/pt-pt\\\/#website\",\"url\":\"https:\\\/\\\/iberice.com\\\/pt-pt\\\/\",\"name\":\"Iberice\",\"description\":\"Iberice - Flex Fun Ice\",\"potentialAction\":[{\"@type\":\"SearchAction\",\"target\":{\"@type\":\"EntryPoint\",\"urlTemplate\":\"https:\\\/\\\/iberice.com\\\/pt-pt\\\/?s={search_term_string}\"},\"query-input\":{\"@type\":\"PropertyValueSpecification\",\"valueRequired\":true,\"valueName\":\"search_term_string\"}}],\"inLanguage\":\"fr-FR\"}]}<\/script>\n<!-- \/ Yoast SEO plugin. -->","yoast_head_json":{"title":"Pourquoi Nous? - Iberice","robots":{"index":"index","follow":"follow","max-snippet":"max-snippet:-1","max-image-preview":"max-image-preview:large","max-video-preview":"max-video-preview:-1"},"canonical":"http:\/\/iberice.com\/fr\/pourquoi-nous\/","og_locale":"fr_FR","og_type":"article","og_title":"Why Us?","og_description":"Iberice Helps You Succeed! Iberice is Fun Innovation! Iberice is Intelligent Flexibility!","og_url":"http:\/\/iberice.com\/fr\/pourquoi-nous\/","og_site_name":"Iberice","article_publisher":"https:\/\/www.facebook.com\/IberIce.IceSolutions","article_modified_time":"2015-09-22T21:00:21+00:00","og_image":[{"url":"http:\/\/iberice.com\/wp-content\/uploads\/2015\/05\/why_us.png","type":"","width":"","height":""}],"twitter_card":"summary_large_image","twitter_misc":{"Dur\u00e9e de lecture estim\u00e9e":"2 minutes"},"schema":{"@context":"https:\/\/schema.org","@graph":[{"@type":"WebPage","@id":"http:\/\/iberice.com\/fr\/pourquoi-nous\/","url":"http:\/\/iberice.com\/fr\/pourquoi-nous\/","name":"Pourquoi Nous? - Iberice","isPartOf":{"@id":"https:\/\/iberice.com\/pt-pt\/#website"},"primaryImageOfPage":{"@id":"http:\/\/iberice.com\/fr\/pourquoi-nous\/#primaryimage"},"image":{"@id":"http:\/\/iberice.com\/fr\/pourquoi-nous\/#primaryimage"},"thumbnailUrl":"http:\/\/iberice.com\/wp-content\/uploads\/2015\/05\/tecnologia_c.jpg","datePublished":"2015-05-29T21:37:01+00:00","dateModified":"2015-09-22T21:00:21+00:00","breadcrumb":{"@id":"http:\/\/iberice.com\/fr\/pourquoi-nous\/#breadcrumb"},"inLanguage":"fr-FR","potentialAction":[{"@type":"ReadAction","target":["http:\/\/iberice.com\/fr\/pourquoi-nous\/"]}]},{"@type":"ImageObject","inLanguage":"fr-FR","@id":"http:\/\/iberice.com\/fr\/pourquoi-nous\/#primaryimage","url":"http:\/\/iberice.com\/wp-content\/uploads\/2015\/05\/tecnologia_c.jpg","contentUrl":"http:\/\/iberice.com\/wp-content\/uploads\/2015\/05\/tecnologia_c.jpg"},{"@type":"BreadcrumbList","@id":"http:\/\/iberice.com\/fr\/pourquoi-nous\/#breadcrumb","itemListElement":[{"@type":"ListItem","position":1,"name":"Home","item":"https:\/\/iberice.com\/fr\/"},{"@type":"ListItem","position":2,"name":"Pourquoi Nous?"}]},{"@type":"WebSite","@id":"https:\/\/iberice.com\/pt-pt\/#website","url":"https:\/\/iberice.com\/pt-pt\/","name":"Iberice","description":"Iberice - Flex Fun Ice","potentialAction":[{"@type":"SearchAction","target":{"@type":"EntryPoint","urlTemplate":"https:\/\/iberice.com\/pt-pt\/?s={search_term_string}"},"query-input":{"@type":"PropertyValueSpecification","valueRequired":true,"valueName":"search_term_string"}}],"inLanguage":"fr-FR"}]}},"_links":{"self":[{"href":"https:\/\/iberice.com\/fr\/wp-json\/wp\/v2\/pages\/3819","targetHints":{"allow":["GET"]}}],"collection":[{"href":"https:\/\/iberice.com\/fr\/wp-json\/wp\/v2\/pages"}],"about":[{"href":"https:\/\/iberice.com\/fr\/wp-json\/wp\/v2\/types\/page"}],"author":[{"embeddable":true,"href":"https:\/\/iberice.com\/fr\/wp-json\/wp\/v2\/users\/1"}],"replies":[{"embeddable":true,"href":"https:\/\/iberice.com\/fr\/wp-json\/wp\/v2\/comments?post=3819"}],"version-history":[{"count":5,"href":"https:\/\/iberice.com\/fr\/wp-json\/wp\/v2\/pages\/3819\/revisions"}],"predecessor-version":[{"id":4161,"href":"https:\/\/iberice.com\/fr\/wp-json\/wp\/v2\/pages\/3819\/revisions\/4161"}],"wp:attachment":[{"href":"https:\/\/iberice.com\/fr\/wp-json\/wp\/v2\/media?parent=3819"}],"curies":[{"name":"wp","href":"https:\/\/api.w.org\/{rel}","templated":true}]}}