{"id":3893,"date":"2015-05-23T17:08:50","date_gmt":"2015-05-23T17:08:50","guid":{"rendered":"http:\/\/iberice.com\/flex-fun-services-2\/"},"modified":"2015-09-24T12:50:28","modified_gmt":"2015-09-24T12:50:28","slug":"servicios-flex-fun","status":"publish","type":"page","link":"https:\/\/iberice.com\/es\/servicios-flex-fun\/","title":{"rendered":"Serv\u00edcios Flex Fun"},"content":{"rendered":"<div class=\"wpb-content-wrapper\"><p>[vc_row][vc_column width=\u00bb1\/1&#8243;][\/vc_column][\/vc_row][vc_row][vc_column width=\u00bb1\/2&#8243;][vc_column_text]<\/p>\n<h1 style=\"text-align: left;\">SERV\u00cdCIOS FLEXFUN<\/h1>\n<h4>La Divertida Pista de Patinaje Ultram\u00f3vil.<\/h4>\n<p>&nbsp;<\/p>\n<h2><strong>SUPERVISI\u00d3N<\/strong>\u00a0DE LA INSTALACI\u00d3N<\/h2>\n<p>Ofrecemos un t\u00e9cnico calificado para controlar, seguir y\u00a0asistir todo el proceso de instalaci\u00f3n de la pista de hielo\u00a0para patinaje.<br \/>\nTambi\u00e9n ofrecemos entrenamiento espec\u00edfico a los\u00a0miembros del equipo en lo respecta la instalaci\u00f3n\/desmontaje,\u00a0as\u00ed como mantenimiento.<\/p>\n<p>&nbsp;<\/p>\n<h2>INSTALACI\u00d3N<br \/>\n<strong>POSTERIOR INDEPENDIENTE<\/strong><\/h2>\n<p>Ofrecemos soporte t\u00e9cnico y toda la informaci\u00f3n necesaria\u00a0para que vuestro equipo pueda instalar, de forma\u00a0independiente, la pista de patinaje de hielo entera.<\/p>\n<p>&nbsp;<\/p>\n<h2><strong>FORMACI\u00d3N<\/strong><br \/>\n<strong>OPERACIONAL <\/strong>Y<strong> DE GESTI\u00d3N<\/strong><\/h2>\n<p>Facilitamos una formaci\u00f3n espec\u00edfica a vuestro equipo\u00a0para que puedan trabajar con total confianza con todo el\u00a0equipamiento de hielo y kits.[\/vc_column_text][\/vc_column][vc_column width=\u00bb1\/2&#8243;][vc_column_text]<\/p>\n<p style=\"text-align: center;\"><img class=\"lazyload size-full wp-image-3539\" data-original=\"http:\/\/iberice.com\/wp-content\/uploads\/2015\/06\/service.jpg\" alt=\"\" width=\"703\" height=\"559\" \/><\/p>\n<p style=\"text-align: center;\"><a class=\"omsc-button omsc-no-custom-hover omsc-size-large omsc-style-flat omsc-text-bright\" href=\"http:\/\/iberice.com\/es\/pedir-presupuesto\/\" target=\"_parent\" style=\"color:#ffffff\">PEDIR PRESUPUESTO<\/a><a class=\"omsc-button omsc-custom-hover omsc-size-large omsc-style-flat omsc-text-bright\" href=\"http:\/\/iberice.com\/es\/colabora-con-nosotros\/\" target=\"_parent\" style=\"background-color:#005f8a;border-color:#005f8a;color:#ffffff\" data-hover-bg-color=\"#4d8fad\" data-hover-text-color=\"#ffffff\" data-hover-border-color=\"#4d8fad\">COLABORA CON NOSOTROS<\/a><\/p>\n<p>[\/vc_column_text][\/vc_column][\/vc_row][vc_row][vc_column width=\u00bb1\/1&#8243;][\/vc_column][\/vc_row][vc_row css=\u00bb.vc_custom_1432503483069{margin-bottom: 0px !important;padding-top: 55px !important;padding-bottom: 55px !important;background-color: #005f8a !important;}\u00bb full_width=\u00bbstretch_row\u00bb][vc_column width=\u00bb1\/1&#8243;][vc_column_text]<\/p>\n<h1 style=\"text-align: center;\"><span style=\"color: #ffffff;\"><strong>DIVERSI\u00d3N<\/strong> EN HIELO Y <strong>FLEXIBILIDAD<\/strong><\/span><\/h1>\n<h4 style=\"text-align: center;\">SOLUCIONES EN HIELO ESPECTACULARES<\/h4>\n<p style=\"text-align: center;\"><div style=\"max-width:600px;margin:0 auto\"><div class=\"omsc-responsive-box omsc-responsive-box-video\"><iframe loading=\"lazy\" src=\"https:\/\/www.youtube.com\/embed\/ToWo9iAnHVw?rel=0&amp;showinfo=0\" width=\"600\" height=\"338\" frameborder=\"0\" allowfullscreen=\"allowfullscreen\"><\/iframe><\/div><\/div>\n<p>[\/vc_column_text][\/vc_column][\/vc_row]<\/p>\n<\/div>","protected":false},"excerpt":{"rendered":"<p>[vc_row][vc_column width=\u00bb1\/1&#8243;][\/vc_column][\/vc_row][vc_row][vc_column width=\u00bb1\/2&#8243;][vc_column_text] SERV\u00cdCIOS FLEXFUN La Divertida Pista de Patinaje Ultram\u00f3vil. &nbsp; SUPERVISI\u00d3N\u00a0DE LA INSTALACI\u00d3N Ofrecemos un t\u00e9cnico calificado para controlar, seguir y\u00a0asistir todo el&hellip;<\/p>\n<p><a href=\"https:\/\/iberice.com\/es\/servicios-flex-fun\/\" class=\"more-link post-excerpt-readmore\">Read more<\/a><\/p>\n","protected":false},"author":1,"featured_media":0,"parent":0,"menu_order":11,"comment_status":"open","ping_status":"open","template":"","meta":{"_exactmetrics_skip_tracking":false,"_exactmetrics_sitenote_active":false,"_exactmetrics_sitenote_note":"","_exactmetrics_sitenote_category":0,"footnotes":""},"class_list":["post-3893","page","type-page","status-publish","hentry"],"yoast_head":"<!-- This site is optimized with the Yoast SEO plugin v27.3 - https:\/\/yoast.com\/product\/yoast-seo-wordpress\/ -->\n<title>Serv\u00edcios Flex Fun - Iberice<\/title>\n<meta name=\"robots\" content=\"index, follow, max-snippet:-1, max-image-preview:large, max-video-preview:-1\" \/>\n<link rel=\"canonical\" href=\"https:\/\/iberice.com\/flex-fun-services\/\" \/>\n<meta property=\"og:locale\" content=\"es_ES\" \/>\n<meta property=\"og:type\" content=\"article\" \/>\n<meta property=\"og:title\" content=\"We are Flexfun Services\" \/>\n<meta property=\"og:description\" content=\"Installation Supervision - Further Own Installation - Operate and Manage Training\" \/>\n<meta property=\"og:url\" content=\"https:\/\/iberice.com\/flex-fun-services\/\" \/>\n<meta property=\"og:site_name\" content=\"Iberice\" \/>\n<meta property=\"article:publisher\" content=\"https:\/\/www.facebook.com\/IberIce.IceSolutions\" \/>\n<meta property=\"article:modified_time\" content=\"2015-09-24T12:50:28+00:00\" \/>\n<meta property=\"og:image\" content=\"http:\/\/iberice.com\/wp-content\/uploads\/2015\/05\/services.png\" \/>\n<meta name=\"twitter:card\" content=\"summary_large_image\" \/>\n<meta name=\"twitter:label1\" content=\"Tiempo de lectura\" \/>\n\t<meta name=\"twitter:data1\" content=\"1 minuto\" \/>\n<script type=\"application\/ld+json\" class=\"yoast-schema-graph\">{\"@context\":\"https:\\\/\\\/schema.org\",\"@graph\":[{\"@type\":\"WebPage\",\"@id\":\"https:\\\/\\\/iberice.com\\\/flex-fun-services\\\/\",\"url\":\"https:\\\/\\\/iberice.com\\\/flex-fun-services\\\/\",\"name\":\"Serv\u00edcios Flex Fun - Iberice\",\"isPartOf\":{\"@id\":\"https:\\\/\\\/iberice.com\\\/pt-pt\\\/#website\"},\"primaryImageOfPage\":{\"@id\":\"https:\\\/\\\/iberice.com\\\/flex-fun-services\\\/#primaryimage\"},\"image\":{\"@id\":\"https:\\\/\\\/iberice.com\\\/flex-fun-services\\\/#primaryimage\"},\"thumbnailUrl\":\"http:\\\/\\\/iberice.com\\\/wp-content\\\/uploads\\\/2015\\\/06\\\/service.jpg\",\"datePublished\":\"2015-05-23T17:08:50+00:00\",\"dateModified\":\"2015-09-24T12:50:28+00:00\",\"breadcrumb\":{\"@id\":\"https:\\\/\\\/iberice.com\\\/flex-fun-services\\\/#breadcrumb\"},\"inLanguage\":\"es\",\"potentialAction\":[{\"@type\":\"ReadAction\",\"target\":[\"https:\\\/\\\/iberice.com\\\/flex-fun-services\\\/\"]}]},{\"@type\":\"ImageObject\",\"inLanguage\":\"es\",\"@id\":\"https:\\\/\\\/iberice.com\\\/flex-fun-services\\\/#primaryimage\",\"url\":\"http:\\\/\\\/iberice.com\\\/wp-content\\\/uploads\\\/2015\\\/06\\\/service.jpg\",\"contentUrl\":\"http:\\\/\\\/iberice.com\\\/wp-content\\\/uploads\\\/2015\\\/06\\\/service.jpg\"},{\"@type\":\"BreadcrumbList\",\"@id\":\"https:\\\/\\\/iberice.com\\\/flex-fun-services\\\/#breadcrumb\",\"itemListElement\":[{\"@type\":\"ListItem\",\"position\":1,\"name\":\"Home\",\"item\":\"https:\\\/\\\/iberice.com\\\/fr\\\/\"},{\"@type\":\"ListItem\",\"position\":2,\"name\":\"Serv\u00edcios Flex Fun\"}]},{\"@type\":\"WebSite\",\"@id\":\"https:\\\/\\\/iberice.com\\\/pt-pt\\\/#website\",\"url\":\"https:\\\/\\\/iberice.com\\\/pt-pt\\\/\",\"name\":\"Iberice\",\"description\":\"Iberice - Flex Fun Ice\",\"potentialAction\":[{\"@type\":\"SearchAction\",\"target\":{\"@type\":\"EntryPoint\",\"urlTemplate\":\"https:\\\/\\\/iberice.com\\\/pt-pt\\\/?s={search_term_string}\"},\"query-input\":{\"@type\":\"PropertyValueSpecification\",\"valueRequired\":true,\"valueName\":\"search_term_string\"}}],\"inLanguage\":\"es\"}]}<\/script>\n<!-- \/ Yoast SEO plugin. -->","yoast_head_json":{"title":"Serv\u00edcios Flex Fun - Iberice","robots":{"index":"index","follow":"follow","max-snippet":"max-snippet:-1","max-image-preview":"max-image-preview:large","max-video-preview":"max-video-preview:-1"},"canonical":"https:\/\/iberice.com\/flex-fun-services\/","og_locale":"es_ES","og_type":"article","og_title":"We are Flexfun Services","og_description":"Installation Supervision - Further Own Installation - Operate and Manage Training","og_url":"https:\/\/iberice.com\/flex-fun-services\/","og_site_name":"Iberice","article_publisher":"https:\/\/www.facebook.com\/IberIce.IceSolutions","article_modified_time":"2015-09-24T12:50:28+00:00","og_image":[{"url":"http:\/\/iberice.com\/wp-content\/uploads\/2015\/05\/services.png","type":"","width":"","height":""}],"twitter_card":"summary_large_image","twitter_misc":{"Tiempo de lectura":"1 minuto"},"schema":{"@context":"https:\/\/schema.org","@graph":[{"@type":"WebPage","@id":"https:\/\/iberice.com\/flex-fun-services\/","url":"https:\/\/iberice.com\/flex-fun-services\/","name":"Serv\u00edcios Flex Fun - Iberice","isPartOf":{"@id":"https:\/\/iberice.com\/pt-pt\/#website"},"primaryImageOfPage":{"@id":"https:\/\/iberice.com\/flex-fun-services\/#primaryimage"},"image":{"@id":"https:\/\/iberice.com\/flex-fun-services\/#primaryimage"},"thumbnailUrl":"http:\/\/iberice.com\/wp-content\/uploads\/2015\/06\/service.jpg","datePublished":"2015-05-23T17:08:50+00:00","dateModified":"2015-09-24T12:50:28+00:00","breadcrumb":{"@id":"https:\/\/iberice.com\/flex-fun-services\/#breadcrumb"},"inLanguage":"es","potentialAction":[{"@type":"ReadAction","target":["https:\/\/iberice.com\/flex-fun-services\/"]}]},{"@type":"ImageObject","inLanguage":"es","@id":"https:\/\/iberice.com\/flex-fun-services\/#primaryimage","url":"http:\/\/iberice.com\/wp-content\/uploads\/2015\/06\/service.jpg","contentUrl":"http:\/\/iberice.com\/wp-content\/uploads\/2015\/06\/service.jpg"},{"@type":"BreadcrumbList","@id":"https:\/\/iberice.com\/flex-fun-services\/#breadcrumb","itemListElement":[{"@type":"ListItem","position":1,"name":"Home","item":"https:\/\/iberice.com\/fr\/"},{"@type":"ListItem","position":2,"name":"Serv\u00edcios Flex Fun"}]},{"@type":"WebSite","@id":"https:\/\/iberice.com\/pt-pt\/#website","url":"https:\/\/iberice.com\/pt-pt\/","name":"Iberice","description":"Iberice - Flex Fun Ice","potentialAction":[{"@type":"SearchAction","target":{"@type":"EntryPoint","urlTemplate":"https:\/\/iberice.com\/pt-pt\/?s={search_term_string}"},"query-input":{"@type":"PropertyValueSpecification","valueRequired":true,"valueName":"search_term_string"}}],"inLanguage":"es"}]}},"_links":{"self":[{"href":"https:\/\/iberice.com\/es\/wp-json\/wp\/v2\/pages\/3893","targetHints":{"allow":["GET"]}}],"collection":[{"href":"https:\/\/iberice.com\/es\/wp-json\/wp\/v2\/pages"}],"about":[{"href":"https:\/\/iberice.com\/es\/wp-json\/wp\/v2\/types\/page"}],"author":[{"embeddable":true,"href":"https:\/\/iberice.com\/es\/wp-json\/wp\/v2\/users\/1"}],"replies":[{"embeddable":true,"href":"https:\/\/iberice.com\/es\/wp-json\/wp\/v2\/comments?post=3893"}],"version-history":[{"count":4,"href":"https:\/\/iberice.com\/es\/wp-json\/wp\/v2\/pages\/3893\/revisions"}],"predecessor-version":[{"id":4256,"href":"https:\/\/iberice.com\/es\/wp-json\/wp\/v2\/pages\/3893\/revisions\/4256"}],"wp:attachment":[{"href":"https:\/\/iberice.com\/es\/wp-json\/wp\/v2\/media?parent=3893"}],"curies":[{"name":"wp","href":"https:\/\/api.w.org\/{rel}","templated":true}]}}