{"id":3877,"date":"2015-05-23T17:19:02","date_gmt":"2015-05-23T17:19:02","guid":{"rendered":"http:\/\/iberice.com\/business-we-serve-2\/"},"modified":"2015-09-24T12:42:47","modified_gmt":"2015-09-24T12:42:47","slug":"que-negocios-servimos","status":"publish","type":"page","link":"https:\/\/iberice.com\/es\/que-negocios-servimos\/","title":{"rendered":"Qu\u00e9 Negocios Servimos?"},"content":{"rendered":"<div class=\"wpb-content-wrapper\"><p>[vc_row][vc_column width=\u00bb1\/1&#8243;][\/vc_column][\/vc_row][vc_row][vc_column width=\u00bb1\/2&#8243;][vc_column_text]<\/p>\n<h1 style=\"text-align: left;\">\u00bfQU\u00c9 NEGOCIOS SERVIMOS?<\/h1>\n<h3>Nuestros productos est\u00e1n dise\u00f1ados para ayudar:<\/h3>\n<p><i class=\"omsc-icon fa fa-chevron-circle-right fa-lg\" style=\"color:#005f8a\"><\/i>\u00a0<strong>Industrias de Eventos:<\/strong>\u00a0Proveedores de Equipamientos y Servicios;<\/p>\n<p><i class=\"omsc-icon fa fa-chevron-circle-right fa-lg\" style=\"color:#005f8a\"><\/i>\u00a0<strong>Organizadores de Eventos:<\/strong>\u00a0Agencias de Eventos y Marketing;<\/p>\n<p><i class=\"omsc-icon fa fa-chevron-circle-right fa-lg\" style=\"color:#005f8a\"><\/i>\u00a0<strong>Empresas de Construcci\u00f3n:<\/strong>\u00a0Ingenieras e Infraestructura;<\/p>\n<p>&nbsp;<\/p>\n<h1 style=\"text-align: left;\">\u00bfSECTORES Y APLICACIONES?<\/h1>\n<h3>Nuestras pistas de hielo para patinaje son una\u00a0soluci\u00f3n rentable para:<\/h3>\n<p><i class=\"omsc-icon fa fa-chevron-circle-right fa-lg\" style=\"color:#005f8a\"><\/i> Centros Comerciales, Sector Minorista;<\/p>\n<p><i class=\"omsc-icon fa fa-chevron-circle-right fa-lg\" style=\"color:#005f8a\"><\/i> Espacios P\u00fablicos, Municipios, Espacios de Ocio;<\/p>\n<p><i class=\"omsc-icon fa fa-chevron-circle-right fa-lg\" style=\"color:#005f8a\"><\/i> Parques Tem\u00e1ticos, Hoteles y Resorts, FEC\u00b4s;<\/p>\n<p><i class=\"omsc-icon fa fa-chevron-circle-right fa-lg\" style=\"color:#005f8a\"><\/i> Industria de Publicidad y Cinematogr\u00e1fica;<\/p>\n<p>&nbsp;<\/p>\n<p style=\"text-align: left;\"><a class=\"omsc-button omsc-no-custom-hover omsc-size-large omsc-style-flat omsc-text-bright\" href=\"http:\/\/iberice.com\/es\/pedir-presupuesto\/\" target=\"_parent\" style=\"color:#ffffff\">PEDIR PRESUPUESTO<\/a><a class=\"omsc-button omsc-custom-hover omsc-size-large omsc-style-flat omsc-text-bright\" href=\"http:\/\/iberice.com\/es\/colabora-con-nosotros\/\" target=\"_parent\" style=\"background-color:#005f8a;border-color:#005f8a;color:#ffffff\" data-hover-bg-color=\"#4d8fad\" data-hover-text-color=\"#ffffff\" data-hover-border-color=\"#4d8fad\">COLABORA CON NOSOTROS<\/a><\/p>\n<p>[\/vc_column_text][\/vc_column][vc_column width=\u00bb1\/2&#8243;][vc_column_text]<img class=\"lazyload size-full wp-image-3545 aligncenter\" data-original=\"http:\/\/iberice.com\/wp-content\/uploads\/2015\/06\/we_serve.jpg\" alt=\"\" width=\"781\" height=\"586\" \/>[\/vc_column_text][\/vc_column][\/vc_row][vc_row css=\u00bb.vc_custom_1432503483069{margin-bottom: 0px !important;padding-top: 55px !important;padding-bottom: 55px !important;background-color: #005f8a !important;}\u00bb full_width=\u00bbstretch_row\u00bb][vc_column width=\u00bb1\/1&#8243;][vc_column_text]<\/p>\n<h1 style=\"text-align: center;\"><span style=\"color: #ffffff;\"><strong>DIVERSI\u00d3N<\/strong> EN HIELO Y <strong>FLEXIBILIDAD<\/strong><\/span><\/h1>\n<h4 style=\"text-align: center;\">SOLUCIONES EN HIELO ESPECTACULARES<\/h4>\n<p style=\"text-align: center;\"><div style=\"max-width:600px;margin:0 auto\"><div class=\"omsc-responsive-box omsc-responsive-box-video\"><iframe loading=\"lazy\" src=\"https:\/\/www.youtube.com\/embed\/ToWo9iAnHVw?rel=0&amp;showinfo=0\" width=\"600\" height=\"338\" frameborder=\"0\" allowfullscreen=\"allowfullscreen\"><\/iframe><\/div><\/div>\n<p>[\/vc_column_text][\/vc_column][\/vc_row]<\/p>\n<\/div>","protected":false},"excerpt":{"rendered":"<p>[vc_row][vc_column width=\u00bb1\/1&#8243;][\/vc_column][\/vc_row][vc_row][vc_column width=\u00bb1\/2&#8243;][vc_column_text] \u00bfQU\u00c9 NEGOCIOS SERVIMOS? Nuestros productos est\u00e1n dise\u00f1ados para ayudar: \u00a0Industrias de Eventos:\u00a0Proveedores de Equipamientos y Servicios; \u00a0Organizadores de Eventos:\u00a0Agencias de Eventos y&hellip;<\/p>\n<p><a href=\"https:\/\/iberice.com\/es\/que-negocios-servimos\/\" class=\"more-link post-excerpt-readmore\">Read more<\/a><\/p>\n","protected":false},"author":1,"featured_media":0,"parent":0,"menu_order":9,"comment_status":"open","ping_status":"open","template":"","meta":{"_exactmetrics_skip_tracking":false,"_exactmetrics_sitenote_active":false,"_exactmetrics_sitenote_note":"","_exactmetrics_sitenote_category":0,"footnotes":""},"class_list":["post-3877","page","type-page","status-publish","hentry"],"yoast_head":"<!-- This site is optimized with the Yoast SEO plugin v27.4 - https:\/\/yoast.com\/product\/yoast-seo-wordpress\/ -->\n<title>Qu\u00e9 Negocios Servimos? - Iberice<\/title>\n<meta name=\"robots\" content=\"index, follow, max-snippet:-1, max-image-preview:large, max-video-preview:-1\" \/>\n<link rel=\"canonical\" href=\"https:\/\/iberice.com\/business-we-serve\/\" \/>\n<meta property=\"og:locale\" content=\"es_ES\" \/>\n<meta property=\"og:type\" content=\"article\" \/>\n<meta property=\"og:title\" content=\"Which Businesses We Serve?\" \/>\n<meta property=\"og:description\" content=\"Event Industry: Equipment and Services Suppliers; - Event Organisers: Event and Marketing Agencies; - Construction Companies: Engineering and Infrastructure;\" \/>\n<meta property=\"og:url\" content=\"https:\/\/iberice.com\/business-we-serve\/\" \/>\n<meta property=\"og:site_name\" content=\"Iberice\" \/>\n<meta property=\"article:publisher\" content=\"https:\/\/www.facebook.com\/IberIce.IceSolutions\" \/>\n<meta property=\"article:modified_time\" content=\"2015-09-24T12:42:47+00:00\" \/>\n<meta property=\"og:image\" content=\"http:\/\/iberice.com\/wp-content\/uploads\/2015\/05\/we_serve.png\" \/>\n<meta name=\"twitter:card\" content=\"summary_large_image\" \/>\n<meta name=\"twitter:label1\" content=\"Tiempo de lectura\" \/>\n\t<meta name=\"twitter:data1\" content=\"1 minuto\" \/>\n<script type=\"application\/ld+json\" class=\"yoast-schema-graph\">{\"@context\":\"https:\\\/\\\/schema.org\",\"@graph\":[{\"@type\":\"WebPage\",\"@id\":\"https:\\\/\\\/iberice.com\\\/business-we-serve\\\/\",\"url\":\"https:\\\/\\\/iberice.com\\\/business-we-serve\\\/\",\"name\":\"Qu\u00e9 Negocios Servimos? - Iberice\",\"isPartOf\":{\"@id\":\"https:\\\/\\\/iberice.com\\\/pt-pt\\\/#website\"},\"primaryImageOfPage\":{\"@id\":\"https:\\\/\\\/iberice.com\\\/business-we-serve\\\/#primaryimage\"},\"image\":{\"@id\":\"https:\\\/\\\/iberice.com\\\/business-we-serve\\\/#primaryimage\"},\"thumbnailUrl\":\"http:\\\/\\\/iberice.com\\\/wp-content\\\/uploads\\\/2015\\\/06\\\/we_serve.jpg\",\"datePublished\":\"2015-05-23T17:19:02+00:00\",\"dateModified\":\"2015-09-24T12:42:47+00:00\",\"breadcrumb\":{\"@id\":\"https:\\\/\\\/iberice.com\\\/business-we-serve\\\/#breadcrumb\"},\"inLanguage\":\"es\",\"potentialAction\":[{\"@type\":\"ReadAction\",\"target\":[\"https:\\\/\\\/iberice.com\\\/business-we-serve\\\/\"]}]},{\"@type\":\"ImageObject\",\"inLanguage\":\"es\",\"@id\":\"https:\\\/\\\/iberice.com\\\/business-we-serve\\\/#primaryimage\",\"url\":\"http:\\\/\\\/iberice.com\\\/wp-content\\\/uploads\\\/2015\\\/06\\\/we_serve.jpg\",\"contentUrl\":\"http:\\\/\\\/iberice.com\\\/wp-content\\\/uploads\\\/2015\\\/06\\\/we_serve.jpg\"},{\"@type\":\"BreadcrumbList\",\"@id\":\"https:\\\/\\\/iberice.com\\\/business-we-serve\\\/#breadcrumb\",\"itemListElement\":[{\"@type\":\"ListItem\",\"position\":1,\"name\":\"Home\",\"item\":\"https:\\\/\\\/iberice.com\\\/fr\\\/\"},{\"@type\":\"ListItem\",\"position\":2,\"name\":\"Qu\u00e9 Negocios Servimos?\"}]},{\"@type\":\"WebSite\",\"@id\":\"https:\\\/\\\/iberice.com\\\/pt-pt\\\/#website\",\"url\":\"https:\\\/\\\/iberice.com\\\/pt-pt\\\/\",\"name\":\"Iberice\",\"description\":\"Iberice - Flex Fun Ice\",\"potentialAction\":[{\"@type\":\"SearchAction\",\"target\":{\"@type\":\"EntryPoint\",\"urlTemplate\":\"https:\\\/\\\/iberice.com\\\/pt-pt\\\/?s={search_term_string}\"},\"query-input\":{\"@type\":\"PropertyValueSpecification\",\"valueRequired\":true,\"valueName\":\"search_term_string\"}}],\"inLanguage\":\"es\"}]}<\/script>\n<!-- \/ Yoast SEO plugin. -->","yoast_head_json":{"title":"Qu\u00e9 Negocios Servimos? - Iberice","robots":{"index":"index","follow":"follow","max-snippet":"max-snippet:-1","max-image-preview":"max-image-preview:large","max-video-preview":"max-video-preview:-1"},"canonical":"https:\/\/iberice.com\/business-we-serve\/","og_locale":"es_ES","og_type":"article","og_title":"Which Businesses We Serve?","og_description":"Event Industry: Equipment and Services Suppliers; - Event Organisers: Event and Marketing Agencies; - Construction Companies: Engineering and Infrastructure;","og_url":"https:\/\/iberice.com\/business-we-serve\/","og_site_name":"Iberice","article_publisher":"https:\/\/www.facebook.com\/IberIce.IceSolutions","article_modified_time":"2015-09-24T12:42:47+00:00","og_image":[{"url":"http:\/\/iberice.com\/wp-content\/uploads\/2015\/05\/we_serve.png","type":"","width":"","height":""}],"twitter_card":"summary_large_image","twitter_misc":{"Tiempo de lectura":"1 minuto"},"schema":{"@context":"https:\/\/schema.org","@graph":[{"@type":"WebPage","@id":"https:\/\/iberice.com\/business-we-serve\/","url":"https:\/\/iberice.com\/business-we-serve\/","name":"Qu\u00e9 Negocios Servimos? - Iberice","isPartOf":{"@id":"https:\/\/iberice.com\/pt-pt\/#website"},"primaryImageOfPage":{"@id":"https:\/\/iberice.com\/business-we-serve\/#primaryimage"},"image":{"@id":"https:\/\/iberice.com\/business-we-serve\/#primaryimage"},"thumbnailUrl":"http:\/\/iberice.com\/wp-content\/uploads\/2015\/06\/we_serve.jpg","datePublished":"2015-05-23T17:19:02+00:00","dateModified":"2015-09-24T12:42:47+00:00","breadcrumb":{"@id":"https:\/\/iberice.com\/business-we-serve\/#breadcrumb"},"inLanguage":"es","potentialAction":[{"@type":"ReadAction","target":["https:\/\/iberice.com\/business-we-serve\/"]}]},{"@type":"ImageObject","inLanguage":"es","@id":"https:\/\/iberice.com\/business-we-serve\/#primaryimage","url":"http:\/\/iberice.com\/wp-content\/uploads\/2015\/06\/we_serve.jpg","contentUrl":"http:\/\/iberice.com\/wp-content\/uploads\/2015\/06\/we_serve.jpg"},{"@type":"BreadcrumbList","@id":"https:\/\/iberice.com\/business-we-serve\/#breadcrumb","itemListElement":[{"@type":"ListItem","position":1,"name":"Home","item":"https:\/\/iberice.com\/fr\/"},{"@type":"ListItem","position":2,"name":"Qu\u00e9 Negocios Servimos?"}]},{"@type":"WebSite","@id":"https:\/\/iberice.com\/pt-pt\/#website","url":"https:\/\/iberice.com\/pt-pt\/","name":"Iberice","description":"Iberice - Flex Fun Ice","potentialAction":[{"@type":"SearchAction","target":{"@type":"EntryPoint","urlTemplate":"https:\/\/iberice.com\/pt-pt\/?s={search_term_string}"},"query-input":{"@type":"PropertyValueSpecification","valueRequired":true,"valueName":"search_term_string"}}],"inLanguage":"es"}]}},"_links":{"self":[{"href":"https:\/\/iberice.com\/es\/wp-json\/wp\/v2\/pages\/3877","targetHints":{"allow":["GET"]}}],"collection":[{"href":"https:\/\/iberice.com\/es\/wp-json\/wp\/v2\/pages"}],"about":[{"href":"https:\/\/iberice.com\/es\/wp-json\/wp\/v2\/types\/page"}],"author":[{"embeddable":true,"href":"https:\/\/iberice.com\/es\/wp-json\/wp\/v2\/users\/1"}],"replies":[{"embeddable":true,"href":"https:\/\/iberice.com\/es\/wp-json\/wp\/v2\/comments?post=3877"}],"version-history":[{"count":4,"href":"https:\/\/iberice.com\/es\/wp-json\/wp\/v2\/pages\/3877\/revisions"}],"predecessor-version":[{"id":4252,"href":"https:\/\/iberice.com\/es\/wp-json\/wp\/v2\/pages\/3877\/revisions\/4252"}],"wp:attachment":[{"href":"https:\/\/iberice.com\/es\/wp-json\/wp\/v2\/media?parent=3877"}],"curies":[{"name":"wp","href":"https:\/\/api.w.org\/{rel}","templated":true}]}}