{"id":3853,"date":"2015-05-29T19:37:45","date_gmt":"2015-05-29T19:37:45","guid":{"rendered":"http:\/\/iberice.com\/multi-flexfun-ice-2\/"},"modified":"2015-09-26T16:46:13","modified_gmt":"2015-09-26T16:46:13","slug":"multi-flexfun-ice","status":"publish","type":"page","link":"https:\/\/iberice.com\/es\/multi-flexfun-ice\/","title":{"rendered":"Multi Flexfun-Ice"},"content":{"rendered":"<div class=\"wpb-content-wrapper\"><p>[vc_row][vc_column width=\u00bb1\/1&#8243;][\/vc_column][\/vc_row][vc_row][vc_column width=\u00bb1\/2&#8243;][vc_column_text]<\/p>\n<h1 align=\"LEFT\">MULTI FLEXFUN-ICE<\/h1>\n<h4 align=\"LEFT\">La Pista de Patinaje de Diversi\u00f3n de Usos M\u00faltiples.<\/h4>\n<p>Esta soluci\u00f3n totalmente vers\u00e1til le permitir\u00e1 obtener\u00a0un ingreso alternativo del uso variado que la pista de\u00a0patinaje en hielo puede tener.<\/p>\n<h3>Podr\u00e1 utilizarse como:<\/h3>\n<p><i class=\"omsc-icon fa fa-chevron-circle-right fa-lg\" style=\"color:#005f8a\"><\/i> Espacios para eventos o \u00e1reas deportivas;<br \/>\n<i class=\"omsc-icon fa fa-chevron-circle-right fa-lg\" style=\"color:#005f8a\"><\/i> Parques infantiles o \u00e1reas para ni\u00f1os;<br \/>\n<i class=\"omsc-icon fa fa-chevron-circle-right fa-lg\" style=\"color:#005f8a\"><\/i> Fuente con agua o una lounge area;<\/p>\n<p align=\"LEFT\"><i class=\"omsc-icon fa fa-check-circle fa-lg\" style=\"color:#00a551\"><\/i> Formas especiales adaptadas a tu espacio;<br \/>\n<i class=\"omsc-icon fa fa-check-circle fa-lg\" style=\"color:#00a551\"><\/i> Flexible seg\u00fan las condiciones meteorol\u00f3gicas;<br \/>\n<i class=\"omsc-icon fa fa-check-circle fa-lg\" style=\"color:#00a551\"><\/i> Uso variado de los espacios de ocio a lo largo del a\u00f1o;<br \/>\n<i class=\"omsc-icon fa fa-check-circle fa-lg\" style=\"color:#00a551\"><\/i> Pista dura o c\u00e9sped sint\u00e9tico;<br \/>\n<i class=\"omsc-icon fa fa-check-circle fa-lg\" style=\"color:#00a551\"><\/i> De f\u00e1cil instalaci\u00f3n y no es necesario mantenimiento;<\/p>\n<p align=\"LEFT\"><strong>\u00a1Todo esto con la garant\u00eda de Hielo de Calidad para\u00a0vuestros usuarios!<\/strong><\/p>\n<p>&nbsp;<\/p>\n<p style=\"text-align: left;\"><a class=\"omsc-button omsc-no-custom-hover omsc-size-large omsc-style-flat omsc-text-bright\" href=\"http:\/\/iberice.com\/es\/pedir-presupuesto\/\" target=\"_parent\" style=\"color:#ffffff\">PEDIR PRESUPUESTO<\/a><a class=\"omsc-button omsc-custom-hover omsc-size-large omsc-style-flat omsc-text-bright\" href=\"http:\/\/iberice.com\/es\/colabora-con-nosotros\/\" target=\"_parent\" style=\"background-color:#005f8a;border-color:#005f8a;color:#ffffff\" data-hover-bg-color=\"#4d8fad\" data-hover-text-color=\"#ffffff\" data-hover-border-color=\"#4d8fad\">COLABORA CON NOSOTROS<\/a><\/p>\n<p>[\/vc_column_text][\/vc_column][vc_column width=\u00bb1\/2&#8243;][vc_column_text]<img class=\"lazyload aligncenter wp-image-4328 size-full\" data-original=\"http:\/\/iberice.com\/wp-content\/uploads\/2015\/05\/slide_track_circle_es.jpg\" alt=\"\" width=\"782\" height=\"592\" \/>[\/vc_column_text][\/vc_column][\/vc_row][vc_row][vc_column width=\u00bb1\/1&#8243;][vc_separator color=\u00bbgrey\u00bb align=\u00bbalign_center\u00bb][\/vc_column][\/vc_row][vc_row][vc_column width=\u00bb1\/1&#8243;][vc_column_text]<\/p>\n<h2 align=\"LEFT\">MODELO ESQUEM\u00c1TICO<\/h2>\n<p><img class=\"lazyload aligncenter wp-image-4329 size-full\" data-original=\"http:\/\/iberice.com\/wp-content\/uploads\/2015\/05\/mp_ws_final_es.jpg\" alt=\"\" width=\"1065\" height=\"457\" \/>[\/vc_column_text][\/vc_column][\/vc_row][vc_row][vc_column width=\u00bb1\/1&#8243;][\/vc_column][\/vc_row][vc_row css=\u00bb.vc_custom_1432503483069{margin-bottom: 0px !important;padding-top: 55px !important;padding-bottom: 55px !important;background-color: #005f8a !important;}\u00bb full_width=\u00bbstretch_row\u00bb][vc_column width=\u00bb1\/1&#8243;][vc_column_text]<\/p>\n<h1 style=\"text-align: center;\"><span style=\"color: #ffffff;\"><strong>DIVERSI\u00d3N<\/strong> EN HIELO Y <strong>FLEXIBILIDAD<\/strong><\/span><\/h1>\n<h4 style=\"text-align: center;\">SOLUCIONES EN HIELO ESPECTACULARES<\/h4>\n<p style=\"text-align: center;\"><div style=\"max-width:600px;margin:0 auto\"><div class=\"omsc-responsive-box omsc-responsive-box-video\"><iframe loading=\"lazy\" src=\"https:\/\/www.youtube.com\/embed\/ToWo9iAnHVw?rel=0&amp;showinfo=0\" width=\"600\" height=\"338\" frameborder=\"0\" allowfullscreen=\"allowfullscreen\"><\/iframe><\/div><\/div>\n<p>[\/vc_column_text][\/vc_column][\/vc_row]<\/p>\n<\/div>","protected":false},"excerpt":{"rendered":"<p>[vc_row][vc_column width=\u00bb1\/1&#8243;][\/vc_column][\/vc_row][vc_row][vc_column width=\u00bb1\/2&#8243;][vc_column_text] MULTI FLEXFUN-ICE La Pista de Patinaje de Diversi\u00f3n de Usos M\u00faltiples. Esta soluci\u00f3n totalmente vers\u00e1til le permitir\u00e1 obtener\u00a0un ingreso alternativo del uso&hellip;<\/p>\n<p><a href=\"https:\/\/iberice.com\/es\/multi-flexfun-ice\/\" class=\"more-link post-excerpt-readmore\">Read more<\/a><\/p>\n","protected":false},"author":1,"featured_media":0,"parent":0,"menu_order":6,"comment_status":"open","ping_status":"open","template":"","meta":{"_exactmetrics_skip_tracking":false,"_exactmetrics_sitenote_active":false,"_exactmetrics_sitenote_note":"","_exactmetrics_sitenote_category":0,"footnotes":""},"class_list":["post-3853","page","type-page","status-publish","hentry"],"yoast_head":"<!-- This site is optimized with the Yoast SEO plugin v27.3 - https:\/\/yoast.com\/product\/yoast-seo-wordpress\/ -->\n<title>Multi Flexfun-Ice - Iberice<\/title>\n<meta name=\"robots\" content=\"index, follow, max-snippet:-1, max-image-preview:large, max-video-preview:-1\" \/>\n<link rel=\"canonical\" href=\"https:\/\/iberice.com\/multi-flexfun-ice\/\" \/>\n<meta property=\"og:locale\" content=\"es_ES\" \/>\n<meta property=\"og:type\" content=\"article\" \/>\n<meta property=\"og:title\" content=\"Multi Flexfun-Ice\" \/>\n<meta property=\"og:description\" content=\"This complete versatile solution gets you a alternative income from the mix use of the ice skating rink space.\" \/>\n<meta property=\"og:url\" content=\"https:\/\/iberice.com\/multi-flexfun-ice\/\" \/>\n<meta property=\"og:site_name\" content=\"Iberice\" \/>\n<meta property=\"article:publisher\" content=\"https:\/\/www.facebook.com\/IberIce.IceSolutions\" \/>\n<meta property=\"article:modified_time\" content=\"2015-09-26T16:46:13+00:00\" \/>\n<meta property=\"og:image\" content=\"http:\/\/iberice.com\/wp-content\/uploads\/2015\/05\/multi_flex.png\" \/>\n<meta name=\"twitter:card\" content=\"summary_large_image\" \/>\n<meta name=\"twitter:label1\" content=\"Tiempo de lectura\" \/>\n\t<meta name=\"twitter:data1\" content=\"2 minutos\" \/>\n<script type=\"application\/ld+json\" class=\"yoast-schema-graph\">{\"@context\":\"https:\\\/\\\/schema.org\",\"@graph\":[{\"@type\":\"WebPage\",\"@id\":\"https:\\\/\\\/iberice.com\\\/multi-flexfun-ice\\\/\",\"url\":\"https:\\\/\\\/iberice.com\\\/multi-flexfun-ice\\\/\",\"name\":\"Multi Flexfun-Ice - Iberice\",\"isPartOf\":{\"@id\":\"https:\\\/\\\/iberice.com\\\/pt-pt\\\/#website\"},\"primaryImageOfPage\":{\"@id\":\"https:\\\/\\\/iberice.com\\\/multi-flexfun-ice\\\/#primaryimage\"},\"image\":{\"@id\":\"https:\\\/\\\/iberice.com\\\/multi-flexfun-ice\\\/#primaryimage\"},\"thumbnailUrl\":\"http:\\\/\\\/iberice.com\\\/wp-content\\\/uploads\\\/2015\\\/05\\\/slide_track_circle_es.jpg\",\"datePublished\":\"2015-05-29T19:37:45+00:00\",\"dateModified\":\"2015-09-26T16:46:13+00:00\",\"breadcrumb\":{\"@id\":\"https:\\\/\\\/iberice.com\\\/multi-flexfun-ice\\\/#breadcrumb\"},\"inLanguage\":\"es\",\"potentialAction\":[{\"@type\":\"ReadAction\",\"target\":[\"https:\\\/\\\/iberice.com\\\/multi-flexfun-ice\\\/\"]}]},{\"@type\":\"ImageObject\",\"inLanguage\":\"es\",\"@id\":\"https:\\\/\\\/iberice.com\\\/multi-flexfun-ice\\\/#primaryimage\",\"url\":\"http:\\\/\\\/iberice.com\\\/wp-content\\\/uploads\\\/2015\\\/05\\\/slide_track_circle_es.jpg\",\"contentUrl\":\"http:\\\/\\\/iberice.com\\\/wp-content\\\/uploads\\\/2015\\\/05\\\/slide_track_circle_es.jpg\"},{\"@type\":\"BreadcrumbList\",\"@id\":\"https:\\\/\\\/iberice.com\\\/multi-flexfun-ice\\\/#breadcrumb\",\"itemListElement\":[{\"@type\":\"ListItem\",\"position\":1,\"name\":\"Home\",\"item\":\"https:\\\/\\\/iberice.com\\\/fr\\\/\"},{\"@type\":\"ListItem\",\"position\":2,\"name\":\"Multi Flexfun-Ice\"}]},{\"@type\":\"WebSite\",\"@id\":\"https:\\\/\\\/iberice.com\\\/pt-pt\\\/#website\",\"url\":\"https:\\\/\\\/iberice.com\\\/pt-pt\\\/\",\"name\":\"Iberice\",\"description\":\"Iberice - Flex Fun Ice\",\"potentialAction\":[{\"@type\":\"SearchAction\",\"target\":{\"@type\":\"EntryPoint\",\"urlTemplate\":\"https:\\\/\\\/iberice.com\\\/pt-pt\\\/?s={search_term_string}\"},\"query-input\":{\"@type\":\"PropertyValueSpecification\",\"valueRequired\":true,\"valueName\":\"search_term_string\"}}],\"inLanguage\":\"es\"}]}<\/script>\n<!-- \/ Yoast SEO plugin. -->","yoast_head_json":{"title":"Multi Flexfun-Ice - Iberice","robots":{"index":"index","follow":"follow","max-snippet":"max-snippet:-1","max-image-preview":"max-image-preview:large","max-video-preview":"max-video-preview:-1"},"canonical":"https:\/\/iberice.com\/multi-flexfun-ice\/","og_locale":"es_ES","og_type":"article","og_title":"Multi Flexfun-Ice","og_description":"This complete versatile solution gets you a alternative income from the mix use of the ice skating rink space.","og_url":"https:\/\/iberice.com\/multi-flexfun-ice\/","og_site_name":"Iberice","article_publisher":"https:\/\/www.facebook.com\/IberIce.IceSolutions","article_modified_time":"2015-09-26T16:46:13+00:00","og_image":[{"url":"http:\/\/iberice.com\/wp-content\/uploads\/2015\/05\/multi_flex.png","type":"","width":"","height":""}],"twitter_card":"summary_large_image","twitter_misc":{"Tiempo de lectura":"2 minutos"},"schema":{"@context":"https:\/\/schema.org","@graph":[{"@type":"WebPage","@id":"https:\/\/iberice.com\/multi-flexfun-ice\/","url":"https:\/\/iberice.com\/multi-flexfun-ice\/","name":"Multi Flexfun-Ice - Iberice","isPartOf":{"@id":"https:\/\/iberice.com\/pt-pt\/#website"},"primaryImageOfPage":{"@id":"https:\/\/iberice.com\/multi-flexfun-ice\/#primaryimage"},"image":{"@id":"https:\/\/iberice.com\/multi-flexfun-ice\/#primaryimage"},"thumbnailUrl":"http:\/\/iberice.com\/wp-content\/uploads\/2015\/05\/slide_track_circle_es.jpg","datePublished":"2015-05-29T19:37:45+00:00","dateModified":"2015-09-26T16:46:13+00:00","breadcrumb":{"@id":"https:\/\/iberice.com\/multi-flexfun-ice\/#breadcrumb"},"inLanguage":"es","potentialAction":[{"@type":"ReadAction","target":["https:\/\/iberice.com\/multi-flexfun-ice\/"]}]},{"@type":"ImageObject","inLanguage":"es","@id":"https:\/\/iberice.com\/multi-flexfun-ice\/#primaryimage","url":"http:\/\/iberice.com\/wp-content\/uploads\/2015\/05\/slide_track_circle_es.jpg","contentUrl":"http:\/\/iberice.com\/wp-content\/uploads\/2015\/05\/slide_track_circle_es.jpg"},{"@type":"BreadcrumbList","@id":"https:\/\/iberice.com\/multi-flexfun-ice\/#breadcrumb","itemListElement":[{"@type":"ListItem","position":1,"name":"Home","item":"https:\/\/iberice.com\/fr\/"},{"@type":"ListItem","position":2,"name":"Multi Flexfun-Ice"}]},{"@type":"WebSite","@id":"https:\/\/iberice.com\/pt-pt\/#website","url":"https:\/\/iberice.com\/pt-pt\/","name":"Iberice","description":"Iberice - Flex Fun Ice","potentialAction":[{"@type":"SearchAction","target":{"@type":"EntryPoint","urlTemplate":"https:\/\/iberice.com\/pt-pt\/?s={search_term_string}"},"query-input":{"@type":"PropertyValueSpecification","valueRequired":true,"valueName":"search_term_string"}}],"inLanguage":"es"}]}},"_links":{"self":[{"href":"https:\/\/iberice.com\/es\/wp-json\/wp\/v2\/pages\/3853","targetHints":{"allow":["GET"]}}],"collection":[{"href":"https:\/\/iberice.com\/es\/wp-json\/wp\/v2\/pages"}],"about":[{"href":"https:\/\/iberice.com\/es\/wp-json\/wp\/v2\/types\/page"}],"author":[{"embeddable":true,"href":"https:\/\/iberice.com\/es\/wp-json\/wp\/v2\/users\/1"}],"replies":[{"embeddable":true,"href":"https:\/\/iberice.com\/es\/wp-json\/wp\/v2\/comments?post=3853"}],"version-history":[{"count":5,"href":"https:\/\/iberice.com\/es\/wp-json\/wp\/v2\/pages\/3853\/revisions"}],"predecessor-version":[{"id":4330,"href":"https:\/\/iberice.com\/es\/wp-json\/wp\/v2\/pages\/3853\/revisions\/4330"}],"wp:attachment":[{"href":"https:\/\/iberice.com\/es\/wp-json\/wp\/v2\/media?parent=3853"}],"curies":[{"name":"wp","href":"https:\/\/api.w.org\/{rel}","templated":true}]}}