{"id":3845,"date":"2015-05-29T19:37:06","date_gmt":"2015-05-29T19:37:06","guid":{"rendered":"http:\/\/iberice.com\/flexfun-ice-track-slide-2\/"},"modified":"2015-09-26T16:39:31","modified_gmt":"2015-09-26T16:39:31","slug":"pistas-de-hielo-toboganes","status":"publish","type":"page","link":"https:\/\/iberice.com\/es\/pistas-de-hielo-toboganes\/","title":{"rendered":"Flexfun-Ice Track &#038; Slide"},"content":{"rendered":"<div class=\"wpb-content-wrapper\"><p>[vc_row][vc_column width=\u00bb1\/1&#8243;][\/vc_column][\/vc_row][vc_row][vc_column width=\u00bb1\/2&#8243;][vc_column_text]<\/p>\n<h1 align=\"LEFT\">FLEXFUN-ICE TRACK&amp;SLIDE<\/h1>\n<h4 align=\"LEFT\">Diversi\u00f3n Extra para tu Pista de Patinaje con Pistas y Toboganes.<\/h4>\n<p>Pistas de hielo y toboganes son la nueva atracci\u00f3n para\u00a0su pista de patinaje. Lo que proporcionar\u00e1 nuevas\u00a0fuentes de ingreso para su evento en hielo.<\/p>\n<p align=\"LEFT\"><i class=\"omsc-icon fa fa-check-circle fa-lg\" style=\"color:#00a551\"><\/i> Toboganes Expansibles con m\u00faltiples longitudes y\u00a0carriles;<\/p>\n<p align=\"LEFT\"><i class=\"omsc-icon fa fa-check-circle fa-lg\" style=\"color:#00a551\"><\/i> Pistas de diversi\u00f3n Modulares con diversos dise\u00f1os\u00a0y dimensiones;<\/p>\n<p align=\"LEFT\"><i class=\"omsc-icon fa fa-check-circle fa-lg\" style=\"color:#00a551\"><\/i> Solos o combinados con la pista de hielo;<\/p>\n<p align=\"LEFT\"><i class=\"omsc-icon fa fa-check-circle fa-lg\" style=\"color:#00a551\"><\/i> Instalaci\u00f3n f\u00e1cil y r\u00e1pida;<\/p>\n<p align=\"LEFT\"><i class=\"omsc-icon fa fa-check-circle fa-lg\" style=\"color:#00a551\"><\/i> Utilizan el mismo sistema de refrigeraci\u00f3n que la\u00a0pista de hielo;<\/p>\n<p align=\"LEFT\"><strong>\u00a1Todo esto con la garant\u00eda de Hielo de Calidad y\u00a0Homog\u00e9neo para vuestros usuarios!<\/strong><\/p>\n<p>&nbsp;<\/p>\n<p style=\"text-align: left;\"><a class=\"omsc-button omsc-no-custom-hover omsc-size-large omsc-style-flat omsc-text-bright\" href=\"http:\/\/iberice.com\/es\/pedir-presupuesto\/\" target=\"_parent\" style=\"color:#ffffff\">PEDIR PRESUPUESTO<\/a><a class=\"omsc-button omsc-custom-hover omsc-size-large omsc-style-flat omsc-text-bright\" href=\"http:\/\/iberice.com\/es\/colabora-con-nosotros\/\" target=\"_parent\" style=\"background-color:#005f8a;border-color:#005f8a;color:#ffffff\" data-hover-bg-color=\"#4d8fad\" data-hover-text-color=\"#ffffff\" data-hover-border-color=\"#4d8fad\">COLABORA CON NOSOTROS<\/a><\/p>\n<p>[\/vc_column_text][\/vc_column][vc_column width=\u00bb1\/2&#8243;][vc_column_text]<img class=\"lazyload size-full wp-image-3541 aligncenter\" data-original=\"http:\/\/iberice.com\/wp-content\/uploads\/2015\/06\/slide_track_ap.jpg\" alt=\"slide_track_ap\" width=\"781\" height=\"586\" \/>[\/vc_column_text][\/vc_column][\/vc_row][vc_row][vc_column width=\u00bb1\/1&#8243;][vc_separator color=\u00bbgrey\u00bb align=\u00bbalign_center\u00bb][\/vc_column][\/vc_row][vc_row][vc_column width=\u00bb1\/1&#8243;][vc_column_text]<\/p>\n<h2 align=\"LEFT\">MODELO ESQUEM\u00c1TICO<\/h2>\n<h4>Diversi\u00f3n Extra para tu Pista de Patinaje con Toboganes.<\/h4>\n<p><img class=\"lazyload aligncenter wp-image-4316 size-full\" data-original=\"http:\/\/iberice.com\/wp-content\/uploads\/2015\/05\/slide_ice_rink_es.jpg\" alt=\"\" width=\"1065\" height=\"646\" \/>[\/vc_column_text][\/vc_column][\/vc_row][vc_row][vc_column width=\u00bb1\/1&#8243;][vc_separator color=\u00bbgrey\u00bb align=\u00bbalign_center\u00bb][\/vc_column][\/vc_row][vc_row][vc_column width=\u00bb1\/1&#8243;][vc_column_text]<\/p>\n<h2 align=\"LEFT\">MODELO\u00a0ESQUEM\u00c1TICO<\/h2>\n<h4>Diversi\u00f3n Extra para tu Pista de Patinaje con Pistas.<\/h4>\n<p><img class=\"lazyload aligncenter wp-image-4317 size-full\" data-original=\"http:\/\/iberice.com\/wp-content\/uploads\/2015\/05\/track_ice_rink_es.jpg\" alt=\"\" width=\"1065\" height=\"594\" \/>[\/vc_column_text][\/vc_column][\/vc_row][vc_row][vc_column width=\u00bb1\/1&#8243;][\/vc_column][\/vc_row][vc_row css=\u00bb.vc_custom_1432503483069{margin-bottom: 0px !important;padding-top: 55px !important;padding-bottom: 55px !important;background-color: #005f8a !important;}\u00bb full_width=\u00bbstretch_row\u00bb][vc_column width=\u00bb1\/1&#8243;][vc_column_text]<\/p>\n<h1 style=\"text-align: center;\"><span style=\"color: #ffffff;\"><strong>DIVERSI\u00d3N<\/strong> EN HIELO Y <strong>FLEXIBILIDAD<\/strong><\/span><\/h1>\n<h4 style=\"text-align: center;\">SOLUCIONES EN HIELO ESPECTACULARES<\/h4>\n<p style=\"text-align: center;\"><div style=\"max-width:600px;margin:0 auto\"><div class=\"omsc-responsive-box omsc-responsive-box-video\"><iframe loading=\"lazy\" src=\"https:\/\/www.youtube.com\/embed\/ToWo9iAnHVw?rel=0&amp;showinfo=0\" width=\"600\" height=\"338\" frameborder=\"0\" allowfullscreen=\"allowfullscreen\"><\/iframe><\/div><\/div>\n<p>[\/vc_column_text][\/vc_column][\/vc_row]<\/p>\n<\/div>","protected":false},"excerpt":{"rendered":"<p>[vc_row][vc_column width=\u00bb1\/1&#8243;][\/vc_column][\/vc_row][vc_row][vc_column width=\u00bb1\/2&#8243;][vc_column_text] FLEXFUN-ICE TRACK&amp;SLIDE Diversi\u00f3n Extra para tu Pista de Patinaje con Pistas y Toboganes. Pistas de hielo y toboganes son la nueva atracci\u00f3n&hellip;<\/p>\n<p><a href=\"https:\/\/iberice.com\/es\/pistas-de-hielo-toboganes\/\" class=\"more-link post-excerpt-readmore\">Read more<\/a><\/p>\n","protected":false},"author":1,"featured_media":0,"parent":0,"menu_order":5,"comment_status":"open","ping_status":"open","template":"","meta":{"_exactmetrics_skip_tracking":false,"_exactmetrics_sitenote_active":false,"_exactmetrics_sitenote_note":"","_exactmetrics_sitenote_category":0,"footnotes":""},"class_list":["post-3845","page","type-page","status-publish","hentry"],"yoast_head":"<!-- This site is optimized with the Yoast SEO plugin v27.3 - https:\/\/yoast.com\/product\/yoast-seo-wordpress\/ -->\n<title>Flexfun-Ice Track &amp; Slide - Iberice<\/title>\n<meta name=\"robots\" content=\"index, follow, max-snippet:-1, max-image-preview:large, max-video-preview:-1\" \/>\n<link rel=\"canonical\" href=\"https:\/\/iberice.com\/flexfun-ice-track-slide\/\" \/>\n<meta property=\"og:locale\" content=\"es_ES\" \/>\n<meta property=\"og:type\" content=\"article\" \/>\n<meta property=\"og:title\" content=\"Flexfun-Ice Track &amp; Slide\" \/>\n<meta property=\"og:description\" content=\"Just set and ice skate, because this product issynonymous of speed, quality and reliability.\" \/>\n<meta property=\"og:url\" content=\"https:\/\/iberice.com\/flexfun-ice-track-slide\/\" \/>\n<meta property=\"og:site_name\" content=\"Iberice\" \/>\n<meta property=\"article:publisher\" content=\"https:\/\/www.facebook.com\/IberIce.IceSolutions\" \/>\n<meta property=\"article:modified_time\" content=\"2015-09-26T16:39:31+00:00\" \/>\n<meta property=\"og:image\" content=\"http:\/\/iberice.com\/wp-content\/uploads\/2015\/05\/slide_track.png\" \/>\n<meta name=\"twitter:card\" content=\"summary_large_image\" \/>\n<meta name=\"twitter:label1\" content=\"Tiempo de lectura\" \/>\n\t<meta name=\"twitter:data1\" content=\"2 minutos\" \/>\n<script type=\"application\/ld+json\" class=\"yoast-schema-graph\">{\"@context\":\"https:\\\/\\\/schema.org\",\"@graph\":[{\"@type\":\"WebPage\",\"@id\":\"https:\\\/\\\/iberice.com\\\/flexfun-ice-track-slide\\\/\",\"url\":\"https:\\\/\\\/iberice.com\\\/flexfun-ice-track-slide\\\/\",\"name\":\"Flexfun-Ice Track & Slide - Iberice\",\"isPartOf\":{\"@id\":\"https:\\\/\\\/iberice.com\\\/pt-pt\\\/#website\"},\"primaryImageOfPage\":{\"@id\":\"https:\\\/\\\/iberice.com\\\/flexfun-ice-track-slide\\\/#primaryimage\"},\"image\":{\"@id\":\"https:\\\/\\\/iberice.com\\\/flexfun-ice-track-slide\\\/#primaryimage\"},\"thumbnailUrl\":\"http:\\\/\\\/iberice.com\\\/wp-content\\\/uploads\\\/2015\\\/06\\\/slide_track_ap.jpg\",\"datePublished\":\"2015-05-29T19:37:06+00:00\",\"dateModified\":\"2015-09-26T16:39:31+00:00\",\"breadcrumb\":{\"@id\":\"https:\\\/\\\/iberice.com\\\/flexfun-ice-track-slide\\\/#breadcrumb\"},\"inLanguage\":\"es\",\"potentialAction\":[{\"@type\":\"ReadAction\",\"target\":[\"https:\\\/\\\/iberice.com\\\/flexfun-ice-track-slide\\\/\"]}]},{\"@type\":\"ImageObject\",\"inLanguage\":\"es\",\"@id\":\"https:\\\/\\\/iberice.com\\\/flexfun-ice-track-slide\\\/#primaryimage\",\"url\":\"http:\\\/\\\/iberice.com\\\/wp-content\\\/uploads\\\/2015\\\/06\\\/slide_track_ap.jpg\",\"contentUrl\":\"http:\\\/\\\/iberice.com\\\/wp-content\\\/uploads\\\/2015\\\/06\\\/slide_track_ap.jpg\"},{\"@type\":\"BreadcrumbList\",\"@id\":\"https:\\\/\\\/iberice.com\\\/flexfun-ice-track-slide\\\/#breadcrumb\",\"itemListElement\":[{\"@type\":\"ListItem\",\"position\":1,\"name\":\"Home\",\"item\":\"https:\\\/\\\/iberice.com\\\/fr\\\/\"},{\"@type\":\"ListItem\",\"position\":2,\"name\":\"Flexfun-Ice Track &#038; Slide\"}]},{\"@type\":\"WebSite\",\"@id\":\"https:\\\/\\\/iberice.com\\\/pt-pt\\\/#website\",\"url\":\"https:\\\/\\\/iberice.com\\\/pt-pt\\\/\",\"name\":\"Iberice\",\"description\":\"Iberice - Flex Fun Ice\",\"potentialAction\":[{\"@type\":\"SearchAction\",\"target\":{\"@type\":\"EntryPoint\",\"urlTemplate\":\"https:\\\/\\\/iberice.com\\\/pt-pt\\\/?s={search_term_string}\"},\"query-input\":{\"@type\":\"PropertyValueSpecification\",\"valueRequired\":true,\"valueName\":\"search_term_string\"}}],\"inLanguage\":\"es\"}]}<\/script>\n<!-- \/ Yoast SEO plugin. -->","yoast_head_json":{"title":"Flexfun-Ice Track & Slide - Iberice","robots":{"index":"index","follow":"follow","max-snippet":"max-snippet:-1","max-image-preview":"max-image-preview:large","max-video-preview":"max-video-preview:-1"},"canonical":"https:\/\/iberice.com\/flexfun-ice-track-slide\/","og_locale":"es_ES","og_type":"article","og_title":"Flexfun-Ice Track & Slide","og_description":"Just set and ice skate, because this product issynonymous of speed, quality and reliability.","og_url":"https:\/\/iberice.com\/flexfun-ice-track-slide\/","og_site_name":"Iberice","article_publisher":"https:\/\/www.facebook.com\/IberIce.IceSolutions","article_modified_time":"2015-09-26T16:39:31+00:00","og_image":[{"url":"http:\/\/iberice.com\/wp-content\/uploads\/2015\/05\/slide_track.png","type":"","width":"","height":""}],"twitter_card":"summary_large_image","twitter_misc":{"Tiempo de lectura":"2 minutos"},"schema":{"@context":"https:\/\/schema.org","@graph":[{"@type":"WebPage","@id":"https:\/\/iberice.com\/flexfun-ice-track-slide\/","url":"https:\/\/iberice.com\/flexfun-ice-track-slide\/","name":"Flexfun-Ice Track & Slide - Iberice","isPartOf":{"@id":"https:\/\/iberice.com\/pt-pt\/#website"},"primaryImageOfPage":{"@id":"https:\/\/iberice.com\/flexfun-ice-track-slide\/#primaryimage"},"image":{"@id":"https:\/\/iberice.com\/flexfun-ice-track-slide\/#primaryimage"},"thumbnailUrl":"http:\/\/iberice.com\/wp-content\/uploads\/2015\/06\/slide_track_ap.jpg","datePublished":"2015-05-29T19:37:06+00:00","dateModified":"2015-09-26T16:39:31+00:00","breadcrumb":{"@id":"https:\/\/iberice.com\/flexfun-ice-track-slide\/#breadcrumb"},"inLanguage":"es","potentialAction":[{"@type":"ReadAction","target":["https:\/\/iberice.com\/flexfun-ice-track-slide\/"]}]},{"@type":"ImageObject","inLanguage":"es","@id":"https:\/\/iberice.com\/flexfun-ice-track-slide\/#primaryimage","url":"http:\/\/iberice.com\/wp-content\/uploads\/2015\/06\/slide_track_ap.jpg","contentUrl":"http:\/\/iberice.com\/wp-content\/uploads\/2015\/06\/slide_track_ap.jpg"},{"@type":"BreadcrumbList","@id":"https:\/\/iberice.com\/flexfun-ice-track-slide\/#breadcrumb","itemListElement":[{"@type":"ListItem","position":1,"name":"Home","item":"https:\/\/iberice.com\/fr\/"},{"@type":"ListItem","position":2,"name":"Flexfun-Ice Track &#038; Slide"}]},{"@type":"WebSite","@id":"https:\/\/iberice.com\/pt-pt\/#website","url":"https:\/\/iberice.com\/pt-pt\/","name":"Iberice","description":"Iberice - Flex Fun Ice","potentialAction":[{"@type":"SearchAction","target":{"@type":"EntryPoint","urlTemplate":"https:\/\/iberice.com\/pt-pt\/?s={search_term_string}"},"query-input":{"@type":"PropertyValueSpecification","valueRequired":true,"valueName":"search_term_string"}}],"inLanguage":"es"}]}},"_links":{"self":[{"href":"https:\/\/iberice.com\/es\/wp-json\/wp\/v2\/pages\/3845","targetHints":{"allow":["GET"]}}],"collection":[{"href":"https:\/\/iberice.com\/es\/wp-json\/wp\/v2\/pages"}],"about":[{"href":"https:\/\/iberice.com\/es\/wp-json\/wp\/v2\/types\/page"}],"author":[{"embeddable":true,"href":"https:\/\/iberice.com\/es\/wp-json\/wp\/v2\/users\/1"}],"replies":[{"embeddable":true,"href":"https:\/\/iberice.com\/es\/wp-json\/wp\/v2\/comments?post=3845"}],"version-history":[{"count":4,"href":"https:\/\/iberice.com\/es\/wp-json\/wp\/v2\/pages\/3845\/revisions"}],"predecessor-version":[{"id":4318,"href":"https:\/\/iberice.com\/es\/wp-json\/wp\/v2\/pages\/3845\/revisions\/4318"}],"wp:attachment":[{"href":"https:\/\/iberice.com\/es\/wp-json\/wp\/v2\/media?parent=3845"}],"curies":[{"name":"wp","href":"https:\/\/api.w.org\/{rel}","templated":true}]}}