{"id":3821,"date":"2015-05-29T21:37:01","date_gmt":"2015-05-29T21:37:01","guid":{"rendered":"http:\/\/iberice.com\/why-us-2\/"},"modified":"2015-09-24T11:02:44","modified_gmt":"2015-09-24T11:02:44","slug":"por-que-nosotros","status":"publish","type":"page","link":"https:\/\/iberice.com\/es\/por-que-nosotros\/","title":{"rendered":"\u00bfPor Qu\u00e9 Nosotros?"},"content":{"rendered":"<div class=\"wpb-content-wrapper\"><p>[vc_row][vc_column width=\u00bb1\/1&#8243;][\/vc_column][\/vc_row][vc_row][vc_column width=\u00bb1\/2&#8243;][vc_column_text]<\/p>\n<h1 style=\"text-align: left;\">EN IBERICE<\/h1>\n<p>Creamos eventos desde 1998. Durante m\u00e1s de 15 a\u00f1os\u00a0hemos producido experiencias en hielo para centros\u00a0comerciales, municipios y otras \u00e1reas importantes.<\/p>\n<p>Las pistas de patinaje son lugares perfectos para la\u00a0Diversi\u00f3n con amigos y familia. Son el tipo de atracci\u00f3n\u00a0que mejor llama la atenci\u00f3n y aumenta la probabilidad de\u00a0repetici\u00f3n. \u00a1Es el lugar ideal para socializar!<\/p>\n<p>Hoy, en Iberice, lanzamos un reto al pensamiento\u00a0convencional y luchamos continuamente para producir\u00a0productos m\u00e1s inteligentes, modernos y elegantes, que\u00a0respondan a las necesidades de nuestros clientes.<\/p>\n<p>&nbsp;<\/p>\n<p style=\"text-align: left;\"><a class=\"omsc-button omsc-no-custom-hover omsc-size-large omsc-style-flat omsc-text-bright\" href=\"http:\/\/iberice.com\/es\/pedir-presupuesto\/\" target=\"_parent\" style=\"color:#ffffff\">PEDIR PRESUPUESTO<\/a><a class=\"omsc-button omsc-custom-hover omsc-size-large omsc-style-flat omsc-text-bright\" href=\"http:\/\/iberice.com\/es\/colabora-con-nosotros\/\" target=\"_parent\" style=\"background-color:#005f8a;border-color:#005f8a;color:#ffffff\" data-hover-bg-color=\"#4d8fad\" data-hover-text-color=\"#ffffff\" data-hover-border-color=\"#4d8fad\">COLABORA CON NOSOTROS<\/a><\/p>\n<p>[\/vc_column_text][\/vc_column][vc_column width=\u00bb1\/2&#8243;][vc_column_text]<img class=\"lazyload size-full wp-image-3558 aligncenter\" data-original=\"http:\/\/iberice.com\/wp-content\/uploads\/2015\/05\/tecnologia_c.jpg\" alt=\"\" width=\"703\" height=\"683\" \/>[\/vc_column_text][\/vc_column][\/vc_row][vc_row][vc_column width=\u00bb1\/2&#8243;][vc_column_text]<img class=\"lazyload size-full wp-image-3527 aligncenter\" data-original=\"http:\/\/iberice.com\/wp-content\/uploads\/2015\/06\/grupo.jpg\" alt=\"\" width=\"750\" height=\"866\" \/>[\/vc_column_text][\/vc_column][vc_column width=\u00bb1\/2&#8243;][vc_column_text]<\/p>\n<h1>\u00bfPOR QU\u00c9 NOSOTROS?<\/h1>\n<h3>\u00a1Iberice te Ayudar\u00e1 a Obtener \u00c9xito!<\/h3>\n<p>Podr\u00e1s contar con nuestros a\u00f1os de experiencia para asegurarte\u00a0que todo el dise\u00f1o y ejecuci\u00f3n para tus pistas de patinaje y otras\u00a0atracciones en hielo ser\u00e1n un \u00e9xito y aumentar\u00e1n la rentabilidad.<\/p>\n<h3>\u00a1Iberice es Innovaci\u00f3n en Diversi\u00f3n!<\/h3>\n<p>Innovamos soluciones para pistas de hielo por lo que presentamos\u00a0un sistema ultra vers\u00e1til, en el estilo de bloques de lego.<br \/>\nCon una instalaci\u00f3n sencilla y r\u00e1pida, adecuado incluso para un\u00a0clima caluroso como en \u00c1frica.<br \/>\nTambi\u00e9n es novedad en lo que respecta la sostenibilidad, al reducir\u00a0activamente el consumo de energ\u00eda y agua.<\/p>\n<h3>\u00a1Iberice es Flexibilidad Inteligente!<\/h3>\n<p>Dise\u00f1amos soluciones para modelos de negocios y productos\u00a0inteligentes y vers\u00e1tiles, expansibles para futuros usos, asegur\u00e1ndonos\u00a0de aspectos fundamentales como son asegurar el aumento\u00a0progresivo, la seguridad y el crecimiento de tu negocio.[\/vc_column_text][\/vc_column][\/vc_row][vc_row css=\u00bb.vc_custom_1432503483069{margin-bottom: 0px !important;padding-top: 55px !important;padding-bottom: 55px !important;background-color: #005f8a !important;}\u00bb full_width=\u00bbstretch_row\u00bb][vc_column width=\u00bb1\/1&#8243;][vc_column_text]<\/p>\n<h1 style=\"text-align: center;\"><span style=\"color: #ffffff;\"><strong>DIVERSI\u00d3N<\/strong> EN HIELO Y <strong>FLEXIBILIDAD<\/strong><\/span><\/h1>\n<h4 style=\"text-align: center;\">SOLUCIONES EN HIELO ESPECTACULARES<\/h4>\n<p style=\"text-align: center;\"><div style=\"max-width:600px;margin:0 auto\"><div class=\"omsc-responsive-box omsc-responsive-box-video\"><iframe loading=\"lazy\" src=\"https:\/\/www.youtube.com\/embed\/ToWo9iAnHVw?rel=0&amp;showinfo=0\" width=\"600\" height=\"338\" frameborder=\"0\" allowfullscreen=\"allowfullscreen\"><\/iframe><\/div><\/div>\n<p>[\/vc_column_text][\/vc_column][\/vc_row]<\/p>\n<\/div>","protected":false},"excerpt":{"rendered":"<p>[vc_row][vc_column width=\u00bb1\/1&#8243;][\/vc_column][\/vc_row][vc_row][vc_column width=\u00bb1\/2&#8243;][vc_column_text] EN IBERICE Creamos eventos desde 1998. Durante m\u00e1s de 15 a\u00f1os\u00a0hemos producido experiencias en hielo para centros\u00a0comerciales, municipios y otras \u00e1reas importantes.&hellip;<\/p>\n<p><a href=\"https:\/\/iberice.com\/es\/por-que-nosotros\/\" class=\"more-link post-excerpt-readmore\">Read more<\/a><\/p>\n","protected":false},"author":1,"featured_media":0,"parent":0,"menu_order":2,"comment_status":"open","ping_status":"open","template":"","meta":{"_exactmetrics_skip_tracking":false,"_exactmetrics_sitenote_active":false,"_exactmetrics_sitenote_note":"","_exactmetrics_sitenote_category":0,"footnotes":""},"class_list":["post-3821","page","type-page","status-publish","hentry"],"yoast_head":"<!-- This site is optimized with the Yoast SEO plugin v27.4 - https:\/\/yoast.com\/product\/yoast-seo-wordpress\/ -->\n<title>\u00bfPor Qu\u00e9 Nosotros? - Iberice<\/title>\n<meta name=\"robots\" content=\"index, follow, max-snippet:-1, max-image-preview:large, max-video-preview:-1\" \/>\n<link rel=\"canonical\" href=\"https:\/\/iberice.com\/es\/por-que-nosotros\/\" \/>\n<meta property=\"og:locale\" content=\"es_ES\" \/>\n<meta property=\"og:type\" content=\"article\" \/>\n<meta property=\"og:title\" content=\"Why Us?\" \/>\n<meta property=\"og:description\" content=\"Iberice Helps You Succeed! Iberice is Fun Innovation! Iberice is Intelligent Flexibility!\" \/>\n<meta property=\"og:url\" content=\"https:\/\/iberice.com\/es\/por-que-nosotros\/\" \/>\n<meta property=\"og:site_name\" content=\"Iberice\" \/>\n<meta property=\"article:publisher\" content=\"https:\/\/www.facebook.com\/IberIce.IceSolutions\" \/>\n<meta property=\"article:modified_time\" content=\"2015-09-24T11:02:44+00:00\" \/>\n<meta property=\"og:image\" content=\"http:\/\/iberice.com\/wp-content\/uploads\/2015\/05\/why_us.png\" \/>\n<meta name=\"twitter:card\" content=\"summary_large_image\" \/>\n<meta name=\"twitter:label1\" content=\"Tiempo de lectura\" \/>\n\t<meta name=\"twitter:data1\" content=\"2 minutos\" \/>\n<script type=\"application\/ld+json\" class=\"yoast-schema-graph\">{\"@context\":\"https:\\\/\\\/schema.org\",\"@graph\":[{\"@type\":\"WebPage\",\"@id\":\"https:\\\/\\\/iberice.com\\\/es\\\/por-que-nosotros\\\/\",\"url\":\"https:\\\/\\\/iberice.com\\\/es\\\/por-que-nosotros\\\/\",\"name\":\"\u00bfPor Qu\u00e9 Nosotros? - Iberice\",\"isPartOf\":{\"@id\":\"https:\\\/\\\/iberice.com\\\/pt-pt\\\/#website\"},\"primaryImageOfPage\":{\"@id\":\"https:\\\/\\\/iberice.com\\\/es\\\/por-que-nosotros\\\/#primaryimage\"},\"image\":{\"@id\":\"https:\\\/\\\/iberice.com\\\/es\\\/por-que-nosotros\\\/#primaryimage\"},\"thumbnailUrl\":\"http:\\\/\\\/iberice.com\\\/wp-content\\\/uploads\\\/2015\\\/05\\\/tecnologia_c.jpg\",\"datePublished\":\"2015-05-29T21:37:01+00:00\",\"dateModified\":\"2015-09-24T11:02:44+00:00\",\"breadcrumb\":{\"@id\":\"https:\\\/\\\/iberice.com\\\/es\\\/por-que-nosotros\\\/#breadcrumb\"},\"inLanguage\":\"es\",\"potentialAction\":[{\"@type\":\"ReadAction\",\"target\":[\"https:\\\/\\\/iberice.com\\\/es\\\/por-que-nosotros\\\/\"]}]},{\"@type\":\"ImageObject\",\"inLanguage\":\"es\",\"@id\":\"https:\\\/\\\/iberice.com\\\/es\\\/por-que-nosotros\\\/#primaryimage\",\"url\":\"http:\\\/\\\/iberice.com\\\/wp-content\\\/uploads\\\/2015\\\/05\\\/tecnologia_c.jpg\",\"contentUrl\":\"http:\\\/\\\/iberice.com\\\/wp-content\\\/uploads\\\/2015\\\/05\\\/tecnologia_c.jpg\"},{\"@type\":\"BreadcrumbList\",\"@id\":\"https:\\\/\\\/iberice.com\\\/es\\\/por-que-nosotros\\\/#breadcrumb\",\"itemListElement\":[{\"@type\":\"ListItem\",\"position\":1,\"name\":\"Home\",\"item\":\"https:\\\/\\\/iberice.com\\\/fr\\\/\"},{\"@type\":\"ListItem\",\"position\":2,\"name\":\"\u00bfPor Qu\u00e9 Nosotros?\"}]},{\"@type\":\"WebSite\",\"@id\":\"https:\\\/\\\/iberice.com\\\/pt-pt\\\/#website\",\"url\":\"https:\\\/\\\/iberice.com\\\/pt-pt\\\/\",\"name\":\"Iberice\",\"description\":\"Iberice - Flex Fun Ice\",\"potentialAction\":[{\"@type\":\"SearchAction\",\"target\":{\"@type\":\"EntryPoint\",\"urlTemplate\":\"https:\\\/\\\/iberice.com\\\/pt-pt\\\/?s={search_term_string}\"},\"query-input\":{\"@type\":\"PropertyValueSpecification\",\"valueRequired\":true,\"valueName\":\"search_term_string\"}}],\"inLanguage\":\"es\"}]}<\/script>\n<!-- \/ Yoast SEO plugin. -->","yoast_head_json":{"title":"\u00bfPor Qu\u00e9 Nosotros? - Iberice","robots":{"index":"index","follow":"follow","max-snippet":"max-snippet:-1","max-image-preview":"max-image-preview:large","max-video-preview":"max-video-preview:-1"},"canonical":"https:\/\/iberice.com\/es\/por-que-nosotros\/","og_locale":"es_ES","og_type":"article","og_title":"Why Us?","og_description":"Iberice Helps You Succeed! Iberice is Fun Innovation! Iberice is Intelligent Flexibility!","og_url":"https:\/\/iberice.com\/es\/por-que-nosotros\/","og_site_name":"Iberice","article_publisher":"https:\/\/www.facebook.com\/IberIce.IceSolutions","article_modified_time":"2015-09-24T11:02:44+00:00","og_image":[{"url":"http:\/\/iberice.com\/wp-content\/uploads\/2015\/05\/why_us.png","type":"","width":"","height":""}],"twitter_card":"summary_large_image","twitter_misc":{"Tiempo de lectura":"2 minutos"},"schema":{"@context":"https:\/\/schema.org","@graph":[{"@type":"WebPage","@id":"https:\/\/iberice.com\/es\/por-que-nosotros\/","url":"https:\/\/iberice.com\/es\/por-que-nosotros\/","name":"\u00bfPor Qu\u00e9 Nosotros? - Iberice","isPartOf":{"@id":"https:\/\/iberice.com\/pt-pt\/#website"},"primaryImageOfPage":{"@id":"https:\/\/iberice.com\/es\/por-que-nosotros\/#primaryimage"},"image":{"@id":"https:\/\/iberice.com\/es\/por-que-nosotros\/#primaryimage"},"thumbnailUrl":"http:\/\/iberice.com\/wp-content\/uploads\/2015\/05\/tecnologia_c.jpg","datePublished":"2015-05-29T21:37:01+00:00","dateModified":"2015-09-24T11:02:44+00:00","breadcrumb":{"@id":"https:\/\/iberice.com\/es\/por-que-nosotros\/#breadcrumb"},"inLanguage":"es","potentialAction":[{"@type":"ReadAction","target":["https:\/\/iberice.com\/es\/por-que-nosotros\/"]}]},{"@type":"ImageObject","inLanguage":"es","@id":"https:\/\/iberice.com\/es\/por-que-nosotros\/#primaryimage","url":"http:\/\/iberice.com\/wp-content\/uploads\/2015\/05\/tecnologia_c.jpg","contentUrl":"http:\/\/iberice.com\/wp-content\/uploads\/2015\/05\/tecnologia_c.jpg"},{"@type":"BreadcrumbList","@id":"https:\/\/iberice.com\/es\/por-que-nosotros\/#breadcrumb","itemListElement":[{"@type":"ListItem","position":1,"name":"Home","item":"https:\/\/iberice.com\/fr\/"},{"@type":"ListItem","position":2,"name":"\u00bfPor Qu\u00e9 Nosotros?"}]},{"@type":"WebSite","@id":"https:\/\/iberice.com\/pt-pt\/#website","url":"https:\/\/iberice.com\/pt-pt\/","name":"Iberice","description":"Iberice - Flex Fun Ice","potentialAction":[{"@type":"SearchAction","target":{"@type":"EntryPoint","urlTemplate":"https:\/\/iberice.com\/pt-pt\/?s={search_term_string}"},"query-input":{"@type":"PropertyValueSpecification","valueRequired":true,"valueName":"search_term_string"}}],"inLanguage":"es"}]}},"_links":{"self":[{"href":"https:\/\/iberice.com\/es\/wp-json\/wp\/v2\/pages\/3821","targetHints":{"allow":["GET"]}}],"collection":[{"href":"https:\/\/iberice.com\/es\/wp-json\/wp\/v2\/pages"}],"about":[{"href":"https:\/\/iberice.com\/es\/wp-json\/wp\/v2\/types\/page"}],"author":[{"embeddable":true,"href":"https:\/\/iberice.com\/es\/wp-json\/wp\/v2\/users\/1"}],"replies":[{"embeddable":true,"href":"https:\/\/iberice.com\/es\/wp-json\/wp\/v2\/comments?post=3821"}],"version-history":[{"count":5,"href":"https:\/\/iberice.com\/es\/wp-json\/wp\/v2\/pages\/3821\/revisions"}],"predecessor-version":[{"id":4236,"href":"https:\/\/iberice.com\/es\/wp-json\/wp\/v2\/pages\/3821\/revisions\/4236"}],"wp:attachment":[{"href":"https:\/\/iberice.com\/es\/wp-json\/wp\/v2\/media?parent=3821"}],"curies":[{"name":"wp","href":"https:\/\/api.w.org\/{rel}","templated":true}]}}