{"id":3788,"date":"2015-09-21T14:18:21","date_gmt":"2015-09-21T14:18:21","guid":{"rendered":"http:\/\/iberice.com\/?page_id=3788"},"modified":"2024-07-21T18:15:47","modified_gmt":"2024-07-21T18:15:47","slug":"bienvenido","status":"publish","type":"page","link":"https:\/\/iberice.com\/es\/","title":{"rendered":"Pista de Hielo"},"content":{"rendered":"<div class=\"wpb-content-wrapper\"><p>[vc_row css=\u00bb.vc_custom_1432499421040{padding-top: 25px !important;padding-bottom: 25px !important;}\u00bb][vc_column][vc_column_text]<\/p>\n<h2 style=\"text-align: center;\">EN IBERICE<\/h2>\n<p style=\"text-align: center;\">Creamos eventos en el hielo desde 1998.<\/p>\n<p style=\"text-align: center;\"><a class=\"omsc-button omsc-custom-hover omsc-size-small omsc-style-flat omsc-text-bright\" href=\"http:\/\/iberice.com\/es\/por-que-nosotros\/\" target=\"_parent\" style=\"background-color:#005f8a;border-color:#005f8a;color:#ffffff\" data-hover-bg-color=\"#4d8fad\" data-hover-border-color=\"#4d8fad\">M\u00e1s Info<\/a><\/p>\n<p>[\/vc_column_text][\/vc_column][\/vc_row][vc_row full_width=\u00bbstretch_row\u00bb css=\u00bb.vc_custom_1721585693405{margin-top: 0px !important;margin-bottom: 0px !important;padding-top: 0px !important;padding-bottom: 0px !important;background-color: #ededed !important;}\u00bb][vc_column css=\u00bb.vc_custom_1721585708870{margin-top: 20px !important;margin-bottom: 0px !important;padding-top: 0px !important;padding-bottom: 0px !important;}\u00bb][vc_column_text css=\u00bb.vc_custom_1721585717333{margin-bottom: 0px !important;}\u00bb]<\/p>\n<h3 style=\"text-align: center;\">SOLUCIONES FLEXFUN-ICE<\/h3>\n<p>[\/vc_column_text][\/vc_column][\/vc_row][vc_row full_width=\u00bbstretch_row\u00bb css=\u00bb.vc_custom_1432510788186{margin-bottom: 0px !important;padding-bottom: 30px !important;background-color: #ededed !important;}\u00bb][vc_column width=\u00bb1\/3&#8243;][vc_single_image image=\u00bb3523&#8243; img_size=\u00bbfull\u00bb alignment=\u00bbcenter\u00bb onclick=\u00bbcustom_link\u00bb css=\u00bb.vc_custom_1443091756100{margin-bottom: 0px !important;padding-bottom: 0px !important;}\u00bb link=\u00bbhttp:\/\/iberice.com\/es\/pista-de-patinaje\/\u00bb][vc_column_text css=\u00bb.vc_custom_1721585726388{margin-top: 15px !important;padding-bottom: 55px !important;}\u00bb]<\/p>\n<h1 style=\"text-align: center;\">ICE RINK<br \/>\nALU FLEX FUN ICE<\/h1>\n<h4 style=\"text-align: center;\">La Divertida Pista de Patinaje Ultram\u00f3vil.<\/h4>\n<p>[\/vc_column_text][\/vc_column][vc_column width=\u00bb1\/3&#8243;][vc_single_image image=\u00bb3543&#8243; img_size=\u00bbfull\u00bb alignment=\u00bbcenter\u00bb onclick=\u00bbcustom_link\u00bb css=\u00bb.vc_custom_1443091771200{margin-bottom: 0px !important;padding-bottom: 0px !important;}\u00bb link=\u00bbhttp:\/\/iberice.com\/es\/pistas-de-hielo-toboganes\/\u00bb][vc_column_text css=\u00bb.vc_custom_1721585737272{margin-top: 15px !important;border-top-width: 0px !important;padding-bottom: 55px !important;}\u00bb]<\/p>\n<h1 style=\"text-align: center;\">FLEXFUN-ICE<br \/>\nTRACK&amp;SLIDE<\/h1>\n<h4 style=\"text-align: center;\">Diversi\u00f3n Extra para tu Pista de Patinaje con Pistas y Toboganes.<\/h4>\n<p>[\/vc_column_text][\/vc_column][vc_column width=\u00bb1\/3&#8243;][vc_single_image image=\u00bb3254&#8243; img_size=\u00bbfull\u00bb alignment=\u00bbcenter\u00bb onclick=\u00bbcustom_link\u00bb css=\u00bb.vc_custom_1443091785958{margin-bottom: 0px !important;padding-bottom: 0px !important;}\u00bb link=\u00bbhttp:\/\/iberice.com\/es\/multi-flexfun-ice\/\u00bb][vc_column_text css=\u00bb.vc_custom_1721585745760{margin-top: 15px !important;padding-top: 0px !important;padding-bottom: 55px !important;}\u00bb]<\/p>\n<h1 style=\"text-align: center;\">MULTI FLEXFUN-ICE<\/h1>\n<h4 style=\"text-align: center;\">La Pista de Patinaje de Diversi\u00f3n de Usos M\u00faltiples.<\/h4>\n<p>[\/vc_column_text][\/vc_column][\/vc_row][vc_row full_width=\u00bbstretch_row\u00bb][vc_column css=\u00bb.vc_custom_1432510051774{padding-top: 45px !important;padding-bottom: 15px !important;}\u00bb][vc_column_text]<\/p>\n<p style=\"text-align: center;\"><a class=\"omsc-button omsc-no-custom-hover omsc-size-large omsc-style-flat omsc-text-bright\" href=\"http:\/\/iberice.com\/es\/pedir-presupuesto\/\" target=\"_parent\" style=\"color:#ffffff\">PEDIR PRESUPUESTO<\/a><a class=\"omsc-button omsc-custom-hover omsc-size-large omsc-style-flat omsc-text-bright\" href=\"http:\/\/iberice.com\/es\/colabora-con-nosotros\/\" target=\"_parent\" style=\"background-color:#005f8a;border-color:#005f8a;color:#ffffff\" data-hover-bg-color=\"#4d8fad\" data-hover-text-color=\"#ffffff\" data-hover-border-color=\"#4d8fad\">COLABORA CON NOSOTROS<\/a><\/p>\n<p>[\/vc_column_text][\/vc_column][\/vc_row][vc_row full_width=\u00bbstretch_row\u00bb css=\u00bb.vc_custom_1432503483069{margin-bottom: 0px !important;padding-top: 55px !important;padding-bottom: 55px !important;background-color: #005f8a !important;}\u00bb][vc_column][vc_column_text]<\/p>\n<h1 style=\"text-align: center;\"><span style=\"color: #ffffff;\"><strong>DIVERSI\u00d3N<\/strong> EN HIELO Y <strong>FLEXIBILIDAD<\/strong><\/span><\/h1>\n<h4 style=\"text-align: center;\">SOLUCIONES EN HIELO ESPECTACULARES<\/h4>\n<p style=\"text-align: center;\"><div style=\"max-width:600px;margin:0 auto\"><div class=\"omsc-responsive-box omsc-responsive-box-video\"><iframe loading=\"lazy\" src=\"https:\/\/www.youtube.com\/embed\/ToWo9iAnHVw?rel=0&amp;showinfo=0\" width=\"600\" height=\"338\" frameborder=\"0\" allowfullscreen=\"allowfullscreen\"><\/iframe><\/div><\/div>\n<p>[\/vc_column_text][\/vc_column][\/vc_row]<\/p>\n<\/div>","protected":false},"excerpt":{"rendered":"<p>[vc_row css=\u00bb.vc_custom_1432499421040{padding-top: 25px !important;padding-bottom: 25px !important;}\u00bb][vc_column][vc_column_text] EN IBERICE Creamos eventos en el hielo desde 1998. [\/vc_column_text][\/vc_column][\/vc_row][vc_row full_width=\u00bbstretch_row\u00bb css=\u00bb.vc_custom_1721585693405{margin-top: 0px !important;margin-bottom: 0px !important;padding-top: 0px !important;padding-bottom: 0px&hellip;<\/p>\n<p><a href=\"https:\/\/iberice.com\/es\/\" class=\"more-link post-excerpt-readmore\">Read more<\/a><\/p>\n","protected":false},"author":1,"featured_media":0,"parent":0,"menu_order":1,"comment_status":"closed","ping_status":"closed","template":"","meta":{"_exactmetrics_skip_tracking":false,"_exactmetrics_sitenote_active":false,"_exactmetrics_sitenote_note":"","_exactmetrics_sitenote_category":0,"footnotes":""},"class_list":["post-3788","page","type-page","status-publish","hentry"],"yoast_head":"<!-- This site is optimized with the Yoast SEO plugin v27.4 - https:\/\/yoast.com\/product\/yoast-seo-wordpress\/ -->\n<title>Pista de Hielo | Iberice The Flexible Fun Ice<\/title>\n<meta name=\"description\" content=\"Las pistas de hielo son lugares perfectos para la Diversi\u00f3n con amigos y familia. Son el tipo de atracci\u00f3n que mejor aumenta la probabilidad de repetici\u00f3n.\" \/>\n<meta name=\"robots\" content=\"index, follow, max-snippet:-1, max-image-preview:large, max-video-preview:-1\" \/>\n<link rel=\"canonical\" href=\"https:\/\/iberice.com\/fr\/\" \/>\n<meta property=\"og:locale\" content=\"es_ES\" \/>\n<meta property=\"og:type\" content=\"article\" \/>\n<meta property=\"og:title\" content=\"Pista de Hielo | Iberice The Flexible Fun Ice\" \/>\n<meta property=\"og:description\" content=\"Las pistas de hielo son lugares perfectos para la Diversi\u00f3n con amigos y familia. Son el tipo de atracci\u00f3n que mejor aumenta la probabilidad de repetici\u00f3n.\" \/>\n<meta property=\"og:url\" content=\"https:\/\/iberice.com\/fr\/\" \/>\n<meta property=\"og:site_name\" content=\"Iberice\" \/>\n<meta property=\"article:publisher\" content=\"https:\/\/www.facebook.com\/IberIce.IceSolutions\" \/>\n<meta property=\"article:modified_time\" content=\"2024-07-21T18:15:47+00:00\" \/>\n<meta property=\"og:image\" content=\"http:\/\/demo.iberice.com\/wp-content\/uploads\/2015\/05\/thumb.jpg\" \/>\n<meta name=\"twitter:card\" content=\"summary_large_image\" \/>\n<meta name=\"twitter:label1\" content=\"Tiempo de lectura\" \/>\n\t<meta name=\"twitter:data1\" content=\"2 minutos\" \/>\n<script type=\"application\/ld+json\" class=\"yoast-schema-graph\">{\"@context\":\"https:\\\/\\\/schema.org\",\"@graph\":[{\"@type\":\"WebPage\",\"@id\":\"https:\\\/\\\/iberice.com\\\/fr\\\/\",\"url\":\"https:\\\/\\\/iberice.com\\\/fr\\\/\",\"name\":\"Pista de Hielo | Iberice The Flexible Fun Ice\",\"isPartOf\":{\"@id\":\"https:\\\/\\\/iberice.com\\\/pt-pt\\\/#website\"},\"datePublished\":\"2015-09-21T14:18:21+00:00\",\"dateModified\":\"2024-07-21T18:15:47+00:00\",\"description\":\"Las pistas de hielo son lugares perfectos para la Diversi\u00f3n con amigos y familia. Son el tipo de atracci\u00f3n que mejor aumenta la probabilidad de repetici\u00f3n.\",\"breadcrumb\":{\"@id\":\"https:\\\/\\\/iberice.com\\\/fr\\\/#breadcrumb\"},\"inLanguage\":\"es\",\"potentialAction\":[{\"@type\":\"ReadAction\",\"target\":[\"https:\\\/\\\/iberice.com\\\/fr\\\/\"]}]},{\"@type\":\"BreadcrumbList\",\"@id\":\"https:\\\/\\\/iberice.com\\\/fr\\\/#breadcrumb\",\"itemListElement\":[{\"@type\":\"ListItem\",\"position\":1,\"name\":\"Home\",\"item\":\"https:\\\/\\\/iberice.com\\\/fr\\\/\"},{\"@type\":\"ListItem\",\"position\":2,\"name\":\"Pista de Hielo\"}]},{\"@type\":\"WebSite\",\"@id\":\"https:\\\/\\\/iberice.com\\\/pt-pt\\\/#website\",\"url\":\"https:\\\/\\\/iberice.com\\\/pt-pt\\\/\",\"name\":\"Iberice\",\"description\":\"Iberice - Flex Fun Ice\",\"potentialAction\":[{\"@type\":\"SearchAction\",\"target\":{\"@type\":\"EntryPoint\",\"urlTemplate\":\"https:\\\/\\\/iberice.com\\\/pt-pt\\\/?s={search_term_string}\"},\"query-input\":{\"@type\":\"PropertyValueSpecification\",\"valueRequired\":true,\"valueName\":\"search_term_string\"}}],\"inLanguage\":\"es\"}]}<\/script>\n<!-- \/ Yoast SEO plugin. -->","yoast_head_json":{"title":"Pista de Hielo | Iberice The Flexible Fun Ice","description":"Las pistas de hielo son lugares perfectos para la Diversi\u00f3n con amigos y familia. Son el tipo de atracci\u00f3n que mejor aumenta la probabilidad de repetici\u00f3n.","robots":{"index":"index","follow":"follow","max-snippet":"max-snippet:-1","max-image-preview":"max-image-preview:large","max-video-preview":"max-video-preview:-1"},"canonical":"https:\/\/iberice.com\/fr\/","og_locale":"es_ES","og_type":"article","og_title":"Pista de Hielo | Iberice The Flexible Fun Ice","og_description":"Las pistas de hielo son lugares perfectos para la Diversi\u00f3n con amigos y familia. Son el tipo de atracci\u00f3n que mejor aumenta la probabilidad de repetici\u00f3n.","og_url":"https:\/\/iberice.com\/fr\/","og_site_name":"Iberice","article_publisher":"https:\/\/www.facebook.com\/IberIce.IceSolutions","article_modified_time":"2024-07-21T18:15:47+00:00","og_image":[{"url":"http:\/\/demo.iberice.com\/wp-content\/uploads\/2015\/05\/thumb.jpg","type":"","width":"","height":""}],"twitter_card":"summary_large_image","twitter_misc":{"Tiempo de lectura":"2 minutos"},"schema":{"@context":"https:\/\/schema.org","@graph":[{"@type":"WebPage","@id":"https:\/\/iberice.com\/fr\/","url":"https:\/\/iberice.com\/fr\/","name":"Pista de Hielo | Iberice The Flexible Fun Ice","isPartOf":{"@id":"https:\/\/iberice.com\/pt-pt\/#website"},"datePublished":"2015-09-21T14:18:21+00:00","dateModified":"2024-07-21T18:15:47+00:00","description":"Las pistas de hielo son lugares perfectos para la Diversi\u00f3n con amigos y familia. Son el tipo de atracci\u00f3n que mejor aumenta la probabilidad de repetici\u00f3n.","breadcrumb":{"@id":"https:\/\/iberice.com\/fr\/#breadcrumb"},"inLanguage":"es","potentialAction":[{"@type":"ReadAction","target":["https:\/\/iberice.com\/fr\/"]}]},{"@type":"BreadcrumbList","@id":"https:\/\/iberice.com\/fr\/#breadcrumb","itemListElement":[{"@type":"ListItem","position":1,"name":"Home","item":"https:\/\/iberice.com\/fr\/"},{"@type":"ListItem","position":2,"name":"Pista de Hielo"}]},{"@type":"WebSite","@id":"https:\/\/iberice.com\/pt-pt\/#website","url":"https:\/\/iberice.com\/pt-pt\/","name":"Iberice","description":"Iberice - Flex Fun Ice","potentialAction":[{"@type":"SearchAction","target":{"@type":"EntryPoint","urlTemplate":"https:\/\/iberice.com\/pt-pt\/?s={search_term_string}"},"query-input":{"@type":"PropertyValueSpecification","valueRequired":true,"valueName":"search_term_string"}}],"inLanguage":"es"}]}},"_links":{"self":[{"href":"https:\/\/iberice.com\/es\/wp-json\/wp\/v2\/pages\/3788","targetHints":{"allow":["GET"]}}],"collection":[{"href":"https:\/\/iberice.com\/es\/wp-json\/wp\/v2\/pages"}],"about":[{"href":"https:\/\/iberice.com\/es\/wp-json\/wp\/v2\/types\/page"}],"author":[{"embeddable":true,"href":"https:\/\/iberice.com\/es\/wp-json\/wp\/v2\/users\/1"}],"replies":[{"embeddable":true,"href":"https:\/\/iberice.com\/es\/wp-json\/wp\/v2\/comments?post=3788"}],"version-history":[{"count":9,"href":"https:\/\/iberice.com\/es\/wp-json\/wp\/v2\/pages\/3788\/revisions"}],"predecessor-version":[{"id":5632,"href":"https:\/\/iberice.com\/es\/wp-json\/wp\/v2\/pages\/3788\/revisions\/5632"}],"wp:attachment":[{"href":"https:\/\/iberice.com\/es\/wp-json\/wp\/v2\/media?parent=3788"}],"curies":[{"name":"wp","href":"https:\/\/api.w.org\/{rel}","templated":true}]}}