{"id":3900,"date":"2015-05-29T19:41:23","date_gmt":"2015-05-29T19:41:23","guid":{"rendered":"http:\/\/iberice.com\/partner-with-us-2\/"},"modified":"2015-09-23T19:47:38","modified_gmt":"2015-09-23T19:47:38","slug":"werden-sie-unser-partner","status":"publish","type":"page","link":"https:\/\/iberice.com\/de\/werden-sie-unser-partner\/","title":{"rendered":"Werden Sie Unser Partner"},"content":{"rendered":"<div class=\"wpb-content-wrapper\"><p>[vc_row][vc_column width=&#8220;1\/1&#8243;][\/vc_column][\/vc_row][vc_row][vc_column width=&#8220;1\/2&#8243;][vc_column_text]<\/p>\n<h1 style=\"text-align: left;\">UNSERE PARTENER<\/h1>\n<p>Eine Partnerschaft mit IBERICE tr\u00e4gt dazu bei, Ihre Einnahmen zu steigen, Ihre Marke aufzubauen und Ihren Kunden Spass auf dem Eis zu bieten.<\/p>\n<h3>Wir bieten Ihnen:<\/h3>\n<p><i class=\"omsc-icon fa fa-check-circle fa-lg\" style=\"color:#00a551\"><\/i> Flexible Eislaufbahn-Produkte und kontinuierliche Entwicklung technischer L\u00f6sungen f\u00fcr Spass auf dem Eis;<\/p>\n<p><i class=\"omsc-icon fa fa-check-circle fa-lg\" style=\"color:#00a551\"><\/i> Investitionsrentabilit\u00e4t mit bew\u00e4hrten Gesch\u00e4ftsmodellen;<\/p>\n<p><i class=\"omsc-icon fa fa-check-circle fa-lg\" style=\"color:#00a551\"><\/i>\u00a015 Jahre fachm\u00e4nnische Erfahrung in Eisbahntechnik;<\/p>\n<p><i class=\"omsc-icon fa fa-check-circle fa-lg\" style=\"color:#00a551\"><\/i>\u00a0Marketing und Vertriebssupport in Ihrem Segment;<\/p>\n<p><i class=\"omsc-icon fa fa-check-circle fa-lg\" style=\"color:#00a551\"><\/i>\u00a0Technische Planung und Projektentwicklung;<\/p>\n<p><i class=\"omsc-icon fa fa-check-circle fa-lg\" style=\"color:#00a551\"><\/i>\u00a0Erfahrung und Erfolgsbilanz auf verschiedenen Kontinenten bei unterschiedlichen klimatischen Bedingungen;<\/p>\n<h3>Wir erwarten, dass unsere Produkte ebenso wie die massgeschneiderten L\u00f6sungen ein Plus f\u00fcr Ihr Unternehmen bringen, sei es als:<\/h3>\n<p><i class=\"omsc-icon fa fa-chevron-circle-right fa-lg\" style=\"color:#005f8a\"><\/i> Veranstaltungsindustrie; Zulieferer von Ausr\u00fcstung und Dienstleistungen;<\/p>\n<p><i class=\"omsc-icon fa fa-chevron-circle-right fa-lg\" style=\"color:#005f8a\"><\/i>\u00a0Veranstalter; Veranstaltungs- und Marketing-Agentur;<\/p>\n<p><i class=\"omsc-icon fa fa-chevron-circle-right fa-lg\" style=\"color:#005f8a\"><\/i> Montagebetriebe;<\/p>\n<p><i class=\"omsc-icon fa fa-chevron-circle-right fa-lg\" style=\"color:#005f8a\"><\/i>\u00a0Technik- oder Infrastrukturbetriebe im Freizeitsegment;<\/p>\n<h3><\/h3>\n<p>[\/vc_column_text][\/vc_column][vc_column width=&#8220;1\/2&#8243; css=&#8220;.vc_custom_1433348048414{padding-right: 10px !important;padding-left: 10px !important;}&#8220;][vc_column_text css=&#8220;.vc_custom_1443029925408{padding-top: 25px !important;padding-right: 25px !important;padding-bottom: 25px !important;padding-left: 25px !important;background-color: #005f8a !important;}&#8220;]<\/p>\n<h1 style=\"text-align: center;\"><span style=\"color: #ffffff;\">Schreiben Sie uns und schon geht es los!<\/span><\/h1>\n<p>[\/vc_column_text]\n<div class=\"wpcf7 no-js\" id=\"wpcf7-f4228-o1\" lang=\"en-US\" dir=\"ltr\" data-wpcf7-id=\"4228\">\n<div class=\"screen-reader-response\"><p role=\"status\" aria-live=\"polite\" aria-atomic=\"true\"><\/p> <ul><\/ul><\/div>\n<form action=\"\/de\/wp-json\/wp\/v2\/pages\/3900#wpcf7-f4228-o1\" method=\"post\" class=\"wpcf7-form init b104cdc50fe6 cmatic-disconn cmatic-aud-0 cmatic-mapd0-0 cmatic-v0978 cmatic-sent-0 cmatic-total-0\" aria-label=\"Contact form\" novalidate=\"novalidate\" data-status=\"init\">\n<fieldset class=\"hidden-fields-container\"><input type=\"hidden\" name=\"_wpcf7\" value=\"4228\" \/><input type=\"hidden\" name=\"_wpcf7_version\" value=\"6.1.5\" \/><input type=\"hidden\" name=\"_wpcf7_locale\" value=\"en_US\" \/><input type=\"hidden\" name=\"_wpcf7_unit_tag\" value=\"wpcf7-f4228-o1\" \/><input type=\"hidden\" name=\"_wpcf7_container_post\" value=\"0\" \/><input type=\"hidden\" name=\"_wpcf7_posted_data_hash\" value=\"\" \/><input type=\"hidden\" name=\"_wpcf7_recaptcha_response\" value=\"\" \/>\n<\/fieldset>\n<p>Name\n<\/p>\n<p><span class=\"wpcf7-form-control-wrap\" data-name=\"your-name\"><input size=\"40\" maxlength=\"400\" class=\"wpcf7-form-control wpcf7-text wpcf7-validates-as-required\" aria-required=\"true\" aria-invalid=\"false\" value=\"\" type=\"text\" name=\"your-name\" \/><\/span>\n<\/p>\n<p>Firma\n<\/p>\n<p><span class=\"wpcf7-form-control-wrap\" data-name=\"company\"><input size=\"40\" maxlength=\"400\" class=\"wpcf7-form-control wpcf7-text wpcf7-validates-as-required\" aria-required=\"true\" aria-invalid=\"false\" value=\"\" type=\"text\" name=\"company\" \/><\/span>\n<\/p>\n<p>E-Mail\n<\/p>\n<p><span class=\"wpcf7-form-control-wrap\" data-name=\"your-email\"><input size=\"40\" maxlength=\"400\" class=\"wpcf7-form-control wpcf7-email wpcf7-validates-as-required wpcf7-text wpcf7-validates-as-email\" aria-required=\"true\" aria-invalid=\"false\" value=\"\" type=\"email\" name=\"your-email\" \/><\/span>\n<\/p>\n<p>Telefon\n<\/p>\n<p><span class=\"wpcf7-form-control-wrap\" data-name=\"phone\"><input size=\"40\" maxlength=\"400\" class=\"wpcf7-form-control wpcf7-text wpcf7-validates-as-required\" aria-required=\"true\" aria-invalid=\"false\" value=\"\" type=\"text\" name=\"phone\" \/><\/span>\n<\/p>\n<p>Gesch\u00e4ftsbereich\n<\/p>\n<p><span class=\"wpcf7-form-control-wrap\" data-name=\"business\"><input size=\"40\" maxlength=\"400\" class=\"wpcf7-form-control wpcf7-text wpcf7-validates-as-required\" aria-required=\"true\" aria-invalid=\"false\" value=\"\" type=\"text\" name=\"business\" \/><\/span>\n<\/p>\n<p>Stadt\n<\/p>\n<p><span class=\"wpcf7-form-control-wrap\" data-name=\"city\"><input size=\"40\" maxlength=\"400\" class=\"wpcf7-form-control wpcf7-text wpcf7-validates-as-required\" aria-required=\"true\" aria-invalid=\"false\" value=\"\" type=\"text\" name=\"city\" \/><\/span>\n<\/p>\n<p>Land\n<\/p>\n<p><span class=\"wpcf7-form-control-wrap\" data-name=\"Country\"><input size=\"40\" maxlength=\"400\" class=\"wpcf7-form-control wpcf7-text wpcf7-validates-as-required\" aria-required=\"true\" aria-invalid=\"false\" value=\"\" type=\"text\" name=\"Country\" \/><\/span>\n<\/p>\n<p>Nachricht\n<\/p>\n<p><span class=\"wpcf7-form-control-wrap\" data-name=\"your-message\"><textarea cols=\"40\" rows=\"10\" maxlength=\"2000\" class=\"wpcf7-form-control wpcf7-textarea\" aria-invalid=\"false\" name=\"your-message\"><\/textarea><\/span>\n<\/p>\n<p><input class=\"wpcf7-form-control wpcf7-submit has-spinner\" type=\"submit\" value=\"Absenden\" \/>\n<\/p><div class=\"wpcf7-response-output\" aria-hidden=\"true\"><\/div>\n<\/form>\n<\/div>\n[\/vc_column][\/vc_row][vc_row css=&#8220;.vc_custom_1432503483069{margin-bottom: 0px !important;padding-top: 55px !important;padding-bottom: 55px !important;background-color: #005f8a !important;}&#8220; full_width=&#8220;stretch_row&#8220;][vc_column width=&#8220;1\/1&#8243;][vc_column_text]<\/p>\n<h1 style=\"text-align: center;\"><span style=\"color: #ffffff;\">SPASS AUF DEM EIS<\/span><\/h1>\n<h4 style=\"text-align: center;\">MIT FLEXIBLEN SUPER-L\u00d6SUNGEN<\/h4>\n<p style=\"text-align: center;\"><div style=\"max-width:600px;margin:0 auto\"><div class=\"omsc-responsive-box omsc-responsive-box-video\"><iframe loading=\"lazy\" src=\"https:\/\/www.youtube.com\/embed\/ToWo9iAnHVw?rel=0&amp;showinfo=0\" width=\"600\" height=\"338\" frameborder=\"0\" allowfullscreen=\"allowfullscreen\"><\/iframe><\/div><\/div>\n<p>[\/vc_column_text][\/vc_column][\/vc_row]<\/p>\n<\/div>","protected":false},"excerpt":{"rendered":"<p>[vc_row][vc_column width=&#8220;1\/1&#8243;][\/vc_column][\/vc_row][vc_row][vc_column width=&#8220;1\/2&#8243;][vc_column_text] UNSERE PARTENER Eine Partnerschaft mit IBERICE tr\u00e4gt dazu bei, Ihre Einnahmen zu steigen, Ihre Marke aufzubauen und Ihren Kunden Spass auf dem&hellip;<\/p>\n<p><a href=\"https:\/\/iberice.com\/de\/werden-sie-unser-partner\/\" class=\"more-link post-excerpt-readmore\">Read more<\/a><\/p>\n","protected":false},"author":1,"featured_media":0,"parent":0,"menu_order":12,"comment_status":"open","ping_status":"open","template":"","meta":{"_exactmetrics_skip_tracking":false,"_exactmetrics_sitenote_active":false,"_exactmetrics_sitenote_note":"","_exactmetrics_sitenote_category":0,"footnotes":""},"class_list":["post-3900","page","type-page","status-publish","hentry"],"yoast_head":"<!-- This site is optimized with the Yoast SEO plugin v27.3 - https:\/\/yoast.com\/product\/yoast-seo-wordpress\/ -->\n<title>Werden Sie Unser Partner - Iberice<\/title>\n<meta name=\"robots\" content=\"index, follow, max-snippet:-1, max-image-preview:large, max-video-preview:-1\" \/>\n<link rel=\"canonical\" href=\"https:\/\/iberice.com\/partner-with-us\/\" \/>\n<meta property=\"og:locale\" content=\"de_DE\" \/>\n<meta property=\"og:type\" content=\"article\" \/>\n<meta property=\"og:title\" content=\"Iberice - Flexible Fun Ice\" \/>\n<meta property=\"og:description\" content=\"Aluminium Flexfun-Ice - Flexfun-Ice Track&amp;Slide - Multi Flexfun-Ice\" \/>\n<meta property=\"og:url\" content=\"https:\/\/iberice.com\/partner-with-us\/\" \/>\n<meta property=\"og:site_name\" content=\"Iberice\" \/>\n<meta property=\"article:publisher\" content=\"https:\/\/www.facebook.com\/IberIce.IceSolutions\" \/>\n<meta property=\"article:modified_time\" content=\"2015-09-23T19:47:38+00:00\" \/>\n<meta property=\"og:image\" content=\"http:\/\/iberice.com\/wp-content\/uploads\/2015\/05\/welcomec.png\" \/>\n<meta name=\"twitter:card\" content=\"summary_large_image\" \/>\n<meta name=\"twitter:label1\" content=\"Gesch\u00e4tzte Lesezeit\" \/>\n\t<meta name=\"twitter:data1\" content=\"2\u00a0Minuten\" \/>\n<script type=\"application\/ld+json\" class=\"yoast-schema-graph\">{\"@context\":\"https:\\\/\\\/schema.org\",\"@graph\":[{\"@type\":\"WebPage\",\"@id\":\"https:\\\/\\\/iberice.com\\\/partner-with-us\\\/\",\"url\":\"https:\\\/\\\/iberice.com\\\/partner-with-us\\\/\",\"name\":\"Werden Sie Unser Partner - Iberice\",\"isPartOf\":{\"@id\":\"https:\\\/\\\/iberice.com\\\/pt-pt\\\/#website\"},\"datePublished\":\"2015-05-29T19:41:23+00:00\",\"dateModified\":\"2015-09-23T19:47:38+00:00\",\"breadcrumb\":{\"@id\":\"https:\\\/\\\/iberice.com\\\/partner-with-us\\\/#breadcrumb\"},\"inLanguage\":\"de\",\"potentialAction\":[{\"@type\":\"ReadAction\",\"target\":[\"https:\\\/\\\/iberice.com\\\/partner-with-us\\\/\"]}]},{\"@type\":\"BreadcrumbList\",\"@id\":\"https:\\\/\\\/iberice.com\\\/partner-with-us\\\/#breadcrumb\",\"itemListElement\":[{\"@type\":\"ListItem\",\"position\":1,\"name\":\"Home\",\"item\":\"https:\\\/\\\/iberice.com\\\/fr\\\/\"},{\"@type\":\"ListItem\",\"position\":2,\"name\":\"Werden Sie Unser Partner\"}]},{\"@type\":\"WebSite\",\"@id\":\"https:\\\/\\\/iberice.com\\\/pt-pt\\\/#website\",\"url\":\"https:\\\/\\\/iberice.com\\\/pt-pt\\\/\",\"name\":\"Iberice\",\"description\":\"Iberice - Flex Fun Ice\",\"potentialAction\":[{\"@type\":\"SearchAction\",\"target\":{\"@type\":\"EntryPoint\",\"urlTemplate\":\"https:\\\/\\\/iberice.com\\\/pt-pt\\\/?s={search_term_string}\"},\"query-input\":{\"@type\":\"PropertyValueSpecification\",\"valueRequired\":true,\"valueName\":\"search_term_string\"}}],\"inLanguage\":\"de\"}]}<\/script>\n<!-- \/ Yoast SEO plugin. -->","yoast_head_json":{"title":"Werden Sie Unser Partner - Iberice","robots":{"index":"index","follow":"follow","max-snippet":"max-snippet:-1","max-image-preview":"max-image-preview:large","max-video-preview":"max-video-preview:-1"},"canonical":"https:\/\/iberice.com\/partner-with-us\/","og_locale":"de_DE","og_type":"article","og_title":"Iberice - Flexible Fun Ice","og_description":"Aluminium Flexfun-Ice - Flexfun-Ice Track&Slide - Multi Flexfun-Ice","og_url":"https:\/\/iberice.com\/partner-with-us\/","og_site_name":"Iberice","article_publisher":"https:\/\/www.facebook.com\/IberIce.IceSolutions","article_modified_time":"2015-09-23T19:47:38+00:00","og_image":[{"url":"http:\/\/iberice.com\/wp-content\/uploads\/2015\/05\/welcomec.png","type":"","width":"","height":""}],"twitter_card":"summary_large_image","twitter_misc":{"Gesch\u00e4tzte Lesezeit":"2\u00a0Minuten"},"schema":{"@context":"https:\/\/schema.org","@graph":[{"@type":"WebPage","@id":"https:\/\/iberice.com\/partner-with-us\/","url":"https:\/\/iberice.com\/partner-with-us\/","name":"Werden Sie Unser Partner - Iberice","isPartOf":{"@id":"https:\/\/iberice.com\/pt-pt\/#website"},"datePublished":"2015-05-29T19:41:23+00:00","dateModified":"2015-09-23T19:47:38+00:00","breadcrumb":{"@id":"https:\/\/iberice.com\/partner-with-us\/#breadcrumb"},"inLanguage":"de","potentialAction":[{"@type":"ReadAction","target":["https:\/\/iberice.com\/partner-with-us\/"]}]},{"@type":"BreadcrumbList","@id":"https:\/\/iberice.com\/partner-with-us\/#breadcrumb","itemListElement":[{"@type":"ListItem","position":1,"name":"Home","item":"https:\/\/iberice.com\/fr\/"},{"@type":"ListItem","position":2,"name":"Werden Sie Unser Partner"}]},{"@type":"WebSite","@id":"https:\/\/iberice.com\/pt-pt\/#website","url":"https:\/\/iberice.com\/pt-pt\/","name":"Iberice","description":"Iberice - Flex Fun Ice","potentialAction":[{"@type":"SearchAction","target":{"@type":"EntryPoint","urlTemplate":"https:\/\/iberice.com\/pt-pt\/?s={search_term_string}"},"query-input":{"@type":"PropertyValueSpecification","valueRequired":true,"valueName":"search_term_string"}}],"inLanguage":"de"}]}},"_links":{"self":[{"href":"https:\/\/iberice.com\/de\/wp-json\/wp\/v2\/pages\/3900","targetHints":{"allow":["GET"]}}],"collection":[{"href":"https:\/\/iberice.com\/de\/wp-json\/wp\/v2\/pages"}],"about":[{"href":"https:\/\/iberice.com\/de\/wp-json\/wp\/v2\/types\/page"}],"author":[{"embeddable":true,"href":"https:\/\/iberice.com\/de\/wp-json\/wp\/v2\/users\/1"}],"replies":[{"embeddable":true,"href":"https:\/\/iberice.com\/de\/wp-json\/wp\/v2\/comments?post=3900"}],"version-history":[{"count":4,"href":"https:\/\/iberice.com\/de\/wp-json\/wp\/v2\/pages\/3900\/revisions"}],"predecessor-version":[{"id":4231,"href":"https:\/\/iberice.com\/de\/wp-json\/wp\/v2\/pages\/3900\/revisions\/4231"}],"wp:attachment":[{"href":"https:\/\/iberice.com\/de\/wp-json\/wp\/v2\/media?parent=3900"}],"curies":[{"name":"wp","href":"https:\/\/api.w.org\/{rel}","templated":true}]}}