{"id":3836,"date":"2015-05-29T21:43:34","date_gmt":"2015-05-29T21:43:34","guid":{"rendered":"http:\/\/iberice.com\/ice-rink-2\/"},"modified":"2015-09-26T16:34:23","modified_gmt":"2015-09-26T16:34:23","slug":"eislaufbahn","status":"publish","type":"page","link":"https:\/\/iberice.com\/de\/eislaufbahn\/","title":{"rendered":"Ice Rink &#8211; Alu Flexfun-Ice"},"content":{"rendered":"<div class=\"wpb-content-wrapper\"><p>[vc_row][vc_column width=&#8220;1\/1&#8243;][\/vc_column][\/vc_row][vc_row][vc_column width=&#8220;1\/2&#8243;][vc_column_text]<\/p>\n<h1>ICE RINK &#8211; ALU FLEX FUN ICE<\/h1>\n<h4 align=\"LEFT\">Die ultra-mobile Spass-Eislaufbahn.<\/h4>\n<p>Einfach aufs Eis und Schlittschuhlaufen, denn dieses\u00a0Produkt bedeutet Geschwindigkeit, Qualit\u00e4t und\u00a0Zuverl\u00e4ssigkeit.<\/p>\n<p align=\"LEFT\"><i class=\"omsc-icon fa fa-check-circle fa-lg\" style=\"color:#00a551\"><\/i> Modular und auf verschiedene Ma\u00dfe ausdehnbar;<\/p>\n<p align=\"LEFT\"><i class=\"omsc-icon fa fa-check-circle fa-lg\" style=\"color:#00a551\"><\/i> Vielseitige Kombinationen und Formen;<\/p>\n<p align=\"LEFT\"><i class=\"omsc-icon fa fa-check-circle fa-lg\" style=\"color:#00a551\"><\/i> Einfache und schnelle Installation;<\/p>\n<p align=\"LEFT\"><i class=\"omsc-icon fa fa-check-circle fa-lg\" style=\"color:#00a551\"><\/i> Zeitweise oder permanente Nutzung;<\/p>\n<p align=\"LEFT\"><i class=\"omsc-icon fa fa-check-circle fa-lg\" style=\"color:#00a551\"><\/i> Leicht zu transportieren und zu lagern;<\/p>\n<p align=\"LEFT\"><strong>All das mit einer garantiert gleichm\u00e4\u00dfigen Eisqualit\u00e4t\u00a0f\u00fcr Ihre Kunden!<\/strong><\/p>\n<p>&nbsp;<\/p>\n<p style=\"text-align: left;\"><a class=\"omsc-button omsc-no-custom-hover omsc-size-large omsc-style-flat omsc-text-bright\" href=\"http:\/\/iberice.com\/de\/angebot-anfordern\/\" target=\"_parent\" style=\"color:#ffffff\">ANGEBOT ANFORDERN<\/a><a class=\"omsc-button omsc-custom-hover omsc-size-large omsc-style-flat omsc-text-bright\" href=\"http:\/\/iberice.com\/de\/werden-sie-unser-partner\/\" target=\"_parent\" style=\"background-color:#005f8a;border-color:#005f8a;color:#ffffff\" data-hover-bg-color=\"#4d8fad\" data-hover-text-color=\"#ffffff\" data-hover-border-color=\"#4d8fad\">WERDEN SIE UNSER PARTNER<\/a><\/p>\n<p>[\/vc_column_text][\/vc_column][vc_column width=&#8220;1\/2&#8243;][vc_column_text]<img class=\"lazyload aligncenter wp-image-3522 size-full\" title=\"ice rink\" data-original=\"http:\/\/iberice.com\/wp-content\/uploads\/2015\/06\/aluminium_ap.jpg\" alt=\"\" width=\"782\" height=\"592\" \/>[\/vc_column_text][\/vc_column][\/vc_row][vc_row][vc_column width=&#8220;1\/1&#8243;][vc_separator color=&#8220;grey&#8220; align=&#8220;align_center&#8220;][\/vc_column][\/vc_row][vc_row][vc_column width=&#8220;1\/1&#8243;][vc_column_text]<\/p>\n<h2 align=\"LEFT\">SCHEMATISCHER AUFBAU<\/h2>\n<p><img class=\"lazyload aligncenter wp-image-4303 size-full\" data-original=\"http:\/\/iberice.com\/wp-content\/uploads\/2015\/05\/ice_rink_al.jpg\" alt=\"\" width=\"1065\" height=\"506\" \/>[\/vc_column_text][\/vc_column][\/vc_row][vc_row][vc_column width=&#8220;1\/1&#8243;][\/vc_column][\/vc_row][vc_row css=&#8220;.vc_custom_1432503483069{margin-bottom: 0px !important;padding-top: 55px !important;padding-bottom: 55px !important;background-color: #005f8a !important;}&#8220; full_width=&#8220;stretch_row&#8220;][vc_column width=&#8220;1\/1&#8243;][vc_column_text]<\/p>\n<h1 style=\"text-align: center;\"><span style=\"color: #ffffff;\">SPASS AUF DEM EIS<\/span><\/h1>\n<h4 style=\"text-align: center;\">MIT FLEXIBLEN SUPER-L\u00d6SUNGEN<\/h4>\n<p style=\"text-align: center;\"><div style=\"max-width:600px;margin:0 auto\"><div class=\"omsc-responsive-box omsc-responsive-box-video\"><iframe loading=\"lazy\" src=\"https:\/\/www.youtube.com\/embed\/ToWo9iAnHVw?rel=0&amp;showinfo=0\" width=\"600\" height=\"338\" frameborder=\"0\" allowfullscreen=\"allowfullscreen\"><\/iframe><\/div><\/div>\n<p>[\/vc_column_text][\/vc_column][\/vc_row]<\/p>\n<\/div>","protected":false},"excerpt":{"rendered":"<p>[vc_row][vc_column width=&#8220;1\/1&#8243;][\/vc_column][\/vc_row][vc_row][vc_column width=&#8220;1\/2&#8243;][vc_column_text] ICE RINK &#8211; ALU FLEX FUN ICE Die ultra-mobile Spass-Eislaufbahn. Einfach aufs Eis und Schlittschuhlaufen, denn dieses\u00a0Produkt bedeutet Geschwindigkeit, Qualit\u00e4t und\u00a0Zuverl\u00e4ssigkeit. Modular&hellip;<\/p>\n<p><a href=\"https:\/\/iberice.com\/de\/eislaufbahn\/\" class=\"more-link post-excerpt-readmore\">Read more<\/a><\/p>\n","protected":false},"author":1,"featured_media":0,"parent":0,"menu_order":4,"comment_status":"open","ping_status":"open","template":"","meta":{"_exactmetrics_skip_tracking":false,"_exactmetrics_sitenote_active":false,"_exactmetrics_sitenote_note":"","_exactmetrics_sitenote_category":0,"footnotes":""},"class_list":["post-3836","page","type-page","status-publish","hentry"],"yoast_head":"<!-- This site is optimized with the Yoast SEO plugin v27.3 - https:\/\/yoast.com\/product\/yoast-seo-wordpress\/ -->\n<title>Ice Rink - Iberice - The Flexible Fun Ice<\/title>\n<meta name=\"description\" content=\"ICE RINK - ALU FLEX FUN ICEThe Fun Ultra-Mobile Skating RinkJust set and ice skate, because this product is\u00b4synonymous of speed, quality and reliability...\" \/>\n<meta name=\"robots\" content=\"index, follow, max-snippet:-1, max-image-preview:large, max-video-preview:-1\" \/>\n<link rel=\"canonical\" href=\"https:\/\/iberice.com\/ice-rink\/\" \/>\n<meta property=\"og:locale\" content=\"de_DE\" \/>\n<meta property=\"og:type\" content=\"article\" \/>\n<meta property=\"og:title\" content=\"ICE RINK \u2013 ALU FLEX FUN ICE\" \/>\n<meta property=\"og:description\" content=\"Just set and ice rink skate, because this product is\u00b4synonymous of speed, quality and reliability.\" \/>\n<meta property=\"og:url\" content=\"https:\/\/iberice.com\/ice-rink\/\" \/>\n<meta property=\"og:site_name\" content=\"Iberice\" \/>\n<meta property=\"article:publisher\" content=\"https:\/\/www.facebook.com\/IberIce.IceSolutions\" \/>\n<meta property=\"article:modified_time\" content=\"2015-09-26T16:34:23+00:00\" \/>\n<meta property=\"og:image\" content=\"http:\/\/iberice.com\/wp-content\/uploads\/2015\/05\/aluminium.png\" \/>\n<meta name=\"twitter:card\" content=\"summary_large_image\" \/>\n<meta name=\"twitter:title\" content=\"ICE RINK \u2013 ALU FLEX FUN ICE\" \/>\n<meta name=\"twitter:description\" content=\"Just set and ice rink skate, because this product is\u00b4synonymous of speed, quality and reliability.\" \/>\n<meta name=\"twitter:label1\" content=\"Gesch\u00e4tzte Lesezeit\" \/>\n\t<meta name=\"twitter:data1\" content=\"1\u00a0Minute\" \/>\n<script type=\"application\/ld+json\" class=\"yoast-schema-graph\">{\"@context\":\"https:\\\/\\\/schema.org\",\"@graph\":[{\"@type\":\"WebPage\",\"@id\":\"https:\\\/\\\/iberice.com\\\/ice-rink\\\/\",\"url\":\"https:\\\/\\\/iberice.com\\\/ice-rink\\\/\",\"name\":\"Ice Rink - Iberice - The Flexible Fun Ice\",\"isPartOf\":{\"@id\":\"https:\\\/\\\/iberice.com\\\/pt-pt\\\/#website\"},\"primaryImageOfPage\":{\"@id\":\"https:\\\/\\\/iberice.com\\\/ice-rink\\\/#primaryimage\"},\"image\":{\"@id\":\"https:\\\/\\\/iberice.com\\\/ice-rink\\\/#primaryimage\"},\"thumbnailUrl\":\"http:\\\/\\\/iberice.com\\\/wp-content\\\/uploads\\\/2015\\\/06\\\/aluminium_ap.jpg\",\"datePublished\":\"2015-05-29T21:43:34+00:00\",\"dateModified\":\"2015-09-26T16:34:23+00:00\",\"description\":\"ICE RINK - ALU FLEX FUN ICEThe Fun Ultra-Mobile Skating RinkJust set and ice skate, because this product is\u00b4synonymous of speed, quality and reliability...\",\"breadcrumb\":{\"@id\":\"https:\\\/\\\/iberice.com\\\/ice-rink\\\/#breadcrumb\"},\"inLanguage\":\"de\",\"potentialAction\":[{\"@type\":\"ReadAction\",\"target\":[\"https:\\\/\\\/iberice.com\\\/ice-rink\\\/\"]}]},{\"@type\":\"ImageObject\",\"inLanguage\":\"de\",\"@id\":\"https:\\\/\\\/iberice.com\\\/ice-rink\\\/#primaryimage\",\"url\":\"http:\\\/\\\/iberice.com\\\/wp-content\\\/uploads\\\/2015\\\/06\\\/aluminium_ap.jpg\",\"contentUrl\":\"http:\\\/\\\/iberice.com\\\/wp-content\\\/uploads\\\/2015\\\/06\\\/aluminium_ap.jpg\"},{\"@type\":\"BreadcrumbList\",\"@id\":\"https:\\\/\\\/iberice.com\\\/ice-rink\\\/#breadcrumb\",\"itemListElement\":[{\"@type\":\"ListItem\",\"position\":1,\"name\":\"Home\",\"item\":\"https:\\\/\\\/iberice.com\\\/fr\\\/\"},{\"@type\":\"ListItem\",\"position\":2,\"name\":\"Ice Rink &#8211; Alu Flexfun-Ice\"}]},{\"@type\":\"WebSite\",\"@id\":\"https:\\\/\\\/iberice.com\\\/pt-pt\\\/#website\",\"url\":\"https:\\\/\\\/iberice.com\\\/pt-pt\\\/\",\"name\":\"Iberice\",\"description\":\"Iberice - Flex Fun Ice\",\"potentialAction\":[{\"@type\":\"SearchAction\",\"target\":{\"@type\":\"EntryPoint\",\"urlTemplate\":\"https:\\\/\\\/iberice.com\\\/pt-pt\\\/?s={search_term_string}\"},\"query-input\":{\"@type\":\"PropertyValueSpecification\",\"valueRequired\":true,\"valueName\":\"search_term_string\"}}],\"inLanguage\":\"de\"}]}<\/script>\n<!-- \/ Yoast SEO plugin. -->","yoast_head_json":{"title":"Ice Rink - Iberice - The Flexible Fun Ice","description":"ICE RINK - ALU FLEX FUN ICEThe Fun Ultra-Mobile Skating RinkJust set and ice skate, because this product is\u00b4synonymous of speed, quality and reliability...","robots":{"index":"index","follow":"follow","max-snippet":"max-snippet:-1","max-image-preview":"max-image-preview:large","max-video-preview":"max-video-preview:-1"},"canonical":"https:\/\/iberice.com\/ice-rink\/","og_locale":"de_DE","og_type":"article","og_title":"ICE RINK \u2013 ALU FLEX FUN ICE","og_description":"Just set and ice rink skate, because this product is\u00b4synonymous of speed, quality and reliability.","og_url":"https:\/\/iberice.com\/ice-rink\/","og_site_name":"Iberice","article_publisher":"https:\/\/www.facebook.com\/IberIce.IceSolutions","article_modified_time":"2015-09-26T16:34:23+00:00","og_image":[{"url":"http:\/\/iberice.com\/wp-content\/uploads\/2015\/05\/aluminium.png","type":"","width":"","height":""}],"twitter_card":"summary_large_image","twitter_title":"ICE RINK \u2013 ALU FLEX FUN ICE","twitter_description":"Just set and ice rink skate, because this product is\u00b4synonymous of speed, quality and reliability.","twitter_misc":{"Gesch\u00e4tzte Lesezeit":"1\u00a0Minute"},"schema":{"@context":"https:\/\/schema.org","@graph":[{"@type":"WebPage","@id":"https:\/\/iberice.com\/ice-rink\/","url":"https:\/\/iberice.com\/ice-rink\/","name":"Ice Rink - Iberice - The Flexible Fun Ice","isPartOf":{"@id":"https:\/\/iberice.com\/pt-pt\/#website"},"primaryImageOfPage":{"@id":"https:\/\/iberice.com\/ice-rink\/#primaryimage"},"image":{"@id":"https:\/\/iberice.com\/ice-rink\/#primaryimage"},"thumbnailUrl":"http:\/\/iberice.com\/wp-content\/uploads\/2015\/06\/aluminium_ap.jpg","datePublished":"2015-05-29T21:43:34+00:00","dateModified":"2015-09-26T16:34:23+00:00","description":"ICE RINK - ALU FLEX FUN ICEThe Fun Ultra-Mobile Skating RinkJust set and ice skate, because this product is\u00b4synonymous of speed, quality and reliability...","breadcrumb":{"@id":"https:\/\/iberice.com\/ice-rink\/#breadcrumb"},"inLanguage":"de","potentialAction":[{"@type":"ReadAction","target":["https:\/\/iberice.com\/ice-rink\/"]}]},{"@type":"ImageObject","inLanguage":"de","@id":"https:\/\/iberice.com\/ice-rink\/#primaryimage","url":"http:\/\/iberice.com\/wp-content\/uploads\/2015\/06\/aluminium_ap.jpg","contentUrl":"http:\/\/iberice.com\/wp-content\/uploads\/2015\/06\/aluminium_ap.jpg"},{"@type":"BreadcrumbList","@id":"https:\/\/iberice.com\/ice-rink\/#breadcrumb","itemListElement":[{"@type":"ListItem","position":1,"name":"Home","item":"https:\/\/iberice.com\/fr\/"},{"@type":"ListItem","position":2,"name":"Ice Rink &#8211; Alu Flexfun-Ice"}]},{"@type":"WebSite","@id":"https:\/\/iberice.com\/pt-pt\/#website","url":"https:\/\/iberice.com\/pt-pt\/","name":"Iberice","description":"Iberice - Flex Fun Ice","potentialAction":[{"@type":"SearchAction","target":{"@type":"EntryPoint","urlTemplate":"https:\/\/iberice.com\/pt-pt\/?s={search_term_string}"},"query-input":{"@type":"PropertyValueSpecification","valueRequired":true,"valueName":"search_term_string"}}],"inLanguage":"de"}]}},"_links":{"self":[{"href":"https:\/\/iberice.com\/de\/wp-json\/wp\/v2\/pages\/3836","targetHints":{"allow":["GET"]}}],"collection":[{"href":"https:\/\/iberice.com\/de\/wp-json\/wp\/v2\/pages"}],"about":[{"href":"https:\/\/iberice.com\/de\/wp-json\/wp\/v2\/types\/page"}],"author":[{"embeddable":true,"href":"https:\/\/iberice.com\/de\/wp-json\/wp\/v2\/users\/1"}],"replies":[{"embeddable":true,"href":"https:\/\/iberice.com\/de\/wp-json\/wp\/v2\/comments?post=3836"}],"version-history":[{"count":5,"href":"https:\/\/iberice.com\/de\/wp-json\/wp\/v2\/pages\/3836\/revisions"}],"predecessor-version":[{"id":4309,"href":"https:\/\/iberice.com\/de\/wp-json\/wp\/v2\/pages\/3836\/revisions\/4309"}],"wp:attachment":[{"href":"https:\/\/iberice.com\/de\/wp-json\/wp\/v2\/media?parent=3836"}],"curies":[{"name":"wp","href":"https:\/\/api.w.org\/{rel}","templated":true}]}}