{"id":3828,"date":"2015-05-29T19:43:37","date_gmt":"2015-05-29T19:43:37","guid":{"rendered":"http:\/\/iberice.com\/technology-2\/"},"modified":"2015-09-23T16:38:19","modified_gmt":"2015-09-23T16:38:19","slug":"technologie","status":"publish","type":"page","link":"https:\/\/iberice.com\/de\/technologie\/","title":{"rendered":"Technologie"},"content":{"rendered":"<div class=\"wpb-content-wrapper\"><p>[vc_row][vc_column width=&#8220;1\/1&#8243;][\/vc_column][\/vc_row][vc_row][vc_column width=&#8220;1\/2&#8243;][vc_column_text]<\/p>\n<h1 style=\"text-align: left;\">WIR STEHEN F\u00dcR<br \/>\nEISBAHNTECHNOLOGIE<\/h1>\n<p>Die IBERICE\u00ae-Technologie ist ausgereift und bew\u00e4hrt. Sie wurde\u00a0auf der Basis neuester Forschung in Zusammenarbeit mit dem\u00a0INEGI (wissenschaftliches Institut f\u00fcr Innovation in Maschinen-und Industrietechnik) entwickelt.<\/p>\n<h3>Wir garantieren folgende Vorteile:<\/h3>\n<p><i class=\"omsc-icon fa fa-check-circle fa-lg\" style=\"color:#00a551\"><\/i> Aluminium ist besser als EPDM in der Umsetzung von Energie;<\/p>\n<p><i class=\"omsc-icon fa fa-check-circle fa-lg\" style=\"color:#00a551\"><\/i> Schneller Prozess der Eisbildung;<\/p>\n<p><i class=\"omsc-icon fa fa-check-circle fa-lg\" style=\"color:#00a551\"><\/i> Gute Eiskonsistenz zu allen Wetterbedingungen, sogar \u00fcber\u00a032\u00ba Grad;<\/p>\n<p><i class=\"omsc-icon fa fa-check-circle fa-lg\" style=\"color:#00a551\"><\/i> Extrem niedriger Energieverbrauch;<\/p>\n<p><i class=\"omsc-icon fa fa-check-circle fa-lg\" style=\"color:#00a551\"><\/i> Umweltfreundlich;<\/p>\n<p><strong>All das mit einer garantiert gleichm\u00e4\u00dfigen Eisqualit\u00e4t f\u00fcr Ihre\u00a0Kunden!<\/strong><\/p>\n<p>&nbsp;<\/p>\n<p style=\"text-align: left;\"><a class=\"omsc-button omsc-no-custom-hover omsc-size-large omsc-style-flat omsc-text-bright\" href=\"http:\/\/iberice.com\/de\/angebot-anfordern\/\" target=\"_parent\" style=\"color:#ffffff\">ANGEBOT ANFORDERN<\/a><a class=\"omsc-button omsc-custom-hover omsc-size-large omsc-style-flat omsc-text-bright\" href=\"http:\/\/iberice.com\/de\/werden-sie-unser-partner\/\" target=\"_parent\" style=\"background-color:#005f8a;border-color:#005f8a;color:#ffffff\" data-hover-bg-color=\"#4d8fad\" data-hover-text-color=\"#ffffff\" data-hover-border-color=\"#4d8fad\">WERDEN SIE UNSER PARTNER<\/a><\/p>\n<p>[\/vc_column_text][\/vc_column][vc_column width=&#8220;1\/2&#8243;][vc_column_text]<img class=\"lazyload size-full wp-image-3532 aligncenter\" data-original=\"http:\/\/iberice.com\/wp-content\/uploads\/2015\/06\/ice_rink_technology.jpg\" alt=\"\" width=\"527\" height=\"566\" \/>[\/vc_column_text][\/vc_column][\/vc_row][vc_row css=&#8220;.vc_custom_1432503483069{margin-bottom: 0px !important;padding-top: 55px !important;padding-bottom: 55px !important;background-color: #005f8a !important;}&#8220; full_width=&#8220;stretch_row&#8220;][vc_column width=&#8220;1\/1&#8243;][vc_column_text]<\/p>\n<h1 style=\"text-align: center;\"><span style=\"color: #ffffff;\">SPASS AUF DEM EIS<\/span><\/h1>\n<h4 style=\"text-align: center;\">MIT FLEXIBLEN SUPER-L\u00d6SUNGEN<\/h4>\n<p style=\"text-align: center;\"><div style=\"max-width:600px;margin:0 auto\"><div class=\"omsc-responsive-box omsc-responsive-box-video\"><iframe loading=\"lazy\" src=\"https:\/\/www.youtube.com\/embed\/ToWo9iAnHVw?rel=0&amp;showinfo=0\" width=\"600\" height=\"338\" frameborder=\"0\" allowfullscreen=\"allowfullscreen\"><\/iframe><\/div><\/div>\n<p>[\/vc_column_text][\/vc_column][\/vc_row]<\/p>\n<\/div>","protected":false},"excerpt":{"rendered":"<p>[vc_row][vc_column width=&#8220;1\/1&#8243;][\/vc_column][\/vc_row][vc_row][vc_column width=&#8220;1\/2&#8243;][vc_column_text] WIR STEHEN F\u00dcR EISBAHNTECHNOLOGIE Die IBERICE\u00ae-Technologie ist ausgereift und bew\u00e4hrt. Sie wurde\u00a0auf der Basis neuester Forschung in Zusammenarbeit mit dem\u00a0INEGI (wissenschaftliches Institut&hellip;<\/p>\n<p><a href=\"https:\/\/iberice.com\/de\/technologie\/\" class=\"more-link post-excerpt-readmore\">Read more<\/a><\/p>\n","protected":false},"author":1,"featured_media":0,"parent":0,"menu_order":3,"comment_status":"open","ping_status":"open","template":"","meta":{"_exactmetrics_skip_tracking":false,"_exactmetrics_sitenote_active":false,"_exactmetrics_sitenote_note":"","_exactmetrics_sitenote_category":0,"footnotes":""},"class_list":["post-3828","page","type-page","status-publish","hentry"],"yoast_head":"<!-- This site is optimized with the Yoast SEO plugin v27.5 - https:\/\/yoast.com\/product\/yoast-seo-wordpress\/ -->\n<title>Technologie - Iberice<\/title>\n<meta name=\"robots\" content=\"index, follow, max-snippet:-1, max-image-preview:large, max-video-preview:-1\" \/>\n<link rel=\"canonical\" href=\"https:\/\/iberice.com\/technology\/\" \/>\n<meta property=\"og:locale\" content=\"de_DE\" \/>\n<meta property=\"og:type\" content=\"article\" \/>\n<meta property=\"og:title\" content=\"We are Ice Technology\" \/>\n<meta property=\"og:description\" content=\"The IBERICE\u00ae Tecnology has been developed and tested using the latest R&amp;D process in partnership with INEGI \u2013 Institute of Science and Innovation in Mechanical and Industrial Engineering.\" \/>\n<meta property=\"og:url\" content=\"https:\/\/iberice.com\/technology\/\" \/>\n<meta property=\"og:site_name\" content=\"Iberice\" \/>\n<meta property=\"article:publisher\" content=\"https:\/\/www.facebook.com\/IberIce.IceSolutions\" \/>\n<meta property=\"article:modified_time\" content=\"2015-09-23T16:38:19+00:00\" \/>\n<meta property=\"og:image\" content=\"http:\/\/iberice.com\/wp-content\/uploads\/2015\/05\/we_are_ice_technology.png\" \/>\n<meta name=\"twitter:card\" content=\"summary_large_image\" \/>\n<meta name=\"twitter:label1\" content=\"Gesch\u00e4tzte Lesezeit\" \/>\n\t<meta name=\"twitter:data1\" content=\"1\u00a0Minute\" \/>\n<script type=\"application\/ld+json\" class=\"yoast-schema-graph\">{\"@context\":\"https:\\\/\\\/schema.org\",\"@graph\":[{\"@type\":\"WebPage\",\"@id\":\"https:\\\/\\\/iberice.com\\\/technology\\\/\",\"url\":\"https:\\\/\\\/iberice.com\\\/technology\\\/\",\"name\":\"Technologie - Iberice\",\"isPartOf\":{\"@id\":\"https:\\\/\\\/iberice.com\\\/pt-pt\\\/#website\"},\"primaryImageOfPage\":{\"@id\":\"https:\\\/\\\/iberice.com\\\/technology\\\/#primaryimage\"},\"image\":{\"@id\":\"https:\\\/\\\/iberice.com\\\/technology\\\/#primaryimage\"},\"thumbnailUrl\":\"http:\\\/\\\/iberice.com\\\/wp-content\\\/uploads\\\/2015\\\/06\\\/ice_rink_technology.jpg\",\"datePublished\":\"2015-05-29T19:43:37+00:00\",\"dateModified\":\"2015-09-23T16:38:19+00:00\",\"breadcrumb\":{\"@id\":\"https:\\\/\\\/iberice.com\\\/technology\\\/#breadcrumb\"},\"inLanguage\":\"de\",\"potentialAction\":[{\"@type\":\"ReadAction\",\"target\":[\"https:\\\/\\\/iberice.com\\\/technology\\\/\"]}]},{\"@type\":\"ImageObject\",\"inLanguage\":\"de\",\"@id\":\"https:\\\/\\\/iberice.com\\\/technology\\\/#primaryimage\",\"url\":\"http:\\\/\\\/iberice.com\\\/wp-content\\\/uploads\\\/2015\\\/06\\\/ice_rink_technology.jpg\",\"contentUrl\":\"http:\\\/\\\/iberice.com\\\/wp-content\\\/uploads\\\/2015\\\/06\\\/ice_rink_technology.jpg\"},{\"@type\":\"BreadcrumbList\",\"@id\":\"https:\\\/\\\/iberice.com\\\/technology\\\/#breadcrumb\",\"itemListElement\":[{\"@type\":\"ListItem\",\"position\":1,\"name\":\"Home\",\"item\":\"https:\\\/\\\/iberice.com\\\/fr\\\/\"},{\"@type\":\"ListItem\",\"position\":2,\"name\":\"Technologie\"}]},{\"@type\":\"WebSite\",\"@id\":\"https:\\\/\\\/iberice.com\\\/pt-pt\\\/#website\",\"url\":\"https:\\\/\\\/iberice.com\\\/pt-pt\\\/\",\"name\":\"Iberice\",\"description\":\"Iberice - Flex Fun Ice\",\"potentialAction\":[{\"@type\":\"SearchAction\",\"target\":{\"@type\":\"EntryPoint\",\"urlTemplate\":\"https:\\\/\\\/iberice.com\\\/pt-pt\\\/?s={search_term_string}\"},\"query-input\":{\"@type\":\"PropertyValueSpecification\",\"valueRequired\":true,\"valueName\":\"search_term_string\"}}],\"inLanguage\":\"de\"}]}<\/script>\n<!-- \/ Yoast SEO plugin. -->","yoast_head_json":{"title":"Technologie - Iberice","robots":{"index":"index","follow":"follow","max-snippet":"max-snippet:-1","max-image-preview":"max-image-preview:large","max-video-preview":"max-video-preview:-1"},"canonical":"https:\/\/iberice.com\/technology\/","og_locale":"de_DE","og_type":"article","og_title":"We are Ice Technology","og_description":"The IBERICE\u00ae Tecnology has been developed and tested using the latest R&D process in partnership with INEGI \u2013 Institute of Science and Innovation in Mechanical and Industrial Engineering.","og_url":"https:\/\/iberice.com\/technology\/","og_site_name":"Iberice","article_publisher":"https:\/\/www.facebook.com\/IberIce.IceSolutions","article_modified_time":"2015-09-23T16:38:19+00:00","og_image":[{"url":"http:\/\/iberice.com\/wp-content\/uploads\/2015\/05\/we_are_ice_technology.png","type":"","width":"","height":""}],"twitter_card":"summary_large_image","twitter_misc":{"Gesch\u00e4tzte Lesezeit":"1\u00a0Minute"},"schema":{"@context":"https:\/\/schema.org","@graph":[{"@type":"WebPage","@id":"https:\/\/iberice.com\/technology\/","url":"https:\/\/iberice.com\/technology\/","name":"Technologie - Iberice","isPartOf":{"@id":"https:\/\/iberice.com\/pt-pt\/#website"},"primaryImageOfPage":{"@id":"https:\/\/iberice.com\/technology\/#primaryimage"},"image":{"@id":"https:\/\/iberice.com\/technology\/#primaryimage"},"thumbnailUrl":"http:\/\/iberice.com\/wp-content\/uploads\/2015\/06\/ice_rink_technology.jpg","datePublished":"2015-05-29T19:43:37+00:00","dateModified":"2015-09-23T16:38:19+00:00","breadcrumb":{"@id":"https:\/\/iberice.com\/technology\/#breadcrumb"},"inLanguage":"de","potentialAction":[{"@type":"ReadAction","target":["https:\/\/iberice.com\/technology\/"]}]},{"@type":"ImageObject","inLanguage":"de","@id":"https:\/\/iberice.com\/technology\/#primaryimage","url":"http:\/\/iberice.com\/wp-content\/uploads\/2015\/06\/ice_rink_technology.jpg","contentUrl":"http:\/\/iberice.com\/wp-content\/uploads\/2015\/06\/ice_rink_technology.jpg"},{"@type":"BreadcrumbList","@id":"https:\/\/iberice.com\/technology\/#breadcrumb","itemListElement":[{"@type":"ListItem","position":1,"name":"Home","item":"https:\/\/iberice.com\/fr\/"},{"@type":"ListItem","position":2,"name":"Technologie"}]},{"@type":"WebSite","@id":"https:\/\/iberice.com\/pt-pt\/#website","url":"https:\/\/iberice.com\/pt-pt\/","name":"Iberice","description":"Iberice - Flex Fun Ice","potentialAction":[{"@type":"SearchAction","target":{"@type":"EntryPoint","urlTemplate":"https:\/\/iberice.com\/pt-pt\/?s={search_term_string}"},"query-input":{"@type":"PropertyValueSpecification","valueRequired":true,"valueName":"search_term_string"}}],"inLanguage":"de"}]}},"_links":{"self":[{"href":"https:\/\/iberice.com\/de\/wp-json\/wp\/v2\/pages\/3828","targetHints":{"allow":["GET"]}}],"collection":[{"href":"https:\/\/iberice.com\/de\/wp-json\/wp\/v2\/pages"}],"about":[{"href":"https:\/\/iberice.com\/de\/wp-json\/wp\/v2\/types\/page"}],"author":[{"embeddable":true,"href":"https:\/\/iberice.com\/de\/wp-json\/wp\/v2\/users\/1"}],"replies":[{"embeddable":true,"href":"https:\/\/iberice.com\/de\/wp-json\/wp\/v2\/comments?post=3828"}],"version-history":[{"count":3,"href":"https:\/\/iberice.com\/de\/wp-json\/wp\/v2\/pages\/3828\/revisions"}],"predecessor-version":[{"id":4205,"href":"https:\/\/iberice.com\/de\/wp-json\/wp\/v2\/pages\/3828\/revisions\/4205"}],"wp:attachment":[{"href":"https:\/\/iberice.com\/de\/wp-json\/wp\/v2\/media?parent=3828"}],"curies":[{"name":"wp","href":"https:\/\/api.w.org\/{rel}","templated":true}]}}