{"id":3820,"date":"2015-05-29T21:37:01","date_gmt":"2015-05-29T21:37:01","guid":{"rendered":"http:\/\/iberice.com\/why-us-2\/"},"modified":"2015-09-23T16:32:36","modified_gmt":"2015-09-23T16:32:36","slug":"warum-mit-uns","status":"publish","type":"page","link":"https:\/\/iberice.com\/de\/warum-mit-uns\/","title":{"rendered":"Warum Mit Uns?"},"content":{"rendered":"<div class=\"wpb-content-wrapper\"><p>[vc_row][vc_column width=&#8220;1\/1&#8243;][\/vc_column][\/vc_row][vc_row][vc_column width=&#8220;1\/2&#8243;][vc_column_text]<\/p>\n<h1 style=\"text-align: left;\">IBERICE<\/h1>\n<p>Bringt seit 1998 Spass und Events auf das Eis. \u00dcber 15\u00a0Jahre lang haben wir Erfahrung mit mobilen Eisbahnen f\u00fcr\u00a0Einkaufszentren, kommunale Einrichtungen und andere\u00a0hochfrequentierte Bereiche gewonnen.<\/p>\n<p>Eislaufbahnen eignen sich hervorragend, um mit Freunden\u00a0oder mit der Familie Spass zu haben. Sie sind die fr\u00f6hliche\u00a0Attraktion, die am besten die Kundenfrequenz ankurbelt,\u00a0denn sie bietet den idealen geselligen Treffpunkt!<\/p>\n<p>Heute stellt sich IBERICE jeder Herausforderung abseits\u00a0konventioneller Wege und strebt st\u00e4ndig danach clevere,\u00a0frische und elegante Produkte zu finden, die sich perfekt\u00a0auf die Bed\u00fcrfnisse und W\u00fcnsche unserer Kunden\u00a0einstellen.<\/p>\n<p>&nbsp;<\/p>\n<p style=\"text-align: left;\"><a class=\"omsc-button omsc-no-custom-hover omsc-size-large omsc-style-flat omsc-text-bright\" href=\"http:\/\/iberice.com\/de\/angebot-anfordern\/\" target=\"_parent\" style=\"color:#ffffff\">ANGEBOT ANFORDERN<\/a><a class=\"omsc-button omsc-custom-hover omsc-size-large omsc-style-flat omsc-text-bright\" href=\"http:\/\/iberice.com\/de\/werden-sie-unser-partner\/\" target=\"_parent\" style=\"background-color:#005f8a;border-color:#005f8a;color:#ffffff\" data-hover-bg-color=\"#4d8fad\" data-hover-text-color=\"#ffffff\" data-hover-border-color=\"#4d8fad\">WERDEN SIE UNSER PARTNER<\/a><\/p>\n<p>[\/vc_column_text][\/vc_column][vc_column width=&#8220;1\/2&#8243;][vc_column_text]<img class=\"lazyload size-full wp-image-3558 aligncenter\" data-original=\"http:\/\/iberice.com\/wp-content\/uploads\/2015\/05\/tecnologia_c.jpg\" alt=\"\" width=\"703\" height=\"683\" \/>[\/vc_column_text][\/vc_column][\/vc_row][vc_row][vc_column width=&#8220;1\/2&#8243;][vc_column_text]<img class=\"lazyload size-full wp-image-3527 aligncenter\" data-original=\"http:\/\/iberice.com\/wp-content\/uploads\/2015\/06\/grupo.jpg\" alt=\"\" width=\"750\" height=\"866\" \/>[\/vc_column_text][\/vc_column][vc_column width=&#8220;1\/2&#8243;][vc_column_text]<\/p>\n<h1>WARUM MIT UNS?<\/h1>\n<h3>Iberice verhilft Ihnen zum Erfolg!<\/h3>\n<p>Sie k\u00f6nnen auf unsere jahrelange Erfahrung vertrauen. Wir garantieren\u00a0den Erfolg des Rundum-Designs und des Aufbaus Ihrer Eislaufbahnen\u00a0und anderer Attraktionen auf dem Eis, die Ihre Ertragskraft steigern.<\/p>\n<h3>Iberice bringt Spass mit neuem Schwung!<\/h3>\n<p>Wir bringen innovative L\u00f6sungen f\u00fcr Eislaufbahnen durch\u00a0ultra-bewegliche Anlagen im Baukasten-Prinzip.<br \/>\nEinfache und schnelle Installationen, die sogar f\u00fcr unwahrscheinlich\u00a0hei\u00dfe Umgebungen wie z.B. in Afrika geeignet sind.<br \/>\nAuch in Nachhaltigkeit sind wir auf dem neuesten Stand, da wir aktiv\u00a0Energie- und Wasserverbrauch reduzieren.<\/p>\n<h3>Iberice bedeutet intelligente Flexibilit\u00e4t!<\/h3>\n<p>Wir entwerfen L\u00f6sungen f\u00fcr verschiedene Gesch\u00e4ftsarten sowie clevere\u00a0und vielseitige Verbrauchsprodukte, die wieder verwendet werden\u00a0k\u00f6nnen. Wir garantieren Schl\u00fcsselelemente wie progressives\u00a0Wachstum, Schutz und Sicherheit, damit Ihr Unternehmen weiter\u00a0gedeiht.[\/vc_column_text][\/vc_column][\/vc_row][vc_row css=&#8220;.vc_custom_1432503483069{margin-bottom: 0px !important;padding-top: 55px !important;padding-bottom: 55px !important;background-color: #005f8a !important;}&#8220; full_width=&#8220;stretch_row&#8220;][vc_column width=&#8220;1\/1&#8243;][vc_column_text]<\/p>\n<h1 style=\"text-align: center;\"><span style=\"color: #ffffff;\">SPASS AUF DEM EIS<\/span><\/h1>\n<h4 style=\"text-align: center;\">MIT FLEXIBLEN SUPER-L\u00d6SUNGEN<\/h4>\n<p style=\"text-align: center;\"><div style=\"max-width:600px;margin:0 auto\"><div class=\"omsc-responsive-box omsc-responsive-box-video\"><iframe loading=\"lazy\" src=\"https:\/\/www.youtube.com\/embed\/ToWo9iAnHVw?rel=0&amp;showinfo=0\" width=\"600\" height=\"338\" frameborder=\"0\" allowfullscreen=\"allowfullscreen\"><\/iframe><\/div><\/div>\n<p>[\/vc_column_text][\/vc_column][\/vc_row]<\/p>\n<\/div>","protected":false},"excerpt":{"rendered":"<p>[vc_row][vc_column width=&#8220;1\/1&#8243;][\/vc_column][\/vc_row][vc_row][vc_column width=&#8220;1\/2&#8243;][vc_column_text] IBERICE Bringt seit 1998 Spass und Events auf das Eis. \u00dcber 15\u00a0Jahre lang haben wir Erfahrung mit mobilen Eisbahnen f\u00fcr\u00a0Einkaufszentren, kommunale Einrichtungen&hellip;<\/p>\n<p><a href=\"https:\/\/iberice.com\/de\/warum-mit-uns\/\" class=\"more-link post-excerpt-readmore\">Read more<\/a><\/p>\n","protected":false},"author":1,"featured_media":0,"parent":0,"menu_order":2,"comment_status":"open","ping_status":"open","template":"","meta":{"_exactmetrics_skip_tracking":false,"_exactmetrics_sitenote_active":false,"_exactmetrics_sitenote_note":"","_exactmetrics_sitenote_category":0,"footnotes":""},"class_list":["post-3820","page","type-page","status-publish","hentry"],"yoast_head":"<!-- This site is optimized with the Yoast SEO plugin v27.4 - https:\/\/yoast.com\/product\/yoast-seo-wordpress\/ -->\n<title>Warum Mit Uns? - Iberice<\/title>\n<meta name=\"robots\" content=\"index, follow, max-snippet:-1, max-image-preview:large, max-video-preview:-1\" \/>\n<link rel=\"canonical\" href=\"https:\/\/iberice.com\/why-us\/\" \/>\n<meta property=\"og:locale\" content=\"de_DE\" \/>\n<meta property=\"og:type\" content=\"article\" \/>\n<meta property=\"og:title\" content=\"Why Us?\" \/>\n<meta property=\"og:description\" content=\"Iberice Helps You Succeed! Iberice is Fun Innovation! Iberice is Intelligent Flexibility!\" \/>\n<meta property=\"og:url\" content=\"https:\/\/iberice.com\/why-us\/\" \/>\n<meta property=\"og:site_name\" content=\"Iberice\" \/>\n<meta property=\"article:publisher\" content=\"https:\/\/www.facebook.com\/IberIce.IceSolutions\" \/>\n<meta property=\"article:modified_time\" content=\"2015-09-23T16:32:36+00:00\" \/>\n<meta property=\"og:image\" content=\"http:\/\/iberice.com\/wp-content\/uploads\/2015\/05\/why_us.png\" \/>\n<meta name=\"twitter:card\" content=\"summary_large_image\" \/>\n<meta name=\"twitter:label1\" content=\"Gesch\u00e4tzte Lesezeit\" \/>\n\t<meta name=\"twitter:data1\" content=\"2\u00a0Minuten\" \/>\n<script type=\"application\/ld+json\" class=\"yoast-schema-graph\">{\"@context\":\"https:\\\/\\\/schema.org\",\"@graph\":[{\"@type\":\"WebPage\",\"@id\":\"https:\\\/\\\/iberice.com\\\/why-us\\\/\",\"url\":\"https:\\\/\\\/iberice.com\\\/why-us\\\/\",\"name\":\"Warum Mit Uns? - Iberice\",\"isPartOf\":{\"@id\":\"https:\\\/\\\/iberice.com\\\/pt-pt\\\/#website\"},\"primaryImageOfPage\":{\"@id\":\"https:\\\/\\\/iberice.com\\\/why-us\\\/#primaryimage\"},\"image\":{\"@id\":\"https:\\\/\\\/iberice.com\\\/why-us\\\/#primaryimage\"},\"thumbnailUrl\":\"http:\\\/\\\/iberice.com\\\/wp-content\\\/uploads\\\/2015\\\/05\\\/tecnologia_c.jpg\",\"datePublished\":\"2015-05-29T21:37:01+00:00\",\"dateModified\":\"2015-09-23T16:32:36+00:00\",\"breadcrumb\":{\"@id\":\"https:\\\/\\\/iberice.com\\\/why-us\\\/#breadcrumb\"},\"inLanguage\":\"de\",\"potentialAction\":[{\"@type\":\"ReadAction\",\"target\":[\"https:\\\/\\\/iberice.com\\\/why-us\\\/\"]}]},{\"@type\":\"ImageObject\",\"inLanguage\":\"de\",\"@id\":\"https:\\\/\\\/iberice.com\\\/why-us\\\/#primaryimage\",\"url\":\"http:\\\/\\\/iberice.com\\\/wp-content\\\/uploads\\\/2015\\\/05\\\/tecnologia_c.jpg\",\"contentUrl\":\"http:\\\/\\\/iberice.com\\\/wp-content\\\/uploads\\\/2015\\\/05\\\/tecnologia_c.jpg\"},{\"@type\":\"BreadcrumbList\",\"@id\":\"https:\\\/\\\/iberice.com\\\/why-us\\\/#breadcrumb\",\"itemListElement\":[{\"@type\":\"ListItem\",\"position\":1,\"name\":\"Home\",\"item\":\"https:\\\/\\\/iberice.com\\\/fr\\\/\"},{\"@type\":\"ListItem\",\"position\":2,\"name\":\"Warum Mit Uns?\"}]},{\"@type\":\"WebSite\",\"@id\":\"https:\\\/\\\/iberice.com\\\/pt-pt\\\/#website\",\"url\":\"https:\\\/\\\/iberice.com\\\/pt-pt\\\/\",\"name\":\"Iberice\",\"description\":\"Iberice - Flex Fun Ice\",\"potentialAction\":[{\"@type\":\"SearchAction\",\"target\":{\"@type\":\"EntryPoint\",\"urlTemplate\":\"https:\\\/\\\/iberice.com\\\/pt-pt\\\/?s={search_term_string}\"},\"query-input\":{\"@type\":\"PropertyValueSpecification\",\"valueRequired\":true,\"valueName\":\"search_term_string\"}}],\"inLanguage\":\"de\"}]}<\/script>\n<!-- \/ Yoast SEO plugin. -->","yoast_head_json":{"title":"Warum Mit Uns? - Iberice","robots":{"index":"index","follow":"follow","max-snippet":"max-snippet:-1","max-image-preview":"max-image-preview:large","max-video-preview":"max-video-preview:-1"},"canonical":"https:\/\/iberice.com\/why-us\/","og_locale":"de_DE","og_type":"article","og_title":"Why Us?","og_description":"Iberice Helps You Succeed! Iberice is Fun Innovation! Iberice is Intelligent Flexibility!","og_url":"https:\/\/iberice.com\/why-us\/","og_site_name":"Iberice","article_publisher":"https:\/\/www.facebook.com\/IberIce.IceSolutions","article_modified_time":"2015-09-23T16:32:36+00:00","og_image":[{"url":"http:\/\/iberice.com\/wp-content\/uploads\/2015\/05\/why_us.png","type":"","width":"","height":""}],"twitter_card":"summary_large_image","twitter_misc":{"Gesch\u00e4tzte Lesezeit":"2\u00a0Minuten"},"schema":{"@context":"https:\/\/schema.org","@graph":[{"@type":"WebPage","@id":"https:\/\/iberice.com\/why-us\/","url":"https:\/\/iberice.com\/why-us\/","name":"Warum Mit Uns? - Iberice","isPartOf":{"@id":"https:\/\/iberice.com\/pt-pt\/#website"},"primaryImageOfPage":{"@id":"https:\/\/iberice.com\/why-us\/#primaryimage"},"image":{"@id":"https:\/\/iberice.com\/why-us\/#primaryimage"},"thumbnailUrl":"http:\/\/iberice.com\/wp-content\/uploads\/2015\/05\/tecnologia_c.jpg","datePublished":"2015-05-29T21:37:01+00:00","dateModified":"2015-09-23T16:32:36+00:00","breadcrumb":{"@id":"https:\/\/iberice.com\/why-us\/#breadcrumb"},"inLanguage":"de","potentialAction":[{"@type":"ReadAction","target":["https:\/\/iberice.com\/why-us\/"]}]},{"@type":"ImageObject","inLanguage":"de","@id":"https:\/\/iberice.com\/why-us\/#primaryimage","url":"http:\/\/iberice.com\/wp-content\/uploads\/2015\/05\/tecnologia_c.jpg","contentUrl":"http:\/\/iberice.com\/wp-content\/uploads\/2015\/05\/tecnologia_c.jpg"},{"@type":"BreadcrumbList","@id":"https:\/\/iberice.com\/why-us\/#breadcrumb","itemListElement":[{"@type":"ListItem","position":1,"name":"Home","item":"https:\/\/iberice.com\/fr\/"},{"@type":"ListItem","position":2,"name":"Warum Mit Uns?"}]},{"@type":"WebSite","@id":"https:\/\/iberice.com\/pt-pt\/#website","url":"https:\/\/iberice.com\/pt-pt\/","name":"Iberice","description":"Iberice - Flex Fun Ice","potentialAction":[{"@type":"SearchAction","target":{"@type":"EntryPoint","urlTemplate":"https:\/\/iberice.com\/pt-pt\/?s={search_term_string}"},"query-input":{"@type":"PropertyValueSpecification","valueRequired":true,"valueName":"search_term_string"}}],"inLanguage":"de"}]}},"_links":{"self":[{"href":"https:\/\/iberice.com\/de\/wp-json\/wp\/v2\/pages\/3820","targetHints":{"allow":["GET"]}}],"collection":[{"href":"https:\/\/iberice.com\/de\/wp-json\/wp\/v2\/pages"}],"about":[{"href":"https:\/\/iberice.com\/de\/wp-json\/wp\/v2\/types\/page"}],"author":[{"embeddable":true,"href":"https:\/\/iberice.com\/de\/wp-json\/wp\/v2\/users\/1"}],"replies":[{"embeddable":true,"href":"https:\/\/iberice.com\/de\/wp-json\/wp\/v2\/comments?post=3820"}],"version-history":[{"count":5,"href":"https:\/\/iberice.com\/de\/wp-json\/wp\/v2\/pages\/3820\/revisions"}],"predecessor-version":[{"id":4204,"href":"https:\/\/iberice.com\/de\/wp-json\/wp\/v2\/pages\/3820\/revisions\/4204"}],"wp:attachment":[{"href":"https:\/\/iberice.com\/de\/wp-json\/wp\/v2\/media?parent=3820"}],"curies":[{"name":"wp","href":"https:\/\/api.w.org\/{rel}","templated":true}]}}